{"id":9,"date":"2023-11-10T17:40:23","date_gmt":"2023-11-10T16:40:23","guid":{"rendered":"http:\/\/fredavelle.fr\/?page_id=9"},"modified":"2026-01-12T11:37:56","modified_gmt":"2026-01-12T10:37:56","slug":"domaine-fredavelle-aix-en-provence","status":"publish","type":"page","link":"https:\/\/fredavelle.fr\/","title":{"rendered":"ACCUEIL"},"content":{"rendered":"\n<hr class=\"wp-block-separator has-text-color has-white-color has-alpha-channel-opacity has-white-background-color has-background\"\/>\n\n\n\n<div class=\"wp-block-media-text alignfull has-media-on-the-right is-stacked-on-mobile is-image-fill-element\"><div class=\"wp-block-media-text__content\">\n<hr class=\"wp-block-separator has-text-color has-white-color has-alpha-channel-opacity has-white-background-color has-background\"\/>\n\n\n\n<hr class=\"wp-block-separator has-text-color has-white-color has-alpha-channel-opacity has-white-background-color has-background\"\/>\n\n\n\n<hr class=\"wp-block-separator has-text-color has-white-color has-alpha-channel-opacity has-white-background-color has-background\"\/>\n\n\n\n<p style=\"font-size:clamp(14px, 0.875rem + ((1vw - 3.2px) * 0.265), 17px);\"><strong>\u00c0 10 MINUTES D&#8217;AIX-EN-PROVENCE<br><\/strong>au c\u0153ur de la Provence, le Domaine Fredavelle compte 25 hectares de vignes \u00e9tendues sur l\u2019aire d\u2019appellation des Coteaux d\u2019Aix-en-Provence | d\u00e9gustation d\u00e9couverte dans un espace intimiste offrant une vue imprenable sur les vignes de la propri\u00e9t\u00e9<\/p>\n\n\n\n<hr class=\"wp-block-separator has-text-color has-white-color has-alpha-channel-opacity has-white-background-color has-background\"\/>\n\n\n\n<hr class=\"wp-block-separator has-text-color has-white-color has-alpha-channel-opacity has-white-background-color has-background\"\/>\n\n\n\n<hr class=\"wp-block-separator has-text-color has-white-color has-alpha-channel-opacity has-white-background-color has-background\"\/>\n<\/div><figure class=\"wp-block-media-text__media\"><img loading=\"lazy\" decoding=\"async\" width=\"1024\" height=\"409\" src=\"https:\/\/fredavelle.fr\/wp-content\/uploads\/2023\/10\/PDV-pour-site-1024x409.png\" alt=\"Domaine Fredavelle vue du ciel \" class=\"wp-image-2901 size-full\" style=\"object-position:66% 55%\" srcset=\"https:\/\/fredavelle.fr\/wp-content\/uploads\/2023\/10\/PDV-pour-site-1024x409.png 1024w, https:\/\/fredavelle.fr\/wp-content\/uploads\/2023\/10\/PDV-pour-site-300x120.png 300w, https:\/\/fredavelle.fr\/wp-content\/uploads\/2023\/10\/PDV-pour-site-768x307.png 768w, https:\/\/fredavelle.fr\/wp-content\/uploads\/2023\/10\/PDV-pour-site-1536x614.png 1536w, https:\/\/fredavelle.fr\/wp-content\/uploads\/2023\/10\/PDV-pour-site.png 1920w\" sizes=\"auto, (max-width: 1024px) 100vw, 1024px\" \/><\/figure><\/div>\n\n\n\n<div class=\"wp-block-media-text alignfull is-stacked-on-mobile is-image-fill-element\"><figure class=\"wp-block-media-text__media\"><img loading=\"lazy\" decoding=\"async\" width=\"1024\" height=\"684\" src=\"https:\/\/fredavelle.fr\/wp-content\/uploads\/2023\/08\/email-jus-1024x684.jpg\" alt=\"\" class=\"wp-image-2671 size-full\" style=\"object-position:50% 50%\" srcset=\"https:\/\/fredavelle.fr\/wp-content\/uploads\/2023\/08\/email-jus-1024x684.jpg 1024w, https:\/\/fredavelle.fr\/wp-content\/uploads\/2023\/08\/email-jus-300x200.jpg 300w, https:\/\/fredavelle.fr\/wp-content\/uploads\/2023\/08\/email-jus-768x513.jpg 768w, https:\/\/fredavelle.fr\/wp-content\/uploads\/2023\/08\/email-jus-1536x1025.jpg 1536w, https:\/\/fredavelle.fr\/wp-content\/uploads\/2023\/08\/email-jus-2048x1367.jpg 2048w, https:\/\/fredavelle.fr\/wp-content\/uploads\/2023\/08\/email-jus-900x601.jpg 900w, https:\/\/fredavelle.fr\/wp-content\/uploads\/2023\/08\/email-jus-1280x854.jpg 1280w\" sizes=\"auto, (max-width: 1024px) 100vw, 1024px\" \/><\/figure><div class=\"wp-block-media-text__content\">\n<hr class=\"wp-block-separator has-text-color has-white-color has-alpha-channel-opacity has-white-background-color has-background\"\/>\n\n\n\n<hr class=\"wp-block-separator has-text-color has-white-color has-alpha-channel-opacity has-white-background-color has-background\"\/>\n\n\n\n<hr class=\"wp-block-separator has-text-color has-white-color has-alpha-channel-opacity has-white-background-color has-background\"\/>\n\n\n\n<p style=\"font-size:clamp(14px, 0.875rem + ((1vw - 3.2px) * 0.265), 17px);\"><strong>AUTHENTICIT\u00c9 DU TERROIR<\/strong><br>le vignoble, cultiv\u00e9 selon les principes de l&#8217;agriculture biologique, se d\u00e9ploie dans un \u00e9crin pr\u00e9serv\u00e9 | les vignes s&#8217;\u00e9quilibrent entre plaines, vallons et for\u00eat m\u00e9diterran\u00e9enne | un terroir d&#8217;identit\u00e9 pr\u00e9serv\u00e9 r\u00e9v\u00e9lant des vins frais et spontan\u00e9s, dans leur singularit\u00e9<\/p>\n\n\n\n<hr class=\"wp-block-separator has-text-color has-white-color has-alpha-channel-opacity has-white-background-color has-background\"\/>\n\n\n\n<hr class=\"wp-block-separator has-text-color has-white-color has-alpha-channel-opacity has-white-background-color has-background\"\/>\n\n\n\n<hr class=\"wp-block-separator has-text-color has-white-color has-alpha-channel-opacity has-white-background-color has-background\"\/>\n<\/div><\/div>\n\n\n\n<hr class=\"wp-block-separator has-text-color has-white-color has-alpha-channel-opacity has-white-background-color has-background\"\/>\n\n\n\n<div class=\"wp-block-cover alignfull is-light\" style=\"min-height:147px;aspect-ratio:unset;\"><span aria-hidden=\"true\" class=\"wp-block-cover__background has-white-background-color has-background-dim-100 has-background-dim\"><\/span><div class=\"wp-block-cover__inner-container has-global-padding is-layout-constrained wp-container-core-cover-is-layout-19e250f3 wp-block-cover-is-layout-constrained\">\n<p class=\"has-text-align-left has-black-color has-text-color\" style=\"font-size:clamp(21.536px, 1.346rem + ((1vw - 3.2px) * 1.192), 35px);text-transform:none\">Cr\u00e9er, c&#8217;est vivre en mouvement<\/p>\n\n\n\n<p><em>Au Domaine Fredavelle, rien n\u2019est fig\u00e9.<\/em><br><em>La nature change, les saisons passent, les envies \u00e9voluent.<br>Nos vins aussi.<\/em><\/p>\n\n\n\n<p><\/p>\n\n\n\n<p><em>Nous croyons aux cr\u00e9ations libres, capables de s\u2019adapter sans se trahir,<\/em><br><em>\u00e0 l\u2019\u00e9coute de leur \u00e9poque et fid\u00e8les \u00e0 leur terre.<\/em><br><em>Des vins sinc\u00e8res, intuitifs, audacieux.<\/em><\/p>\n\n\n\n<p><\/p>\n\n\n\n<p><em>Imaginer de nouvelles cuv\u00e9es, faire bouger les codes\u2026<\/em><br><em>c\u2019est raconter notre histoire : celle d\u2019un domaine qui avance, respire,<br>redessine chaque mill\u00e9sime.<\/em><\/p>\n\n\n\n<p><\/p>\n\n\n\n<p><em>Ici, le vin se partage dans sa simplicit\u00e9.<\/em><br><em>Un lieu, un instant, une \u00e9motion.<\/em><br><em>\u00c0 la crois\u00e9e de ce que nous sommes \u2013 artisans de la terre \u2013<br>et de ceux qui nous go\u00fbtent.<\/em><\/p>\n\n\n\n<p><\/p>\n\n\n\n<p><em>Fredavelle.<\/em><br><em>Un domaine en mouvement, inspir\u00e9 par la nature, enracin\u00e9 dans son temps.<\/em><\/p>\n<\/div><\/div>\n\n\n\n<div class=\"wp-block-cover alignfull is-light\" style=\"min-height:221px;aspect-ratio:unset;\"><span aria-hidden=\"true\" class=\"wp-block-cover__background has-white-background-color has-background-dim-100 has-background-dim\"><\/span><div class=\"wp-block-cover__inner-container has-global-padding is-layout-constrained wp-block-cover-is-layout-constrained\">\n<p class=\"has-text-align-center has-black-color has-text-color\" style=\"font-size:clamp(21.536px, 1.346rem + ((1vw - 3.2px) * 1.192), 35px);text-transform:uppercase\"><strong>ROUGES <\/strong>DE CARACT\u00e8RE Happy <strong>PET\u2019NAT\u2019<\/strong> ROS\u00c9S<strong> <\/strong>VIVANTS <strong>Ros\u00e9s <\/strong>Diff\u00e9rents <strong>blancs <\/strong>ATYPIQUES et incontournables<\/p>\n<\/div><\/div>\n\n\n\n<figure class=\"wp-block-image alignfull size-full\"><img loading=\"lazy\" decoding=\"async\" width=\"2560\" height=\"997\" src=\"https:\/\/fredavelle.fr\/wp-content\/uploads\/2024\/09\/Photo-Domaine-coupee-pour-site-web-scaled.jpg\" alt=\"Vue sur le Domaine Fredavelle\" class=\"wp-image-4700\" srcset=\"https:\/\/fredavelle.fr\/wp-content\/uploads\/2024\/09\/Photo-Domaine-coupee-pour-site-web-scaled.jpg 2560w, https:\/\/fredavelle.fr\/wp-content\/uploads\/2024\/09\/Photo-Domaine-coupee-pour-site-web-300x117.jpg 300w, https:\/\/fredavelle.fr\/wp-content\/uploads\/2024\/09\/Photo-Domaine-coupee-pour-site-web-1024x399.jpg 1024w, https:\/\/fredavelle.fr\/wp-content\/uploads\/2024\/09\/Photo-Domaine-coupee-pour-site-web-2000x779.jpg 2000w, https:\/\/fredavelle.fr\/wp-content\/uploads\/2024\/09\/Photo-Domaine-coupee-pour-site-web-scaled-1536x598.jpg 1536w, https:\/\/fredavelle.fr\/wp-content\/uploads\/2024\/09\/Photo-Domaine-coupee-pour-site-web-scaled-2048x798.jpg 2048w\" sizes=\"auto, (max-width: 2560px) 100vw, 2560px\" \/><\/figure>\n","protected":false},"excerpt":{"rendered":"","protected":false},"author":1,"featured_media":0,"parent":0,"menu_order":0,"comment_status":"closed","ping_status":"closed","template":"page-templates\/homepage-builder-bb.php","meta":{"_uag_custom_page_level_css":"","inspiro_hide_title":false,"footnotes":""},"class_list":["post-9","page","type-page","status-publish","hentry"],"yoast_head":"<!-- This site is optimized with the Yoast SEO plugin v27.4 - https:\/\/yoast.com\/product\/yoast-seo-wordpress\/ -->\n<title>Domaine Fredavelle | coteaux d&#039;aix-en-provence<\/title>\n<meta name=\"description\" content=\"Domaine Fredavelle, vignoble bio \u00e0 10 min d\u2019Aix-en-Provence : d\u00e9gustations intimistes avec vue sur les vignes du domaine.\" \/>\n<meta name=\"robots\" content=\"index, follow, max-snippet:-1, max-image-preview:large, max-video-preview:-1\" \/>\n<link rel=\"canonical\" href=\"https:\/\/fredavelle.fr\/\" \/>\n<meta property=\"og:locale\" content=\"fr_FR\" \/>\n<meta property=\"og:type\" content=\"article\" \/>\n<meta property=\"og:title\" content=\"Domaine Fredavelle | coteaux d&#039;aix-en-provence\" \/>\n<meta property=\"og:description\" content=\"Domaine Fredavelle, vignoble bio \u00e0 10 min d\u2019Aix-en-Provence : d\u00e9gustations intimistes avec vue sur les vignes du domaine.\" \/>\n<meta property=\"og:url\" content=\"https:\/\/fredavelle.fr\/\" \/>\n<meta property=\"article:publisher\" content=\"https:\/\/www.facebook.com\/domainefredavelle\" \/>\n<meta property=\"article:modified_time\" content=\"2026-01-12T10:37:56+00:00\" \/>\n<meta property=\"og:image\" content=\"https:\/\/fredavelle.fr\/wp-content\/uploads\/2023\/10\/PDV-pour-site-1024x409.png\" \/>\n\t<meta property=\"og:image:width\" content=\"1024\" \/>\n\t<meta property=\"og:image:height\" content=\"409\" \/>\n\t<meta property=\"og:image:type\" content=\"image\/png\" \/>\n<meta name=\"twitter:card\" content=\"summary_large_image\" \/>\n<meta name=\"twitter:label1\" content=\"Dur\u00e9e de lecture estim\u00e9e\" \/>\n\t<meta name=\"twitter:data1\" content=\"2 minutes\" \/>\n<script type=\"application\/ld+json\" class=\"yoast-schema-graph\">{\"@context\":\"https:\\\/\\\/schema.org\",\"@graph\":[{\"@type\":\"WebPage\",\"@id\":\"https:\\\/\\\/fredavelle.fr\\\/\",\"url\":\"https:\\\/\\\/fredavelle.fr\\\/\",\"name\":\"Domaine Fredavelle | coteaux d'aix-en-provence\",\"isPartOf\":{\"@id\":\"https:\\\/\\\/fredavelle.fr\\\/#website\"},\"primaryImageOfPage\":{\"@id\":\"https:\\\/\\\/fredavelle.fr\\\/#primaryimage\"},\"image\":{\"@id\":\"https:\\\/\\\/fredavelle.fr\\\/#primaryimage\"},\"thumbnailUrl\":\"https:\\\/\\\/fredavelle.fr\\\/wp-content\\\/uploads\\\/2023\\\/10\\\/PDV-pour-site-1024x409.png\",\"datePublished\":\"2023-11-10T16:40:23+00:00\",\"dateModified\":\"2026-01-12T10:37:56+00:00\",\"description\":\"Domaine Fredavelle, vignoble bio \u00e0 10 min d\u2019Aix-en-Provence : d\u00e9gustations intimistes avec vue sur les vignes du domaine.\",\"breadcrumb\":{\"@id\":\"https:\\\/\\\/fredavelle.fr\\\/#breadcrumb\"},\"inLanguage\":\"fr-FR\",\"potentialAction\":[{\"@type\":\"ReadAction\",\"target\":[\"https:\\\/\\\/fredavelle.fr\\\/\"]}]},{\"@type\":\"ImageObject\",\"inLanguage\":\"fr-FR\",\"@id\":\"https:\\\/\\\/fredavelle.fr\\\/#primaryimage\",\"url\":\"https:\\\/\\\/fredavelle.fr\\\/wp-content\\\/uploads\\\/2023\\\/10\\\/PDV-pour-site.png\",\"contentUrl\":\"https:\\\/\\\/fredavelle.fr\\\/wp-content\\\/uploads\\\/2023\\\/10\\\/PDV-pour-site.png\",\"width\":1920,\"height\":767},{\"@type\":\"BreadcrumbList\",\"@id\":\"https:\\\/\\\/fredavelle.fr\\\/#breadcrumb\",\"itemListElement\":[{\"@type\":\"ListItem\",\"position\":1,\"name\":\"Accueil\",\"item\":\"https:\\\/\\\/fredavelle.fr\\\/\"},{\"@type\":\"ListItem\",\"position\":2,\"name\":\"ACCUEIL\"}]},{\"@type\":\"WebSite\",\"@id\":\"https:\\\/\\\/fredavelle.fr\\\/#website\",\"url\":\"https:\\\/\\\/fredavelle.fr\\\/\",\"name\":\"Domaine Fredavelle\",\"description\":\"vignerons en coteaux d&#039;aix-en-provence\",\"publisher\":{\"@id\":\"https:\\\/\\\/fredavelle.fr\\\/#organization\"},\"potentialAction\":[{\"@type\":\"SearchAction\",\"target\":{\"@type\":\"EntryPoint\",\"urlTemplate\":\"https:\\\/\\\/fredavelle.fr\\\/?s={search_term_string}\"},\"query-input\":{\"@type\":\"PropertyValueSpecification\",\"valueRequired\":true,\"valueName\":\"search_term_string\"}}],\"inLanguage\":\"fr-FR\"},{\"@type\":\"Organization\",\"@id\":\"https:\\\/\\\/fredavelle.fr\\\/#organization\",\"name\":\"Domaine Fredavelle\",\"url\":\"https:\\\/\\\/fredavelle.fr\\\/\",\"logo\":{\"@type\":\"ImageObject\",\"inLanguage\":\"fr-FR\",\"@id\":\"https:\\\/\\\/fredavelle.fr\\\/#\\\/schema\\\/logo\\\/image\\\/\",\"url\":\"https:\\\/\\\/fredavelle.fr\\\/wp-content\\\/uploads\\\/2024\\\/08\\\/logo-pied-de-page-313.png\",\"contentUrl\":\"https:\\\/\\\/fredavelle.fr\\\/wp-content\\\/uploads\\\/2024\\\/08\\\/logo-pied-de-page-313.png\",\"width\":313,\"height\":313,\"caption\":\"Domaine Fredavelle\"},\"image\":{\"@id\":\"https:\\\/\\\/fredavelle.fr\\\/#\\\/schema\\\/logo\\\/image\\\/\"},\"sameAs\":[\"https:\\\/\\\/www.facebook.com\\\/domainefredavelle\",\"https:\\\/\\\/www.instagram.com\\\/domainefredavelle\"]}]}<\/script>\n<!-- \/ Yoast SEO plugin. -->","yoast_head_json":{"title":"Domaine Fredavelle | coteaux d'aix-en-provence","description":"Domaine Fredavelle, vignoble bio \u00e0 10 min d\u2019Aix-en-Provence : d\u00e9gustations intimistes avec vue sur les vignes du domaine.","robots":{"index":"index","follow":"follow","max-snippet":"max-snippet:-1","max-image-preview":"max-image-preview:large","max-video-preview":"max-video-preview:-1"},"canonical":"https:\/\/fredavelle.fr\/","og_locale":"fr_FR","og_type":"article","og_title":"Domaine Fredavelle | coteaux d'aix-en-provence","og_description":"Domaine Fredavelle, vignoble bio \u00e0 10 min d\u2019Aix-en-Provence : d\u00e9gustations intimistes avec vue sur les vignes du domaine.","og_url":"https:\/\/fredavelle.fr\/","article_publisher":"https:\/\/www.facebook.com\/domainefredavelle","article_modified_time":"2026-01-12T10:37:56+00:00","og_image":[{"width":1024,"height":409,"url":"https:\/\/fredavelle.fr\/wp-content\/uploads\/2023\/10\/PDV-pour-site-1024x409.png","type":"image\/png"}],"twitter_card":"summary_large_image","twitter_misc":{"Dur\u00e9e de lecture estim\u00e9e":"2 minutes"},"schema":{"@context":"https:\/\/schema.org","@graph":[{"@type":"WebPage","@id":"https:\/\/fredavelle.fr\/","url":"https:\/\/fredavelle.fr\/","name":"Domaine Fredavelle | coteaux d'aix-en-provence","isPartOf":{"@id":"https:\/\/fredavelle.fr\/#website"},"primaryImageOfPage":{"@id":"https:\/\/fredavelle.fr\/#primaryimage"},"image":{"@id":"https:\/\/fredavelle.fr\/#primaryimage"},"thumbnailUrl":"https:\/\/fredavelle.fr\/wp-content\/uploads\/2023\/10\/PDV-pour-site-1024x409.png","datePublished":"2023-11-10T16:40:23+00:00","dateModified":"2026-01-12T10:37:56+00:00","description":"Domaine Fredavelle, vignoble bio \u00e0 10 min d\u2019Aix-en-Provence : d\u00e9gustations intimistes avec vue sur les vignes du domaine.","breadcrumb":{"@id":"https:\/\/fredavelle.fr\/#breadcrumb"},"inLanguage":"fr-FR","potentialAction":[{"@type":"ReadAction","target":["https:\/\/fredavelle.fr\/"]}]},{"@type":"ImageObject","inLanguage":"fr-FR","@id":"https:\/\/fredavelle.fr\/#primaryimage","url":"https:\/\/fredavelle.fr\/wp-content\/uploads\/2023\/10\/PDV-pour-site.png","contentUrl":"https:\/\/fredavelle.fr\/wp-content\/uploads\/2023\/10\/PDV-pour-site.png","width":1920,"height":767},{"@type":"BreadcrumbList","@id":"https:\/\/fredavelle.fr\/#breadcrumb","itemListElement":[{"@type":"ListItem","position":1,"name":"Accueil","item":"https:\/\/fredavelle.fr\/"},{"@type":"ListItem","position":2,"name":"ACCUEIL"}]},{"@type":"WebSite","@id":"https:\/\/fredavelle.fr\/#website","url":"https:\/\/fredavelle.fr\/","name":"Domaine Fredavelle","description":"vignerons en coteaux d&#039;aix-en-provence","publisher":{"@id":"https:\/\/fredavelle.fr\/#organization"},"potentialAction":[{"@type":"SearchAction","target":{"@type":"EntryPoint","urlTemplate":"https:\/\/fredavelle.fr\/?s={search_term_string}"},"query-input":{"@type":"PropertyValueSpecification","valueRequired":true,"valueName":"search_term_string"}}],"inLanguage":"fr-FR"},{"@type":"Organization","@id":"https:\/\/fredavelle.fr\/#organization","name":"Domaine Fredavelle","url":"https:\/\/fredavelle.fr\/","logo":{"@type":"ImageObject","inLanguage":"fr-FR","@id":"https:\/\/fredavelle.fr\/#\/schema\/logo\/image\/","url":"https:\/\/fredavelle.fr\/wp-content\/uploads\/2024\/08\/logo-pied-de-page-313.png","contentUrl":"https:\/\/fredavelle.fr\/wp-content\/uploads\/2024\/08\/logo-pied-de-page-313.png","width":313,"height":313,"caption":"Domaine Fredavelle"},"image":{"@id":"https:\/\/fredavelle.fr\/#\/schema\/logo\/image\/"},"sameAs":["https:\/\/www.facebook.com\/domainefredavelle","https:\/\/www.instagram.com\/domainefredavelle"]}]}},"uagb_featured_image_src":{"full":false,"thumbnail":false,"medium":false,"medium_large":false,"large":false,"1536x1536":false,"2048x2048":false,"inspiro-featured-image":false,"inspiro-loop":false,"inspiro-loop@2x":false,"tlp-portfolio-thumb":false},"uagb_author_info":{"display_name":"Domaine Fredavelle","author_link":"https:\/\/fredavelle.fr\/index.php\/author\/wordpress-owi\/"},"uagb_comment_info":0,"uagb_excerpt":null,"_links":{"self":[{"href":"https:\/\/fredavelle.fr\/index.php\/wp-json\/wp\/v2\/pages\/9","targetHints":{"allow":["GET"]}}],"collection":[{"href":"https:\/\/fredavelle.fr\/index.php\/wp-json\/wp\/v2\/pages"}],"about":[{"href":"https:\/\/fredavelle.fr\/index.php\/wp-json\/wp\/v2\/types\/page"}],"author":[{"embeddable":true,"href":"https:\/\/fredavelle.fr\/index.php\/wp-json\/wp\/v2\/users\/1"}],"replies":[{"embeddable":true,"href":"https:\/\/fredavelle.fr\/index.php\/wp-json\/wp\/v2\/comments?post=9"}],"version-history":[{"count":100,"href":"https:\/\/fredavelle.fr\/index.php\/wp-json\/wp\/v2\/pages\/9\/revisions"}],"predecessor-version":[{"id":5580,"href":"https:\/\/fredavelle.fr\/index.php\/wp-json\/wp\/v2\/pages\/9\/revisions\/5580"}],"wp:attachment":[{"href":"https:\/\/fredavelle.fr\/index.php\/wp-json\/wp\/v2\/media?parent=9"}],"curies":[{"name":"wp","href":"https:\/\/api.w.org\/{rel}","templated":true}]}}