{"id":87,"date":"2023-11-10T17:27:24","date_gmt":"2023-11-10T16:27:24","guid":{"rendered":"http:\/\/fredavelle.fr\/?page_id=87"},"modified":"2024-08-01T17:30:33","modified_gmt":"2024-08-01T15:30:33","slug":"contact","status":"publish","type":"page","link":"https:\/\/fredavelle.fr\/index.php\/contact\/","title":{"rendered":"CONTACT"},"content":{"rendered":"<p style=\"text-align: center;\"><strong>&#8211; ADRESSE\u00a0&#8211;<\/strong><br \/>\nDOMAINE FREDAVELLE<br \/>\n1250 Route de Pelissanne, CD17<br \/>\n13510 EGUILLES<\/p>\n<p style=\"text-align: center;\"><strong>&#8211;\u00a0COORDONNEES GPS\u00a0&#8211;<\/strong><br \/>\nLatitude :\u00a043.580375 |\u00a0Longitude :\u00a05.330129<\/p>\n<p style=\"text-align: center;\"><strong>&#8211; CONTACT &#8211;<\/strong><br \/>\nT\u00e9l : +33(0)4 42 92 38 29<br \/>\nEmail : <a href=\"mailto:domaine@fredavelle.fr\">domaine@fredavelle.fr<\/a><\/p>\n<p style=\"text-align: center;\"><em>N&#8217;h\u00e9sitez pas \u00e0 nous envoyer un email pour toute demande d&#8217;information,<br \/>\n<\/em><em>nous vous r\u00e9pondrons dans les plus brefs d\u00e9lais.<\/em><\/p>\n<p style=\"text-align: center;\"><strong>&#8211; HORAIRES D&#8217;OUVERTURE &#8211;<\/strong><br \/>\nDu lundi au vendredi 8H30-12H \/ 14H-18H,<br \/>\nsamedi 10H-12H \/ 15H-18H (ferm\u00e9 les samedis de janvier, f\u00e9vrier, mars).<br \/>\nFerm\u00e9 dimanche et jours f\u00e9ri\u00e9s.<br \/>\nD\u00e9gustation, vente et possibilit\u00e9 de consommation sur place. Pour une visite comment\u00e9e, merci de prendre RDV au pr\u00e9alable.<\/p>\n","protected":false},"excerpt":{"rendered":"<p>&#8211; ADRESSE\u00a0&#8211; DOMAINE FREDAVELLE 1250 Route de Pelissanne, CD17 13510 EGUILLES &#8211;\u00a0COORDONNEES GPS\u00a0&#8211; Latitude :\u00a043.580375 |\u00a0Longitude :\u00a05.330129 &#8211; CONTACT &#8211; T\u00e9l : +33(0)4 42 92 38 29 Email : domaine@fredavelle.fr &hellip; <\/p>\n<p class=\"link-more\"><a href=\"https:\/\/fredavelle.fr\/index.php\/contact\/\" class=\"more-link\">Lire la suite de<span class=\"screen-reader-text\">\u00ab\u00a0CONTACT\u00a0\u00bb<\/span><\/a><\/p>\n","protected":false},"author":1,"featured_media":0,"parent":0,"menu_order":3,"comment_status":"closed","ping_status":"closed","template":"page-templates\/no-title.php","meta":{"_uag_custom_page_level_css":"","inspiro_hide_title":false,"footnotes":""},"class_list":["post-87","page","type-page","status-publish","hentry"],"yoast_head":"<!-- This site is optimized with the Yoast SEO plugin v27.4 - https:\/\/yoast.com\/product\/yoast-seo-wordpress\/ -->\n<title>CONTACT<\/title>\n<meta name=\"robots\" content=\"index, follow, max-snippet:-1, max-image-preview:large, max-video-preview:-1\" \/>\n<link rel=\"canonical\" href=\"https:\/\/fredavelle.fr\/index.php\/contact\/\" \/>\n<meta property=\"og:locale\" content=\"fr_FR\" \/>\n<meta property=\"og:type\" content=\"article\" \/>\n<meta property=\"og:title\" content=\"CONTACT\" \/>\n<meta property=\"og:description\" content=\"&#8211; ADRESSE\u00a0&#8211; DOMAINE FREDAVELLE 1250 Route de Pelissanne, CD17 13510 EGUILLES &#8211;\u00a0COORDONNEES GPS\u00a0&#8211; Latitude :\u00a043.580375 |\u00a0Longitude :\u00a05.330129 &#8211; CONTACT &#8211; T\u00e9l : +33(0)4 42 92 38 29 Email : domaine@fredavelle.fr &hellip; Lire la suite de\u00ab\u00a0CONTACT\u00a0\u00bb\" \/>\n<meta property=\"og:url\" content=\"https:\/\/fredavelle.fr\/index.php\/contact\/\" \/>\n<meta property=\"article:publisher\" content=\"https:\/\/www.facebook.com\/domainefredavelle\" \/>\n<meta property=\"article:modified_time\" content=\"2024-08-01T15:30:33+00:00\" \/>\n<meta name=\"twitter:card\" content=\"summary_large_image\" \/>\n<script type=\"application\/ld+json\" class=\"yoast-schema-graph\">{\"@context\":\"https:\\\/\\\/schema.org\",\"@graph\":[{\"@type\":\"WebPage\",\"@id\":\"https:\\\/\\\/fredavelle.fr\\\/index.php\\\/contact\\\/\",\"url\":\"https:\\\/\\\/fredavelle.fr\\\/index.php\\\/contact\\\/\",\"name\":\"CONTACT\",\"isPartOf\":{\"@id\":\"https:\\\/\\\/fredavelle.fr\\\/#website\"},\"datePublished\":\"2023-11-10T16:27:24+00:00\",\"dateModified\":\"2024-08-01T15:30:33+00:00\",\"breadcrumb\":{\"@id\":\"https:\\\/\\\/fredavelle.fr\\\/index.php\\\/contact\\\/#breadcrumb\"},\"inLanguage\":\"fr-FR\",\"potentialAction\":[{\"@type\":\"ReadAction\",\"target\":[\"https:\\\/\\\/fredavelle.fr\\\/index.php\\\/contact\\\/\"]}]},{\"@type\":\"BreadcrumbList\",\"@id\":\"https:\\\/\\\/fredavelle.fr\\\/index.php\\\/contact\\\/#breadcrumb\",\"itemListElement\":[{\"@type\":\"ListItem\",\"position\":1,\"name\":\"Accueil\",\"item\":\"https:\\\/\\\/fredavelle.fr\\\/\"},{\"@type\":\"ListItem\",\"position\":2,\"name\":\"CONTACT\"}]},{\"@type\":\"WebSite\",\"@id\":\"https:\\\/\\\/fredavelle.fr\\\/#website\",\"url\":\"https:\\\/\\\/fredavelle.fr\\\/\",\"name\":\"Domaine Fredavelle\",\"description\":\"vignerons en coteaux d&#039;aix-en-provence\",\"publisher\":{\"@id\":\"https:\\\/\\\/fredavelle.fr\\\/#organization\"},\"potentialAction\":[{\"@type\":\"SearchAction\",\"target\":{\"@type\":\"EntryPoint\",\"urlTemplate\":\"https:\\\/\\\/fredavelle.fr\\\/?s={search_term_string}\"},\"query-input\":{\"@type\":\"PropertyValueSpecification\",\"valueRequired\":true,\"valueName\":\"search_term_string\"}}],\"inLanguage\":\"fr-FR\"},{\"@type\":\"Organization\",\"@id\":\"https:\\\/\\\/fredavelle.fr\\\/#organization\",\"name\":\"Domaine Fredavelle\",\"url\":\"https:\\\/\\\/fredavelle.fr\\\/\",\"logo\":{\"@type\":\"ImageObject\",\"inLanguage\":\"fr-FR\",\"@id\":\"https:\\\/\\\/fredavelle.fr\\\/#\\\/schema\\\/logo\\\/image\\\/\",\"url\":\"https:\\\/\\\/fredavelle.fr\\\/wp-content\\\/uploads\\\/2024\\\/08\\\/logo-pied-de-page-313.png\",\"contentUrl\":\"https:\\\/\\\/fredavelle.fr\\\/wp-content\\\/uploads\\\/2024\\\/08\\\/logo-pied-de-page-313.png\",\"width\":313,\"height\":313,\"caption\":\"Domaine Fredavelle\"},\"image\":{\"@id\":\"https:\\\/\\\/fredavelle.fr\\\/#\\\/schema\\\/logo\\\/image\\\/\"},\"sameAs\":[\"https:\\\/\\\/www.facebook.com\\\/domainefredavelle\",\"https:\\\/\\\/www.instagram.com\\\/domainefredavelle\"]}]}<\/script>\n<!-- \/ Yoast SEO plugin. -->","yoast_head_json":{"title":"CONTACT","robots":{"index":"index","follow":"follow","max-snippet":"max-snippet:-1","max-image-preview":"max-image-preview:large","max-video-preview":"max-video-preview:-1"},"canonical":"https:\/\/fredavelle.fr\/index.php\/contact\/","og_locale":"fr_FR","og_type":"article","og_title":"CONTACT","og_description":"&#8211; ADRESSE\u00a0&#8211; DOMAINE FREDAVELLE 1250 Route de Pelissanne, CD17 13510 EGUILLES &#8211;\u00a0COORDONNEES GPS\u00a0&#8211; Latitude :\u00a043.580375 |\u00a0Longitude :\u00a05.330129 &#8211; CONTACT &#8211; T\u00e9l : +33(0)4 42 92 38 29 Email : domaine@fredavelle.fr &hellip; Lire la suite de\u00ab\u00a0CONTACT\u00a0\u00bb","og_url":"https:\/\/fredavelle.fr\/index.php\/contact\/","article_publisher":"https:\/\/www.facebook.com\/domainefredavelle","article_modified_time":"2024-08-01T15:30:33+00:00","twitter_card":"summary_large_image","schema":{"@context":"https:\/\/schema.org","@graph":[{"@type":"WebPage","@id":"https:\/\/fredavelle.fr\/index.php\/contact\/","url":"https:\/\/fredavelle.fr\/index.php\/contact\/","name":"CONTACT","isPartOf":{"@id":"https:\/\/fredavelle.fr\/#website"},"datePublished":"2023-11-10T16:27:24+00:00","dateModified":"2024-08-01T15:30:33+00:00","breadcrumb":{"@id":"https:\/\/fredavelle.fr\/index.php\/contact\/#breadcrumb"},"inLanguage":"fr-FR","potentialAction":[{"@type":"ReadAction","target":["https:\/\/fredavelle.fr\/index.php\/contact\/"]}]},{"@type":"BreadcrumbList","@id":"https:\/\/fredavelle.fr\/index.php\/contact\/#breadcrumb","itemListElement":[{"@type":"ListItem","position":1,"name":"Accueil","item":"https:\/\/fredavelle.fr\/"},{"@type":"ListItem","position":2,"name":"CONTACT"}]},{"@type":"WebSite","@id":"https:\/\/fredavelle.fr\/#website","url":"https:\/\/fredavelle.fr\/","name":"Domaine Fredavelle","description":"vignerons en coteaux d&#039;aix-en-provence","publisher":{"@id":"https:\/\/fredavelle.fr\/#organization"},"potentialAction":[{"@type":"SearchAction","target":{"@type":"EntryPoint","urlTemplate":"https:\/\/fredavelle.fr\/?s={search_term_string}"},"query-input":{"@type":"PropertyValueSpecification","valueRequired":true,"valueName":"search_term_string"}}],"inLanguage":"fr-FR"},{"@type":"Organization","@id":"https:\/\/fredavelle.fr\/#organization","name":"Domaine Fredavelle","url":"https:\/\/fredavelle.fr\/","logo":{"@type":"ImageObject","inLanguage":"fr-FR","@id":"https:\/\/fredavelle.fr\/#\/schema\/logo\/image\/","url":"https:\/\/fredavelle.fr\/wp-content\/uploads\/2024\/08\/logo-pied-de-page-313.png","contentUrl":"https:\/\/fredavelle.fr\/wp-content\/uploads\/2024\/08\/logo-pied-de-page-313.png","width":313,"height":313,"caption":"Domaine Fredavelle"},"image":{"@id":"https:\/\/fredavelle.fr\/#\/schema\/logo\/image\/"},"sameAs":["https:\/\/www.facebook.com\/domainefredavelle","https:\/\/www.instagram.com\/domainefredavelle"]}]}},"uagb_featured_image_src":{"full":false,"thumbnail":false,"medium":false,"medium_large":false,"large":false,"1536x1536":false,"2048x2048":false,"inspiro-featured-image":false,"inspiro-loop":false,"inspiro-loop@2x":false,"tlp-portfolio-thumb":false},"uagb_author_info":{"display_name":"Domaine Fredavelle","author_link":"https:\/\/fredavelle.fr\/index.php\/author\/wordpress-owi\/"},"uagb_comment_info":0,"uagb_excerpt":"&#8211; ADRESSE\u00a0&#8211; DOMAINE FREDAVELLE 1250 Route de Pelissanne, CD17 13510 EGUILLES &#8211;\u00a0COORDONNEES GPS\u00a0&#8211; Latitude :\u00a043.580375 |\u00a0Longitude :\u00a05.330129 &#8211; CONTACT &#8211; T\u00e9l : +33(0)4 42 92 38 29 Email : domaine@fredavelle.fr &hellip; Lire la suite de\u00ab\u00a0CONTACT\u00a0\u00bb","_links":{"self":[{"href":"https:\/\/fredavelle.fr\/index.php\/wp-json\/wp\/v2\/pages\/87","targetHints":{"allow":["GET"]}}],"collection":[{"href":"https:\/\/fredavelle.fr\/index.php\/wp-json\/wp\/v2\/pages"}],"about":[{"href":"https:\/\/fredavelle.fr\/index.php\/wp-json\/wp\/v2\/types\/page"}],"author":[{"embeddable":true,"href":"https:\/\/fredavelle.fr\/index.php\/wp-json\/wp\/v2\/users\/1"}],"replies":[{"embeddable":true,"href":"https:\/\/fredavelle.fr\/index.php\/wp-json\/wp\/v2\/comments?post=87"}],"version-history":[{"count":23,"href":"https:\/\/fredavelle.fr\/index.php\/wp-json\/wp\/v2\/pages\/87\/revisions"}],"predecessor-version":[{"id":4436,"href":"https:\/\/fredavelle.fr\/index.php\/wp-json\/wp\/v2\/pages\/87\/revisions\/4436"}],"wp:attachment":[{"href":"https:\/\/fredavelle.fr\/index.php\/wp-json\/wp\/v2\/media?parent=87"}],"curies":[{"name":"wp","href":"https:\/\/api.w.org\/{rel}","templated":true}]}}