{"id":60,"date":"2016-05-31T15:14:19","date_gmt":"2016-05-31T14:14:19","guid":{"rendered":"http:\/\/fredavelle.fr\/?page_id=60"},"modified":"2024-05-21T16:07:26","modified_gmt":"2024-05-21T14:07:26","slug":"rouge","status":"publish","type":"page","link":"https:\/\/fredavelle.fr\/index.php\/vins\/cuvee-inspiration\/rouge\/","title":{"rendered":"Rouge 2022"},"content":{"rendered":"<div>\n<h3><strong><img loading=\"lazy\" decoding=\"async\" class=\"alignleft wp-image-2519 \" src=\"https:\/\/fredavelle.fr\/wp-content\/uploads\/2023\/06\/Nouveau-Inspiration-Rouge-HD-89x300.jpg\" alt=\"\" width=\"255\" height=\"860\" srcset=\"https:\/\/fredavelle.fr\/wp-content\/uploads\/2023\/06\/Nouveau-Inspiration-Rouge-HD-89x300.jpg 89w, https:\/\/fredavelle.fr\/wp-content\/uploads\/2023\/06\/Nouveau-Inspiration-Rouge-HD-768x2594.jpg 768w, https:\/\/fredavelle.fr\/wp-content\/uploads\/2023\/06\/Nouveau-Inspiration-Rouge-HD-455x1536.jpg 455w, https:\/\/fredavelle.fr\/wp-content\/uploads\/2023\/06\/Nouveau-Inspiration-Rouge-HD-900x3040.jpg 900w, https:\/\/fredavelle.fr\/wp-content\/uploads\/2023\/06\/Nouveau-Inspiration-Rouge-HD-1280x4324.jpg 1280w, https:\/\/fredavelle.fr\/wp-content\/uploads\/2023\/06\/Nouveau-Inspiration-Rouge-HD-scaled.jpg 758w\" sizes=\"auto, (max-width: 255px) 100vw, 255px\" \/>Cuv\u00e9e INSPIRATION Rouge 2022<\/strong><\/h3>\n<p><span style=\"color: #808080;\">AOP Coteaux d&#8217;Aix-en-Provence<\/span><\/p>\n<hr \/>\n<p>FICHE TECHNIQUE : <a href=\"https:\/\/fredavelle.fr\/wp-content\/uploads\/2023\/07\/FREDAVELLE-FT-INSPIRATION-ROUGE-2022-BIO-Fr.pdf\" target=\"_blank\" rel=\"noopener\">T\u00e9l\u00e9charger en fran\u00e7ais<\/a>\/ <a href=\"https:\/\/fredavelle.fr\/wp-content\/uploads\/2023\/07\/FREDAVELLE-TS-INSPIRATION-RED-2022-BIO-EN.pdf\" target=\"_blank\" rel=\"noopener\">Download in english<\/a><\/p>\n<p><strong>C\u00c9PAGES<\/strong> : Syrah, Carignan \/ S\u00e9lection vieilles vignes : 45 ans en moyenne.\u00a0 \u00a0 \u00a0 \u00a0 \u00a0 \u00a0S\u00e9lection parcellaire.<\/p>\n<p><b>TERROIR<\/b>: Sol argilo-limoneux-calcaire. Conserve l&#8217;humidit\u00e9 et la fraicheur.<\/p>\n<p><strong>VINIFICATION<\/strong> : \u00c9raflage \u00e0 80 % environ, fermentation en cuve ouverte avec remontages deux fois par jour pendant 3 semaines. \u00c9levage sur bois de 8 mois.<\/p>\n<p><strong>DEGUSTATION<\/strong> : Bouquet riche &amp; profond sur des ar\u00f4mes de fruits rouges m\u00fbrs et d&#8217;\u00e9pices. L&#8217;attaque est l\u00e9g\u00e8rement tannique et se poursuit sur un fruit\u00e9 \u00e9clatant, rond<br \/>\net complexe, avec des notes de prunes et de cerises \u00e9cras\u00e9es. Un vin de gastronomie tr\u00e8s harmonieux, pr\u00eat \u00e0 boire. Ouvrir 1 heure avant de servir ou d\u00e9canter.<\/p>\n<p><b>SERVICE: <\/b>C\u00f4te de boeuf \u00e0 la fleur de sel, Quasi de veau aux c\u00e8pes, Osso buco, Tajine d\u2019agneau, Fromage de caract\u00e8re<\/p>\n<p><strong>POTENTIEL DE GARDE<\/strong> : 6 ans<\/p>\n<p><strong>ALCOOL<\/strong> : 14 % vol.<\/p>\n<p><strong>FORMAT DISPONIBLE<\/strong>\u00a0: 75 cl<\/p>\n<\/div>\n<p><em><img loading=\"lazy\" decoding=\"async\" class=\"alignleft  wp-image-2063\" src=\"https:\/\/fredavelle.fr\/wp-content\/uploads\/2022\/12\/EU_Organic_Logo_Colour_rgb.jpg\" sizes=\"auto, (max-width: 50px) 100vw, 50px\" srcset=\"https:\/\/fredavelle.fr\/wp-content\/uploads\/2022\/12\/EU_Organic_Logo_Colour_rgb.jpg 500w, https:\/\/fredavelle.fr\/wp-content\/uploads\/2022\/12\/EU_Organic_Logo_Colour_rgb-300x200.jpg 300w\" alt=\"\" width=\"50\" height=\"33\" \/>Agriculture Biologique France. Certifi\u00e9 par FR-BIO-01<\/em><\/p>\n","protected":false},"excerpt":{"rendered":"<p>Cuv\u00e9e INSPIRATION Rouge 2022 AOP Coteaux d&#8217;Aix-en-Provence FICHE TECHNIQUE : T\u00e9l\u00e9charger en fran\u00e7ais\/ Download in english C\u00c9PAGES : Syrah, Carignan \/ S\u00e9lection vieilles vignes : 45 ans en moyenne.\u00a0 \u00a0 &hellip; <\/p>\n<p class=\"link-more\"><a href=\"https:\/\/fredavelle.fr\/index.php\/vins\/cuvee-inspiration\/rouge\/\" class=\"more-link\">Lire la suite de<span class=\"screen-reader-text\">\u00ab\u00a0Rouge 2022\u00a0\u00bb<\/span><\/a><\/p>\n","protected":false},"author":1,"featured_media":0,"parent":54,"menu_order":3,"comment_status":"closed","ping_status":"closed","template":"","meta":{"_uag_custom_page_level_css":"","inspiro_hide_title":false,"footnotes":""},"class_list":["post-60","page","type-page","status-publish","hentry"],"yoast_head":"<!-- This site is optimized with the Yoast SEO plugin v27.3 - https:\/\/yoast.com\/product\/yoast-seo-wordpress\/ -->\n<title>Rouge 2022<\/title>\n<meta name=\"robots\" content=\"index, follow, max-snippet:-1, max-image-preview:large, max-video-preview:-1\" \/>\n<link rel=\"canonical\" href=\"https:\/\/fredavelle.fr\/index.php\/vins\/cuvee-inspiration\/rouge\/\" \/>\n<meta property=\"og:locale\" content=\"fr_FR\" \/>\n<meta property=\"og:type\" content=\"article\" \/>\n<meta property=\"og:title\" content=\"Rouge 2022\" \/>\n<meta property=\"og:description\" content=\"Cuv\u00e9e INSPIRATION Rouge 2022 AOP Coteaux d&#8217;Aix-en-Provence FICHE TECHNIQUE : T\u00e9l\u00e9charger en fran\u00e7ais\/ Download in english C\u00c9PAGES : Syrah, Carignan \/ S\u00e9lection vieilles vignes : 45 ans en moyenne.\u00a0 \u00a0 &hellip; Lire la suite de\u00ab\u00a0Rouge 2022\u00a0\u00bb\" \/>\n<meta property=\"og:url\" content=\"https:\/\/fredavelle.fr\/index.php\/vins\/cuvee-inspiration\/rouge\/\" \/>\n<meta property=\"article:publisher\" content=\"https:\/\/www.facebook.com\/domainefredavelle\" \/>\n<meta property=\"article:modified_time\" content=\"2024-05-21T14:07:26+00:00\" \/>\n<meta property=\"og:image\" content=\"https:\/\/fredavelle.fr\/wp-content\/uploads\/2023\/06\/Nouveau-Inspiration-Rouge-HD-scaled.jpg\" \/>\n\t<meta property=\"og:image:width\" content=\"758\" \/>\n\t<meta property=\"og:image:height\" content=\"2560\" \/>\n\t<meta property=\"og:image:type\" content=\"image\/jpeg\" \/>\n<meta name=\"twitter:card\" content=\"summary_large_image\" \/>\n<meta name=\"twitter:label1\" content=\"Dur\u00e9e de lecture estim\u00e9e\" \/>\n\t<meta name=\"twitter:data1\" content=\"1 minute\" \/>\n<script type=\"application\/ld+json\" class=\"yoast-schema-graph\">{\"@context\":\"https:\\\/\\\/schema.org\",\"@graph\":[{\"@type\":\"WebPage\",\"@id\":\"https:\\\/\\\/fredavelle.fr\\\/index.php\\\/vins\\\/cuvee-inspiration\\\/rouge\\\/\",\"url\":\"https:\\\/\\\/fredavelle.fr\\\/index.php\\\/vins\\\/cuvee-inspiration\\\/rouge\\\/\",\"name\":\"Rouge 2022\",\"isPartOf\":{\"@id\":\"https:\\\/\\\/fredavelle.fr\\\/#website\"},\"primaryImageOfPage\":{\"@id\":\"https:\\\/\\\/fredavelle.fr\\\/index.php\\\/vins\\\/cuvee-inspiration\\\/rouge\\\/#primaryimage\"},\"image\":{\"@id\":\"https:\\\/\\\/fredavelle.fr\\\/index.php\\\/vins\\\/cuvee-inspiration\\\/rouge\\\/#primaryimage\"},\"thumbnailUrl\":\"https:\\\/\\\/fredavelle.fr\\\/wp-content\\\/uploads\\\/2023\\\/06\\\/Nouveau-Inspiration-Rouge-HD-89x300.jpg\",\"datePublished\":\"2016-05-31T14:14:19+00:00\",\"dateModified\":\"2024-05-21T14:07:26+00:00\",\"breadcrumb\":{\"@id\":\"https:\\\/\\\/fredavelle.fr\\\/index.php\\\/vins\\\/cuvee-inspiration\\\/rouge\\\/#breadcrumb\"},\"inLanguage\":\"fr-FR\",\"potentialAction\":[{\"@type\":\"ReadAction\",\"target\":[\"https:\\\/\\\/fredavelle.fr\\\/index.php\\\/vins\\\/cuvee-inspiration\\\/rouge\\\/\"]}]},{\"@type\":\"ImageObject\",\"inLanguage\":\"fr-FR\",\"@id\":\"https:\\\/\\\/fredavelle.fr\\\/index.php\\\/vins\\\/cuvee-inspiration\\\/rouge\\\/#primaryimage\",\"url\":\"https:\\\/\\\/fredavelle.fr\\\/wp-content\\\/uploads\\\/2023\\\/06\\\/Nouveau-Inspiration-Rouge-HD-scaled.jpg\",\"contentUrl\":\"https:\\\/\\\/fredavelle.fr\\\/wp-content\\\/uploads\\\/2023\\\/06\\\/Nouveau-Inspiration-Rouge-HD-scaled.jpg\",\"width\":758,\"height\":2560},{\"@type\":\"BreadcrumbList\",\"@id\":\"https:\\\/\\\/fredavelle.fr\\\/index.php\\\/vins\\\/cuvee-inspiration\\\/rouge\\\/#breadcrumb\",\"itemListElement\":[{\"@type\":\"ListItem\",\"position\":1,\"name\":\"Accueil\",\"item\":\"https:\\\/\\\/fredavelle.fr\\\/\"},{\"@type\":\"ListItem\",\"position\":2,\"name\":\"VINS\",\"item\":\"https:\\\/\\\/fredavelle.fr\\\/index.php\\\/vins\\\/\"},{\"@type\":\"ListItem\",\"position\":3,\"name\":\"Priv\u00e9\u00a0: Cuv\u00e9e INSPIRATION\",\"item\":\"https:\\\/\\\/fredavelle.fr\\\/index.php\\\/vins\\\/cuvee-inspiration\\\/\"},{\"@type\":\"ListItem\",\"position\":4,\"name\":\"Rouge 2022\"}]},{\"@type\":\"WebSite\",\"@id\":\"https:\\\/\\\/fredavelle.fr\\\/#website\",\"url\":\"https:\\\/\\\/fredavelle.fr\\\/\",\"name\":\"Domaine Fredavelle\",\"description\":\"vignerons en coteaux d&#039;aix-en-provence\",\"publisher\":{\"@id\":\"https:\\\/\\\/fredavelle.fr\\\/#organization\"},\"potentialAction\":[{\"@type\":\"SearchAction\",\"target\":{\"@type\":\"EntryPoint\",\"urlTemplate\":\"https:\\\/\\\/fredavelle.fr\\\/?s={search_term_string}\"},\"query-input\":{\"@type\":\"PropertyValueSpecification\",\"valueRequired\":true,\"valueName\":\"search_term_string\"}}],\"inLanguage\":\"fr-FR\"},{\"@type\":\"Organization\",\"@id\":\"https:\\\/\\\/fredavelle.fr\\\/#organization\",\"name\":\"Domaine Fredavelle\",\"url\":\"https:\\\/\\\/fredavelle.fr\\\/\",\"logo\":{\"@type\":\"ImageObject\",\"inLanguage\":\"fr-FR\",\"@id\":\"https:\\\/\\\/fredavelle.fr\\\/#\\\/schema\\\/logo\\\/image\\\/\",\"url\":\"https:\\\/\\\/fredavelle.fr\\\/wp-content\\\/uploads\\\/2024\\\/08\\\/logo-pied-de-page-313.png\",\"contentUrl\":\"https:\\\/\\\/fredavelle.fr\\\/wp-content\\\/uploads\\\/2024\\\/08\\\/logo-pied-de-page-313.png\",\"width\":313,\"height\":313,\"caption\":\"Domaine Fredavelle\"},\"image\":{\"@id\":\"https:\\\/\\\/fredavelle.fr\\\/#\\\/schema\\\/logo\\\/image\\\/\"},\"sameAs\":[\"https:\\\/\\\/www.facebook.com\\\/domainefredavelle\",\"https:\\\/\\\/www.instagram.com\\\/domainefredavelle\"]}]}<\/script>\n<!-- \/ Yoast SEO plugin. -->","yoast_head_json":{"title":"Rouge 2022","robots":{"index":"index","follow":"follow","max-snippet":"max-snippet:-1","max-image-preview":"max-image-preview:large","max-video-preview":"max-video-preview:-1"},"canonical":"https:\/\/fredavelle.fr\/index.php\/vins\/cuvee-inspiration\/rouge\/","og_locale":"fr_FR","og_type":"article","og_title":"Rouge 2022","og_description":"Cuv\u00e9e INSPIRATION Rouge 2022 AOP Coteaux d&#8217;Aix-en-Provence FICHE TECHNIQUE : T\u00e9l\u00e9charger en fran\u00e7ais\/ Download in english C\u00c9PAGES : Syrah, Carignan \/ S\u00e9lection vieilles vignes : 45 ans en moyenne.\u00a0 \u00a0 &hellip; Lire la suite de\u00ab\u00a0Rouge 2022\u00a0\u00bb","og_url":"https:\/\/fredavelle.fr\/index.php\/vins\/cuvee-inspiration\/rouge\/","article_publisher":"https:\/\/www.facebook.com\/domainefredavelle","article_modified_time":"2024-05-21T14:07:26+00:00","og_image":[{"width":758,"height":2560,"url":"https:\/\/fredavelle.fr\/wp-content\/uploads\/2023\/06\/Nouveau-Inspiration-Rouge-HD-scaled.jpg","type":"image\/jpeg"}],"twitter_card":"summary_large_image","twitter_misc":{"Dur\u00e9e de lecture estim\u00e9e":"1 minute"},"schema":{"@context":"https:\/\/schema.org","@graph":[{"@type":"WebPage","@id":"https:\/\/fredavelle.fr\/index.php\/vins\/cuvee-inspiration\/rouge\/","url":"https:\/\/fredavelle.fr\/index.php\/vins\/cuvee-inspiration\/rouge\/","name":"Rouge 2022","isPartOf":{"@id":"https:\/\/fredavelle.fr\/#website"},"primaryImageOfPage":{"@id":"https:\/\/fredavelle.fr\/index.php\/vins\/cuvee-inspiration\/rouge\/#primaryimage"},"image":{"@id":"https:\/\/fredavelle.fr\/index.php\/vins\/cuvee-inspiration\/rouge\/#primaryimage"},"thumbnailUrl":"https:\/\/fredavelle.fr\/wp-content\/uploads\/2023\/06\/Nouveau-Inspiration-Rouge-HD-89x300.jpg","datePublished":"2016-05-31T14:14:19+00:00","dateModified":"2024-05-21T14:07:26+00:00","breadcrumb":{"@id":"https:\/\/fredavelle.fr\/index.php\/vins\/cuvee-inspiration\/rouge\/#breadcrumb"},"inLanguage":"fr-FR","potentialAction":[{"@type":"ReadAction","target":["https:\/\/fredavelle.fr\/index.php\/vins\/cuvee-inspiration\/rouge\/"]}]},{"@type":"ImageObject","inLanguage":"fr-FR","@id":"https:\/\/fredavelle.fr\/index.php\/vins\/cuvee-inspiration\/rouge\/#primaryimage","url":"https:\/\/fredavelle.fr\/wp-content\/uploads\/2023\/06\/Nouveau-Inspiration-Rouge-HD-scaled.jpg","contentUrl":"https:\/\/fredavelle.fr\/wp-content\/uploads\/2023\/06\/Nouveau-Inspiration-Rouge-HD-scaled.jpg","width":758,"height":2560},{"@type":"BreadcrumbList","@id":"https:\/\/fredavelle.fr\/index.php\/vins\/cuvee-inspiration\/rouge\/#breadcrumb","itemListElement":[{"@type":"ListItem","position":1,"name":"Accueil","item":"https:\/\/fredavelle.fr\/"},{"@type":"ListItem","position":2,"name":"VINS","item":"https:\/\/fredavelle.fr\/index.php\/vins\/"},{"@type":"ListItem","position":3,"name":"Priv\u00e9\u00a0: Cuv\u00e9e INSPIRATION","item":"https:\/\/fredavelle.fr\/index.php\/vins\/cuvee-inspiration\/"},{"@type":"ListItem","position":4,"name":"Rouge 2022"}]},{"@type":"WebSite","@id":"https:\/\/fredavelle.fr\/#website","url":"https:\/\/fredavelle.fr\/","name":"Domaine Fredavelle","description":"vignerons en coteaux d&#039;aix-en-provence","publisher":{"@id":"https:\/\/fredavelle.fr\/#organization"},"potentialAction":[{"@type":"SearchAction","target":{"@type":"EntryPoint","urlTemplate":"https:\/\/fredavelle.fr\/?s={search_term_string}"},"query-input":{"@type":"PropertyValueSpecification","valueRequired":true,"valueName":"search_term_string"}}],"inLanguage":"fr-FR"},{"@type":"Organization","@id":"https:\/\/fredavelle.fr\/#organization","name":"Domaine Fredavelle","url":"https:\/\/fredavelle.fr\/","logo":{"@type":"ImageObject","inLanguage":"fr-FR","@id":"https:\/\/fredavelle.fr\/#\/schema\/logo\/image\/","url":"https:\/\/fredavelle.fr\/wp-content\/uploads\/2024\/08\/logo-pied-de-page-313.png","contentUrl":"https:\/\/fredavelle.fr\/wp-content\/uploads\/2024\/08\/logo-pied-de-page-313.png","width":313,"height":313,"caption":"Domaine Fredavelle"},"image":{"@id":"https:\/\/fredavelle.fr\/#\/schema\/logo\/image\/"},"sameAs":["https:\/\/www.facebook.com\/domainefredavelle","https:\/\/www.instagram.com\/domainefredavelle"]}]}},"uagb_featured_image_src":{"full":false,"thumbnail":false,"medium":false,"medium_large":false,"large":false,"1536x1536":false,"2048x2048":false,"inspiro-featured-image":false,"inspiro-loop":false,"inspiro-loop@2x":false,"tlp-portfolio-thumb":false},"uagb_author_info":{"display_name":"Domaine Fredavelle","author_link":"https:\/\/fredavelle.fr\/index.php\/author\/wordpress-owi\/"},"uagb_comment_info":0,"uagb_excerpt":"Cuv\u00e9e INSPIRATION Rouge 2022 AOP Coteaux d&#8217;Aix-en-Provence FICHE TECHNIQUE : T\u00e9l\u00e9charger en fran\u00e7ais\/ Download in english C\u00c9PAGES : Syrah, Carignan \/ S\u00e9lection vieilles vignes : 45 ans en moyenne.\u00a0 \u00a0 &hellip; Lire la suite de\u00ab\u00a0Rouge 2022\u00a0\u00bb","_links":{"self":[{"href":"https:\/\/fredavelle.fr\/index.php\/wp-json\/wp\/v2\/pages\/60","targetHints":{"allow":["GET"]}}],"collection":[{"href":"https:\/\/fredavelle.fr\/index.php\/wp-json\/wp\/v2\/pages"}],"about":[{"href":"https:\/\/fredavelle.fr\/index.php\/wp-json\/wp\/v2\/types\/page"}],"author":[{"embeddable":true,"href":"https:\/\/fredavelle.fr\/index.php\/wp-json\/wp\/v2\/users\/1"}],"replies":[{"embeddable":true,"href":"https:\/\/fredavelle.fr\/index.php\/wp-json\/wp\/v2\/comments?post=60"}],"version-history":[{"count":30,"href":"https:\/\/fredavelle.fr\/index.php\/wp-json\/wp\/v2\/pages\/60\/revisions"}],"predecessor-version":[{"id":2626,"href":"https:\/\/fredavelle.fr\/index.php\/wp-json\/wp\/v2\/pages\/60\/revisions\/2626"}],"up":[{"embeddable":true,"href":"https:\/\/fredavelle.fr\/index.php\/wp-json\/wp\/v2\/pages\/54"}],"wp:attachment":[{"href":"https:\/\/fredavelle.fr\/index.php\/wp-json\/wp\/v2\/media?parent=60"}],"curies":[{"name":"wp","href":"https:\/\/api.w.org\/{rel}","templated":true}]}}