{"id":5229,"date":"2025-09-24T18:05:48","date_gmt":"2025-09-24T16:05:48","guid":{"rendered":"https:\/\/fredavelle.fr\/?page_id=5229"},"modified":"2025-09-24T18:05:50","modified_gmt":"2025-09-24T16:05:50","slug":"18-octobre-2025-la-tablee-du-vigneron","status":"publish","type":"page","link":"https:\/\/fredavelle.fr\/index.php\/18-octobre-2025-la-tablee-du-vigneron\/","title":{"rendered":"18 Octobre 2025 &#8211; La tabl\u00e9e du vigneron"},"content":{"rendered":"\n<figure class=\"wp-block-image size-full is-resized\"><img decoding=\"async\" src=\"https:\/\/fredavelle.fr\/wp-content\/uploads\/2025\/09\/VES_VERSION-GENERIQUE_GF_BEIGE.png\" alt=\"\" class=\"wp-image-5239\" style=\"width:860px;height:auto\"\/><\/figure>\n\n\n\n<div class=\"wp-block-cover alignfull is-light has-custom-content-position is-position-bottom-center\" style=\"margin-top:var(--wp--preset--spacing--small);margin-bottom:var(--wp--preset--spacing--small);padding-top:0;padding-bottom:0;min-height:58px;aspect-ratio:unset;\"><span aria-hidden=\"true\" class=\"wp-block-cover__background has-white-background-color has-background-dim-100 has-background-dim\"><\/span><div class=\"wp-block-cover__inner-container has-global-padding is-layout-constrained wp-container-core-cover-is-layout-295d93f6 wp-block-cover-is-layout-constrained\">\n<p class=\"has-text-align-left has-black-color has-text-color\" style=\"font-size:clamp(21.536px, 1.346rem + ((1vw - 3.2px) * 1.192), 35px);text-transform:uppercase\"><strong>Samedi 18 octobre 2025 <\/strong><\/p>\n\n\n\n<p class=\"has-text-align-left has-black-color has-text-color\" style=\"font-size:clamp(21.536px, 1.346rem + ((1vw - 3.2px) * 1.192), 35px);text-transform:uppercase\"><strong>LA TABL\u00c9E DU VIGNERON<\/strong><\/p>\n<\/div><\/div>\n\n\n\n<div class=\"wp-block-media-text alignfull has-media-on-the-right is-stacked-on-mobile is-image-fill-element\"><div class=\"wp-block-media-text__content\">\n<hr class=\"wp-block-separator has-text-color has-white-color has-alpha-channel-opacity has-white-background-color has-background\"\/>\n\n\n\n<p style=\"font-size:clamp(14px, 0.875rem + ((1vw - 3.2px) * 0.265), 17px);\"><strong>D\u00e9jeuner convivial au Domaine Fredavelle<\/strong><\/p>\n\n\n\n<p style=\"font-size:clamp(14px, 0.875rem + ((1vw - 3.2px) * 0.265), 17px);\">Dans le cadre de <a href=\"https:\/\/www.aixenprovencetourism.com\/agenda-des-evenements\/vignobles-en-scene\/\" target=\"_blank\" rel=\"noreferrer noopener\">Vignobles en Sc\u00e8ne<\/a> organis\u00e9 par l\u2019Office du Tourisme du Pays d\u2019Aix, le Domaine Fredavelle vous invitent \u00e0 partager un moment unique : <strong>la Tabl\u00e9e du Vigneron<\/strong>.<\/p>\n\n\n\n<p style=\"font-size:clamp(14px, 0.875rem + ((1vw - 3.2px) * 0.265), 17px);\">Un d\u00e9jeuner en toute simplicit\u00e9, au plus pr\u00e8s des vignes (ou dans la cave selon la m\u00e9t\u00e9o), pour \u00e9changer avec les acteurs du domaine autour d\u2019un repas g\u00e9n\u00e9reux et gourmand.<\/p>\n\n\n\n<hr class=\"wp-block-separator has-text-color has-white-color has-alpha-channel-opacity has-white-background-color has-background\"\/>\n\n\n\n<hr class=\"wp-block-separator has-text-color has-white-color has-alpha-channel-opacity has-white-background-color has-background\"\/>\n<\/div><figure class=\"wp-block-media-text__media\"><img loading=\"lazy\" decoding=\"async\" width=\"825\" height=\"1024\" src=\"https:\/\/fredavelle.fr\/wp-content\/uploads\/2025\/09\/IMG_2944-825x1024.jpg\" alt=\"\" class=\"wp-image-5242 size-full\" style=\"object-position:48% 40%\" srcset=\"https:\/\/fredavelle.fr\/wp-content\/uploads\/2025\/09\/IMG_2944-825x1024.jpg 825w, https:\/\/fredavelle.fr\/wp-content\/uploads\/2025\/09\/IMG_2944-242x300.jpg 242w, https:\/\/fredavelle.fr\/wp-content\/uploads\/2025\/09\/IMG_2944.jpg 1179w\" sizes=\"auto, (max-width: 825px) 100vw, 825px\" \/><\/figure><\/div>\n\n\n\n<div class=\"wp-block-media-text alignfull is-stacked-on-mobile is-image-fill-element\"><figure class=\"wp-block-media-text__media\"><img loading=\"lazy\" decoding=\"async\" width=\"839\" height=\"1024\" src=\"https:\/\/fredavelle.fr\/wp-content\/uploads\/2025\/09\/repas--839x1024.jpg\" alt=\"\" class=\"wp-image-5244 size-full\" style=\"object-position:57% 88%\" srcset=\"https:\/\/fredavelle.fr\/wp-content\/uploads\/2025\/09\/repas--839x1024.jpg 839w, https:\/\/fredavelle.fr\/wp-content\/uploads\/2025\/09\/repas--246x300.jpg 246w, https:\/\/fredavelle.fr\/wp-content\/uploads\/2025\/09\/repas-.jpg 1027w\" sizes=\"auto, (max-width: 839px) 100vw, 839px\" \/><\/figure><div class=\"wp-block-media-text__content\">\n<hr class=\"wp-block-separator has-text-color has-white-color has-alpha-channel-opacity has-white-background-color has-background\"\/>\n\n\n\n<p style=\"font-size:clamp(14px, 0.875rem + ((1vw - 3.2px) * 0.265), 17px);\"><strong>AU PROGRAMME<\/strong><\/p>\n\n\n\n<p style=\"font-size:clamp(14px, 0.875rem + ((1vw - 3.2px) * 0.265), 17px);\">12h00 \u2013 Accueil : ap\u00e9ro convivial autour de cochonnailles<\/p>\n\n\n\n<p style=\"font-size:clamp(14px, 0.875rem + ((1vw - 3.2px) * 0.265), 17px);\">12h45 \u2013 La grande pa\u00eblla<\/p>\n\n\n\n<p style=\"font-size:clamp(14px, 0.875rem + ((1vw - 3.2px) * 0.265), 17px);\">Fromages &amp; douceurs pour terminer en beaut\u00e9<\/p>\n\n\n\n<p style=\"font-size:clamp(14px, 0.875rem + ((1vw - 3.2px) * 0.265), 17px);\">Vins du Domaine offerts tout au long du repas<\/p>\n\n\n\n<hr class=\"wp-block-separator has-text-color has-white-color has-alpha-channel-opacity has-white-background-color has-background\"\/>\n<\/div><\/div>\n\n\n\n<p style=\"margin-right:var(--wp--preset--spacing--x-small);margin-left:var(--wp--preset--spacing--x-small);font-size:clamp(14px, 0.875rem + ((1vw - 3.2px) * 0.265), 17px);\">Profitez de cette exp\u00e9rience conviviale pour poser vos questions aux vignerons et \u00e0 l\u2019\u00e9quipe vinificatrice : anecdotes de cave, secrets du vignoble, projets en cours\u2026 un moment d\u2019\u00e9change privil\u00e9gi\u00e9.<\/p>\n\n\n\n<hr class=\"wp-block-separator has-alpha-channel-opacity\"\/>\n\n\n\n<p style=\"margin-right:var(--wp--preset--spacing--x-small);margin-left:var(--wp--preset--spacing--x-small);font-size:clamp(14px, 0.875rem + ((1vw - 3.2px) * 0.265), 17px);\"><strong>Informations pratiques<\/strong><\/p>\n\n\n\n<p style=\"margin-right:var(--wp--preset--spacing--x-small);margin-left:var(--wp--preset--spacing--x-small);font-size:clamp(14px, 0.875rem + ((1vw - 3.2px) * 0.265), 17px);\">Samedi 18 octobre 2025 \u00e0 12h<\/p>\n\n\n\n<p style=\"margin-right:var(--wp--preset--spacing--x-small);margin-left:var(--wp--preset--spacing--x-small);font-size:clamp(14px, 0.875rem + ((1vw - 3.2px) * 0.265), 17px);\">Domaine Fredavelle \u2013 1250 route de P\u00e9lissanne CD17, 13510 Eguilles<\/p>\n\n\n\n<p style=\"margin-right:var(--wp--preset--spacing--x-small);margin-left:var(--wp--preset--spacing--x-small);font-size:clamp(14px, 0.875rem + ((1vw - 3.2px) * 0.265), 17px);\">Tarif : 30\u20ac par personne (repas + vins inclus)<br>Tarif enfant : 10\u20ac<\/p>\n\n\n\n<p style=\"margin-right:var(--wp--preset--spacing--x-small);margin-left:var(--wp--preset--spacing--x-small);font-size:clamp(14px, 0.875rem + ((1vw - 3.2px) * 0.265), 17px);\">Sur r\u00e9servation uniquement \u2013<strong> <\/strong>places limit\u00e9es<strong> <\/strong><br><strong>billetterie en cours de cr\u00e9ation<\/strong><\/p>\n\n\n\n<p style=\"margin-right:var(--wp--preset--spacing--x-small);margin-left:var(--wp--preset--spacing--x-small);font-size:clamp(14px, 0.875rem + ((1vw - 3.2px) * 0.265), 17px);\">Parking sur place<\/p>\n\n\n\n<div class=\"wp-block-buttons is-layout-flex wp-block-buttons-is-layout-flex\"><\/div>\n\n\n\n<figure class=\"wp-block-image alignfull size-full\"><img loading=\"lazy\" decoding=\"async\" width=\"2560\" height=\"997\" src=\"https:\/\/fredavelle.fr\/wp-content\/uploads\/2024\/09\/Photo-Domaine-coupee-pour-site-web-scaled.jpg\" alt=\"\" class=\"wp-image-4700\" srcset=\"https:\/\/fredavelle.fr\/wp-content\/uploads\/2024\/09\/Photo-Domaine-coupee-pour-site-web-scaled.jpg 2560w, https:\/\/fredavelle.fr\/wp-content\/uploads\/2024\/09\/Photo-Domaine-coupee-pour-site-web-300x117.jpg 300w, https:\/\/fredavelle.fr\/wp-content\/uploads\/2024\/09\/Photo-Domaine-coupee-pour-site-web-1024x399.jpg 1024w, https:\/\/fredavelle.fr\/wp-content\/uploads\/2024\/09\/Photo-Domaine-coupee-pour-site-web-2000x779.jpg 2000w, https:\/\/fredavelle.fr\/wp-content\/uploads\/2024\/09\/Photo-Domaine-coupee-pour-site-web-scaled-1536x598.jpg 1536w, https:\/\/fredavelle.fr\/wp-content\/uploads\/2024\/09\/Photo-Domaine-coupee-pour-site-web-scaled-2048x798.jpg 2048w\" sizes=\"auto, (max-width: 2560px) 100vw, 2560px\" \/><\/figure>\n\n\n\n<p style=\"padding-top:var(--wp--preset--spacing--small);padding-right:var(--wp--preset--spacing--small);padding-bottom:var(--wp--preset--spacing--small);padding-left:var(--wp--preset--spacing--small)\"><\/p>\n\n\n\n<p><\/p>\n","protected":false},"excerpt":{"rendered":"<p>Profitez de cette exp\u00e9rience conviviale pour poser vos questions aux vignerons et \u00e0 l\u2019\u00e9quipe vinificatrice : anecdotes de cave, secrets du vignoble, projets en cours\u2026 un moment d\u2019\u00e9change privil\u00e9gi\u00e9. Informations &hellip; <\/p>\n<p class=\"link-more\"><a href=\"https:\/\/fredavelle.fr\/index.php\/18-octobre-2025-la-tablee-du-vigneron\/\" class=\"more-link\">Lire la suite de<span class=\"screen-reader-text\">\u00ab\u00a018 Octobre 2025 &#8211; La tabl\u00e9e du vigneron\u00a0\u00bb<\/span><\/a><\/p>\n","protected":false},"author":1,"featured_media":0,"parent":0,"menu_order":0,"comment_status":"closed","ping_status":"closed","template":"page-templates\/full-width-transparent.php","meta":{"_uag_custom_page_level_css":"","inspiro_hide_title":false,"footnotes":""},"class_list":["post-5229","page","type-page","status-publish","hentry"],"yoast_head":"<!-- This site is optimized with the Yoast SEO plugin v27.4 - https:\/\/yoast.com\/product\/yoast-seo-wordpress\/ -->\n<title>18 Octobre 2025 - La tabl\u00e9e du vigneron<\/title>\n<meta name=\"robots\" content=\"index, follow, max-snippet:-1, max-image-preview:large, max-video-preview:-1\" \/>\n<link rel=\"canonical\" href=\"https:\/\/fredavelle.fr\/index.php\/18-octobre-2025-la-tablee-du-vigneron\/\" \/>\n<meta property=\"og:locale\" content=\"fr_FR\" \/>\n<meta property=\"og:type\" content=\"article\" \/>\n<meta property=\"og:title\" content=\"18 Octobre 2025 - La tabl\u00e9e du vigneron\" \/>\n<meta property=\"og:description\" content=\"Profitez de cette exp\u00e9rience conviviale pour poser vos questions aux vignerons et \u00e0 l\u2019\u00e9quipe vinificatrice : anecdotes de cave, secrets du vignoble, projets en cours\u2026 un moment d\u2019\u00e9change privil\u00e9gi\u00e9. Informations &hellip; Lire la suite de\u00ab\u00a018 Octobre 2025 &#8211; La tabl\u00e9e du vigneron\u00a0\u00bb\" \/>\n<meta property=\"og:url\" content=\"https:\/\/fredavelle.fr\/index.php\/18-octobre-2025-la-tablee-du-vigneron\/\" \/>\n<meta property=\"article:publisher\" content=\"https:\/\/www.facebook.com\/domainefredavelle\" \/>\n<meta property=\"article:modified_time\" content=\"2025-09-24T16:05:50+00:00\" \/>\n<meta property=\"og:image\" content=\"https:\/\/fredavelle.fr\/wp-content\/uploads\/2025\/09\/VES_VERSION-GENERIQUE_GF_BEIGE.png\" \/>\n\t<meta property=\"og:image:width\" content=\"1\" \/>\n\t<meta property=\"og:image:height\" content=\"1\" \/>\n\t<meta property=\"og:image:type\" content=\"image\/png\" \/>\n<meta name=\"twitter:card\" content=\"summary_large_image\" \/>\n<meta name=\"twitter:label1\" content=\"Dur\u00e9e de lecture estim\u00e9e\" \/>\n\t<meta name=\"twitter:data1\" content=\"2 minutes\" \/>\n<script type=\"application\/ld+json\" class=\"yoast-schema-graph\">{\"@context\":\"https:\\\/\\\/schema.org\",\"@graph\":[{\"@type\":\"WebPage\",\"@id\":\"https:\\\/\\\/fredavelle.fr\\\/index.php\\\/18-octobre-2025-la-tablee-du-vigneron\\\/\",\"url\":\"https:\\\/\\\/fredavelle.fr\\\/index.php\\\/18-octobre-2025-la-tablee-du-vigneron\\\/\",\"name\":\"18 Octobre 2025 - La tabl\u00e9e du vigneron\",\"isPartOf\":{\"@id\":\"https:\\\/\\\/fredavelle.fr\\\/#website\"},\"primaryImageOfPage\":{\"@id\":\"https:\\\/\\\/fredavelle.fr\\\/index.php\\\/18-octobre-2025-la-tablee-du-vigneron\\\/#primaryimage\"},\"image\":{\"@id\":\"https:\\\/\\\/fredavelle.fr\\\/index.php\\\/18-octobre-2025-la-tablee-du-vigneron\\\/#primaryimage\"},\"thumbnailUrl\":\"https:\\\/\\\/fredavelle.fr\\\/wp-content\\\/uploads\\\/2025\\\/09\\\/VES_VERSION-GENERIQUE_GF_BEIGE.png\",\"datePublished\":\"2025-09-24T16:05:48+00:00\",\"dateModified\":\"2025-09-24T16:05:50+00:00\",\"breadcrumb\":{\"@id\":\"https:\\\/\\\/fredavelle.fr\\\/index.php\\\/18-octobre-2025-la-tablee-du-vigneron\\\/#breadcrumb\"},\"inLanguage\":\"fr-FR\",\"potentialAction\":[{\"@type\":\"ReadAction\",\"target\":[\"https:\\\/\\\/fredavelle.fr\\\/index.php\\\/18-octobre-2025-la-tablee-du-vigneron\\\/\"]}]},{\"@type\":\"ImageObject\",\"inLanguage\":\"fr-FR\",\"@id\":\"https:\\\/\\\/fredavelle.fr\\\/index.php\\\/18-octobre-2025-la-tablee-du-vigneron\\\/#primaryimage\",\"url\":\"https:\\\/\\\/fredavelle.fr\\\/wp-content\\\/uploads\\\/2025\\\/09\\\/VES_VERSION-GENERIQUE_GF_BEIGE.png\",\"contentUrl\":\"https:\\\/\\\/fredavelle.fr\\\/wp-content\\\/uploads\\\/2025\\\/09\\\/VES_VERSION-GENERIQUE_GF_BEIGE.png\"},{\"@type\":\"BreadcrumbList\",\"@id\":\"https:\\\/\\\/fredavelle.fr\\\/index.php\\\/18-octobre-2025-la-tablee-du-vigneron\\\/#breadcrumb\",\"itemListElement\":[{\"@type\":\"ListItem\",\"position\":1,\"name\":\"Accueil\",\"item\":\"https:\\\/\\\/fredavelle.fr\\\/\"},{\"@type\":\"ListItem\",\"position\":2,\"name\":\"18 Octobre 2025 &#8211; La tabl\u00e9e du vigneron\"}]},{\"@type\":\"WebSite\",\"@id\":\"https:\\\/\\\/fredavelle.fr\\\/#website\",\"url\":\"https:\\\/\\\/fredavelle.fr\\\/\",\"name\":\"Domaine Fredavelle\",\"description\":\"vignerons en coteaux d&#039;aix-en-provence\",\"publisher\":{\"@id\":\"https:\\\/\\\/fredavelle.fr\\\/#organization\"},\"potentialAction\":[{\"@type\":\"SearchAction\",\"target\":{\"@type\":\"EntryPoint\",\"urlTemplate\":\"https:\\\/\\\/fredavelle.fr\\\/?s={search_term_string}\"},\"query-input\":{\"@type\":\"PropertyValueSpecification\",\"valueRequired\":true,\"valueName\":\"search_term_string\"}}],\"inLanguage\":\"fr-FR\"},{\"@type\":\"Organization\",\"@id\":\"https:\\\/\\\/fredavelle.fr\\\/#organization\",\"name\":\"Domaine Fredavelle\",\"url\":\"https:\\\/\\\/fredavelle.fr\\\/\",\"logo\":{\"@type\":\"ImageObject\",\"inLanguage\":\"fr-FR\",\"@id\":\"https:\\\/\\\/fredavelle.fr\\\/#\\\/schema\\\/logo\\\/image\\\/\",\"url\":\"https:\\\/\\\/fredavelle.fr\\\/wp-content\\\/uploads\\\/2024\\\/08\\\/logo-pied-de-page-313.png\",\"contentUrl\":\"https:\\\/\\\/fredavelle.fr\\\/wp-content\\\/uploads\\\/2024\\\/08\\\/logo-pied-de-page-313.png\",\"width\":313,\"height\":313,\"caption\":\"Domaine Fredavelle\"},\"image\":{\"@id\":\"https:\\\/\\\/fredavelle.fr\\\/#\\\/schema\\\/logo\\\/image\\\/\"},\"sameAs\":[\"https:\\\/\\\/www.facebook.com\\\/domainefredavelle\",\"https:\\\/\\\/www.instagram.com\\\/domainefredavelle\"]}]}<\/script>\n<!-- \/ Yoast SEO plugin. -->","yoast_head_json":{"title":"18 Octobre 2025 - La tabl\u00e9e du vigneron","robots":{"index":"index","follow":"follow","max-snippet":"max-snippet:-1","max-image-preview":"max-image-preview:large","max-video-preview":"max-video-preview:-1"},"canonical":"https:\/\/fredavelle.fr\/index.php\/18-octobre-2025-la-tablee-du-vigneron\/","og_locale":"fr_FR","og_type":"article","og_title":"18 Octobre 2025 - La tabl\u00e9e du vigneron","og_description":"Profitez de cette exp\u00e9rience conviviale pour poser vos questions aux vignerons et \u00e0 l\u2019\u00e9quipe vinificatrice : anecdotes de cave, secrets du vignoble, projets en cours\u2026 un moment d\u2019\u00e9change privil\u00e9gi\u00e9. Informations &hellip; Lire la suite de\u00ab\u00a018 Octobre 2025 &#8211; La tabl\u00e9e du vigneron\u00a0\u00bb","og_url":"https:\/\/fredavelle.fr\/index.php\/18-octobre-2025-la-tablee-du-vigneron\/","article_publisher":"https:\/\/www.facebook.com\/domainefredavelle","article_modified_time":"2025-09-24T16:05:50+00:00","og_image":[{"url":"https:\/\/fredavelle.fr\/wp-content\/uploads\/2025\/09\/VES_VERSION-GENERIQUE_GF_BEIGE.png","width":1,"height":1,"type":"image\/png"}],"twitter_card":"summary_large_image","twitter_misc":{"Dur\u00e9e de lecture estim\u00e9e":"2 minutes"},"schema":{"@context":"https:\/\/schema.org","@graph":[{"@type":"WebPage","@id":"https:\/\/fredavelle.fr\/index.php\/18-octobre-2025-la-tablee-du-vigneron\/","url":"https:\/\/fredavelle.fr\/index.php\/18-octobre-2025-la-tablee-du-vigneron\/","name":"18 Octobre 2025 - La tabl\u00e9e du vigneron","isPartOf":{"@id":"https:\/\/fredavelle.fr\/#website"},"primaryImageOfPage":{"@id":"https:\/\/fredavelle.fr\/index.php\/18-octobre-2025-la-tablee-du-vigneron\/#primaryimage"},"image":{"@id":"https:\/\/fredavelle.fr\/index.php\/18-octobre-2025-la-tablee-du-vigneron\/#primaryimage"},"thumbnailUrl":"https:\/\/fredavelle.fr\/wp-content\/uploads\/2025\/09\/VES_VERSION-GENERIQUE_GF_BEIGE.png","datePublished":"2025-09-24T16:05:48+00:00","dateModified":"2025-09-24T16:05:50+00:00","breadcrumb":{"@id":"https:\/\/fredavelle.fr\/index.php\/18-octobre-2025-la-tablee-du-vigneron\/#breadcrumb"},"inLanguage":"fr-FR","potentialAction":[{"@type":"ReadAction","target":["https:\/\/fredavelle.fr\/index.php\/18-octobre-2025-la-tablee-du-vigneron\/"]}]},{"@type":"ImageObject","inLanguage":"fr-FR","@id":"https:\/\/fredavelle.fr\/index.php\/18-octobre-2025-la-tablee-du-vigneron\/#primaryimage","url":"https:\/\/fredavelle.fr\/wp-content\/uploads\/2025\/09\/VES_VERSION-GENERIQUE_GF_BEIGE.png","contentUrl":"https:\/\/fredavelle.fr\/wp-content\/uploads\/2025\/09\/VES_VERSION-GENERIQUE_GF_BEIGE.png"},{"@type":"BreadcrumbList","@id":"https:\/\/fredavelle.fr\/index.php\/18-octobre-2025-la-tablee-du-vigneron\/#breadcrumb","itemListElement":[{"@type":"ListItem","position":1,"name":"Accueil","item":"https:\/\/fredavelle.fr\/"},{"@type":"ListItem","position":2,"name":"18 Octobre 2025 &#8211; La tabl\u00e9e du vigneron"}]},{"@type":"WebSite","@id":"https:\/\/fredavelle.fr\/#website","url":"https:\/\/fredavelle.fr\/","name":"Domaine Fredavelle","description":"vignerons en coteaux d&#039;aix-en-provence","publisher":{"@id":"https:\/\/fredavelle.fr\/#organization"},"potentialAction":[{"@type":"SearchAction","target":{"@type":"EntryPoint","urlTemplate":"https:\/\/fredavelle.fr\/?s={search_term_string}"},"query-input":{"@type":"PropertyValueSpecification","valueRequired":true,"valueName":"search_term_string"}}],"inLanguage":"fr-FR"},{"@type":"Organization","@id":"https:\/\/fredavelle.fr\/#organization","name":"Domaine Fredavelle","url":"https:\/\/fredavelle.fr\/","logo":{"@type":"ImageObject","inLanguage":"fr-FR","@id":"https:\/\/fredavelle.fr\/#\/schema\/logo\/image\/","url":"https:\/\/fredavelle.fr\/wp-content\/uploads\/2024\/08\/logo-pied-de-page-313.png","contentUrl":"https:\/\/fredavelle.fr\/wp-content\/uploads\/2024\/08\/logo-pied-de-page-313.png","width":313,"height":313,"caption":"Domaine Fredavelle"},"image":{"@id":"https:\/\/fredavelle.fr\/#\/schema\/logo\/image\/"},"sameAs":["https:\/\/www.facebook.com\/domainefredavelle","https:\/\/www.instagram.com\/domainefredavelle"]}]}},"uagb_featured_image_src":{"full":false,"thumbnail":false,"medium":false,"medium_large":false,"large":false,"1536x1536":false,"2048x2048":false,"inspiro-featured-image":false,"inspiro-loop":false,"inspiro-loop@2x":false,"tlp-portfolio-thumb":false},"uagb_author_info":{"display_name":"Domaine Fredavelle","author_link":"https:\/\/fredavelle.fr\/index.php\/author\/wordpress-owi\/"},"uagb_comment_info":0,"uagb_excerpt":"Profitez de cette exp\u00e9rience conviviale pour poser vos questions aux vignerons et \u00e0 l\u2019\u00e9quipe vinificatrice : anecdotes de cave, secrets du vignoble, projets en cours\u2026 un moment d\u2019\u00e9change privil\u00e9gi\u00e9. Informations &hellip; Lire la suite de\u00ab\u00a018 Octobre 2025 &#8211; La tabl\u00e9e du vigneron\u00a0\u00bb","_links":{"self":[{"href":"https:\/\/fredavelle.fr\/index.php\/wp-json\/wp\/v2\/pages\/5229","targetHints":{"allow":["GET"]}}],"collection":[{"href":"https:\/\/fredavelle.fr\/index.php\/wp-json\/wp\/v2\/pages"}],"about":[{"href":"https:\/\/fredavelle.fr\/index.php\/wp-json\/wp\/v2\/types\/page"}],"author":[{"embeddable":true,"href":"https:\/\/fredavelle.fr\/index.php\/wp-json\/wp\/v2\/users\/1"}],"replies":[{"embeddable":true,"href":"https:\/\/fredavelle.fr\/index.php\/wp-json\/wp\/v2\/comments?post=5229"}],"version-history":[{"count":53,"href":"https:\/\/fredavelle.fr\/index.php\/wp-json\/wp\/v2\/pages\/5229\/revisions"}],"predecessor-version":[{"id":5286,"href":"https:\/\/fredavelle.fr\/index.php\/wp-json\/wp\/v2\/pages\/5229\/revisions\/5286"}],"wp:attachment":[{"href":"https:\/\/fredavelle.fr\/index.php\/wp-json\/wp\/v2\/media?parent=5229"}],"curies":[{"name":"wp","href":"https:\/\/api.w.org\/{rel}","templated":true}]}}