{"id":3094,"date":"2023-11-10T17:35:02","date_gmt":"2023-11-10T16:35:02","guid":{"rendered":"https:\/\/fredavelle.fr\/?page_id=3094"},"modified":"2026-03-05T10:34:24","modified_gmt":"2026-03-05T09:34:24","slug":"cuvee-domaine","status":"publish","type":"page","link":"https:\/\/fredavelle.fr\/index.php\/vins\/cuvee-domaine\/","title":{"rendered":"DOMAINE"},"content":{"rendered":"\n<div class=\"wp-block-cover alignfull is-light has-custom-content-position is-position-bottom-right\" style=\"min-height:389px;aspect-ratio:unset;\"><img loading=\"lazy\" decoding=\"async\" width=\"1811\" height=\"747\" class=\"wp-block-cover__image-background wp-image-3589\" alt=\"\" src=\"https:\/\/fredavelle.fr\/wp-content\/uploads\/2023\/11\/ambiance-domaine-1.png\" style=\"object-position:61% 72%\" data-object-fit=\"cover\" data-object-position=\"61% 72%\" srcset=\"https:\/\/fredavelle.fr\/wp-content\/uploads\/2023\/11\/ambiance-domaine-1.png 1811w, https:\/\/fredavelle.fr\/wp-content\/uploads\/2023\/11\/ambiance-domaine-1-300x124.png 300w, https:\/\/fredavelle.fr\/wp-content\/uploads\/2023\/11\/ambiance-domaine-1-1024x422.png 1024w, https:\/\/fredavelle.fr\/wp-content\/uploads\/2023\/11\/ambiance-domaine-1-768x317.png 768w, https:\/\/fredavelle.fr\/wp-content\/uploads\/2023\/11\/ambiance-domaine-1-1536x634.png 1536w\" sizes=\"auto, (max-width: 1811px) 100vw, 1811px\" \/><span aria-hidden=\"true\" class=\"wp-block-cover__background has-background-dim-10 has-background-dim\"><\/span><div class=\"wp-block-cover__inner-container is-layout-flow wp-block-cover-is-layout-flow\">\n<p class=\"has-text-align-right has-white-color has-text-color\" style=\"font-size:clamp(36.954px, 2.31rem + ((1vw - 3.2px) * 2.747), 68px);\"> DOMAINE<\/p>\n\n\n\n<p class=\"has-text-align-right has-white-color has-text-color\"><strong>AOP Coteaux d\u2019Aix-en-Provence<\/strong><\/p>\n\n\n\n<p class=\"has-text-align-right has-secondary-color has-text-color has-link-color wp-elements-6c02aaf7c193f462d7c2570c3409b513\" style=\"font-size:0px\">Cuv\u00e9e Domaine<\/p>\n<\/div><\/div>\n\n\n\n<hr class=\"wp-block-separator has-text-color has-white-color has-alpha-channel-opacity has-white-background-color has-background\"\/>\n\n\n\n<div class=\"wp-block-cover alignfull is-light\" style=\"min-height:221px;aspect-ratio:unset;\"><span aria-hidden=\"true\" class=\"wp-block-cover__background has-white-background-color has-background-dim-100 has-background-dim\"><\/span><div class=\"wp-block-cover__inner-container has-global-padding is-layout-constrained wp-block-cover-is-layout-constrained\">\n<p class=\"has-text-align-left has-black-color has-text-color has-larger-font-size\" style=\"text-transform:uppercase\">terroir frais de provence<\/p>\n\n\n\n<p class=\"has-secondary-color has-text-color has-link-color wp-elements-669eb137296633825d08bffd78e5b9c3\" style=\"font-size:1px\">Cuv\u00e9e Domaine<\/p>\n\n\n\n<p class=\"has-black-color has-text-color\">Vinification peu interventionniste. <br>Des vins qui trouvent leur \u00e9quilibre entre fruit et fra\u00eecheur. <br>Altitude : 250 m\u00e8tres<br>\u00c2ge des vignes : entre 15 et 25 ans<br><br>DAVID : &#8221; je go\u00fbte tous les jours le raisin dans les vignes pour d\u00e9terminer la date de r\u00e9colte. On d\u00e9cide de vendanger d\u00e8s que l&#8217;on trouve cet \u00e9quilibre qui nous pla\u00eet entre une belle sucrosit\u00e9 et encore un peu d&#8217;acidit\u00e9 pour garder de la fra\u00eecheur dans les vins &#8220;<br><br>OLIVIA : &#8221; pour cette cuv\u00e9e, on cherche \u00e0 faire des vins frais et spontan\u00e9s, o\u00f9 l&#8217;expression du fruit et du terroir domine. L&#8217;id\u00e9e est d&#8217;intervenir le moins possible pendant la vinification, et cela passe par un contr\u00f4le accru des temp\u00e9ratures des cuves et une ma\u00eetrise du contact avec l&#8217;oxyg\u00e8ne &#8220;<\/p>\n<\/div><\/div>\n\n\n\n<hr class=\"wp-block-separator has-text-color has-white-color has-alpha-channel-opacity has-white-background-color has-background\"\/>\n\n\n\n<div class=\"wp-block-cover alignfull\" style=\"min-height:484px;aspect-ratio:unset;\"><img loading=\"lazy\" decoding=\"async\" width=\"2560\" height=\"1029\" class=\"wp-block-cover__image-background wp-image-3598\" alt=\"\" src=\"https:\/\/fredavelle.fr\/wp-content\/uploads\/2023\/11\/pressoir-jus-format-site-internet-scaled.jpg\" style=\"object-position:50% 52%\" data-object-fit=\"cover\" data-object-position=\"50% 52%\" srcset=\"https:\/\/fredavelle.fr\/wp-content\/uploads\/2023\/11\/pressoir-jus-format-site-internet-scaled.jpg 2560w, https:\/\/fredavelle.fr\/wp-content\/uploads\/2023\/11\/pressoir-jus-format-site-internet-300x121.jpg 300w, https:\/\/fredavelle.fr\/wp-content\/uploads\/2023\/11\/pressoir-jus-format-site-internet-1024x412.jpg 1024w, https:\/\/fredavelle.fr\/wp-content\/uploads\/2023\/11\/pressoir-jus-format-site-internet-768x309.jpg 768w, https:\/\/fredavelle.fr\/wp-content\/uploads\/2023\/11\/pressoir-jus-format-site-internet-1536x617.jpg 1536w, https:\/\/fredavelle.fr\/wp-content\/uploads\/2023\/11\/pressoir-jus-format-site-internet-2048x823.jpg 2048w, https:\/\/fredavelle.fr\/wp-content\/uploads\/2023\/11\/pressoir-jus-format-site-internet-2000x804.jpg 2000w\" sizes=\"auto, (max-width: 2560px) 100vw, 2560px\" \/><span aria-hidden=\"true\" class=\"wp-block-cover__background has-background-dim-0 has-background-dim\"><\/span><div class=\"wp-block-cover__inner-container has-global-padding is-layout-constrained wp-block-cover-is-layout-constrained\">\n<p class=\"has-text-align-center has-large-font-size\"><\/p>\n<\/div><\/div>\n\n\n\n<hr class=\"wp-block-separator has-text-color has-white-color has-alpha-channel-opacity has-white-background-color has-background\"\/>\n\n\n\n<div class=\"wp-block-cover alignfull is-light\" style=\"min-height:221px;aspect-ratio:unset;\"><span aria-hidden=\"true\" class=\"wp-block-cover__background has-white-background-color has-background-dim-100 has-background-dim\"><\/span><div class=\"wp-block-cover__inner-container has-global-padding is-layout-constrained wp-block-cover-is-layout-constrained\">\n<p class=\"has-text-align-left has-black-color has-text-color has-larger-font-size\" style=\"text-transform:uppercase\">des vins sans \u00e9levage<\/p>\n\n\n\n<p class=\"has-black-color has-text-color\">Une cuv\u00e9e de plaisir et convivialit\u00e9.<br>Le fruit est croquant.<br>Le palais est vif, long, et finement textur\u00e9.<\/p>\n<\/div><\/div>\n\n\n\n<hr class=\"wp-block-separator has-text-color has-white-color has-alpha-channel-opacity has-white-background-color has-background\"\/>\n\n\n\n<div class=\"wp-block-media-text alignfull is-stacked-on-mobile is-image-fill-element\"><figure class=\"wp-block-media-text__media\"><img loading=\"lazy\" decoding=\"async\" width=\"1707\" height=\"2560\" src=\"https:\/\/fredavelle.fr\/wp-content\/uploads\/2025\/01\/DSC04349_VSCO-scaled.jpg\" alt=\"Cuv\u00e9e Domaine blanc\" class=\"wp-image-4966 size-full\" style=\"object-position:67% 87%\" srcset=\"https:\/\/fredavelle.fr\/wp-content\/uploads\/2025\/01\/DSC04349_VSCO-scaled.jpg 1707w, https:\/\/fredavelle.fr\/wp-content\/uploads\/2025\/01\/DSC04349_VSCO-200x300.jpg 200w, https:\/\/fredavelle.fr\/wp-content\/uploads\/2025\/01\/DSC04349_VSCO-683x1024.jpg 683w, https:\/\/fredavelle.fr\/wp-content\/uploads\/2025\/01\/DSC04349_VSCO-2000x3000.jpg 2000w\" sizes=\"auto, (max-width: 1707px) 100vw, 1707px\" \/><\/figure><div class=\"wp-block-media-text__content\">\n<hr class=\"wp-block-separator has-text-color has-white-color has-alpha-channel-opacity has-white-background-color has-background\"\/>\n\n\n\n<p class=\"has-text-align-left has-black-color has-text-color has-larger-font-size\" style=\"text-transform:uppercase\">pr\u00e9texte d&#8217;ouverture<\/p>\n\n\n\n<p class=\"has-black-color has-text-color\" style=\"text-transform:uppercase\">J&#8217;ai soif !<br>Il fait trop chaud pour travailler<br> <br><br><\/p>\n\n\n\n<hr class=\"wp-block-separator has-text-color has-white-color has-alpha-channel-opacity has-white-background-color has-background\"\/>\n<\/div><\/div>\n\n\n\n<hr class=\"wp-block-separator has-text-color has-white-color has-alpha-channel-opacity has-white-background-color has-background\"\/>\n\n\n\n<div class=\"wp-block-columns alignfull is-layout-flex wp-container-core-columns-is-layout-28f84493 wp-block-columns-is-layout-flex\">\n<div class=\"wp-block-column is-layout-flow wp-block-column-is-layout-flow\">\n<div class=\"wp-block-cover is-light has-custom-content-position is-position-top-center\" style=\"min-height:325px;aspect-ratio:unset;\"><span aria-hidden=\"true\" class=\"wp-block-cover__background has-white-background-color has-background-dim-100 has-background-dim\"><\/span><div class=\"wp-block-cover__inner-container has-global-padding is-layout-constrained wp-block-cover-is-layout-constrained\">\n<p class=\"has-text-align-center has-large-font-size\" style=\"text-transform:uppercase\">un ros\u00e9 <br>de plaisir<\/p>\n\n\n\n<div class=\"wp-block-buttons alignfull is-content-justification-center is-layout-flex wp-container-core-buttons-is-layout-a89b3969 wp-block-buttons-is-layout-flex\">\n<div class=\"wp-block-button is-style-outline is-style-outline--1\"><a class=\"wp-block-button__link has-text-align-center wp-element-button\" href=\"https:\/\/fredavelle.fr\/wp-content\/uploads\/2026\/03\/FREDAVELLE-_-FT-DOMAINE-ROSE-2025.pdf\" target=\"_blank\" rel=\"noreferrer noopener\">d\u00e9couvrez<\/a><\/div>\n<\/div>\n<\/div><\/div>\n<\/div>\n\n\n\n<div class=\"wp-block-column is-layout-flow wp-block-column-is-layout-flow\">\n<div class=\"wp-block-cover is-light has-custom-content-position is-position-top-center\" style=\"min-height:302px;aspect-ratio:unset;\"><span aria-hidden=\"true\" class=\"wp-block-cover__background has-white-background-color has-background-dim-100 has-background-dim\"><\/span><div class=\"wp-block-cover__inner-container has-global-padding is-layout-constrained wp-block-cover-is-layout-constrained\">\n<p class=\"has-text-align-center has-large-font-size\" style=\"text-transform:uppercase\">un blanc<br>exotique<\/p>\n\n\n\n<div class=\"wp-block-buttons is-content-justification-center is-layout-flex wp-container-core-buttons-is-layout-a89b3969 wp-block-buttons-is-layout-flex\">\n<div class=\"wp-block-button is-style-outline is-style-outline--2\"><a class=\"wp-block-button__link wp-element-button\" href=\"https:\/\/fredavelle.fr\/wp-content\/uploads\/2026\/03\/FREDAVELLE-_-FT-DOMAINE-BLANC-2025.pdf\" target=\"_blank\" rel=\"noreferrer noopener\">d\u00e9couvrez<\/a><\/div>\n<\/div>\n<\/div><\/div>\n<\/div>\n\n\n\n<div class=\"wp-block-column is-layout-flow wp-block-column-is-layout-flow\">\n<div class=\"wp-block-cover is-light has-custom-content-position is-position-top-center\" style=\"min-height:322px;aspect-ratio:unset;\"><span aria-hidden=\"true\" class=\"wp-block-cover__background has-white-background-color has-background-dim-100 has-background-dim\"><\/span><div class=\"wp-block-cover__inner-container has-global-padding is-layout-constrained wp-block-cover-is-layout-constrained\">\n<p class=\"has-text-align-center has-large-font-size\" style=\"text-transform:uppercase\">Un rouge<br>\u00e9nergique<\/p>\n\n\n\n<div class=\"wp-block-buttons is-content-justification-center is-layout-flex wp-container-core-buttons-is-layout-a89b3969 wp-block-buttons-is-layout-flex\">\n<div class=\"wp-block-button is-style-outline is-style-outline--3\"><a class=\"wp-block-button__link wp-element-button\" href=\"https:\/\/fredavelle.fr\/wp-content\/uploads\/2025\/01\/Domaine-rouge-2023.pdf\" target=\"_blank\" rel=\"noreferrer noopener\">d\u00e9couvrez<\/a><\/div>\n<\/div>\n<\/div><\/div>\n<\/div>\n<\/div>\n\n\n\n<div class=\"wp-block-cover alignfull is-light\" style=\"min-height:221px;aspect-ratio:unset;\"><span aria-hidden=\"true\" class=\"wp-block-cover__background has-white-background-color has-background-dim-100 has-background-dim\"><\/span><div class=\"wp-block-cover__inner-container has-global-padding is-layout-constrained wp-block-cover-is-layout-constrained\">\n<p class=\"has-text-align-left has-black-color has-text-color\" style=\"font-size:clamp(18.959px, 1.185rem + ((1vw - 3.2px) * 0.977), 30px);text-transform:uppercase\">&#8221; en mati\u00e8re de vin, Je suis un amateur facile, je me contente toujours du meilleur &#8220;<\/p>\n\n\n\n<p class=\"has-text-align-left has-black-color has-text-color\" style=\"font-size:clamp(14px, 0.875rem + ((1vw - 3.2px) * 0.531), 20px);text-transform:none\"><br>Winston Churchill<\/p>\n<\/div><\/div>\n","protected":false},"excerpt":{"rendered":"","protected":false},"author":1,"featured_media":0,"parent":27,"menu_order":1,"comment_status":"closed","ping_status":"closed","template":"page-templates\/full-width-transparent.php","meta":{"_uag_custom_page_level_css":"","inspiro_hide_title":false,"footnotes":""},"class_list":["post-3094","page","type-page","status-publish","hentry"],"yoast_head":"<!-- This site is optimized with the Yoast SEO plugin v27.4 - https:\/\/yoast.com\/product\/yoast-seo-wordpress\/ -->\n<title>Cuv\u00e9e Domaine | Terroir frais de Provence<\/title>\n<meta name=\"description\" content=\"Cuv\u00e9e Domaine | Vin frais de Provence | AOP Coteaux d&#039;Aix-en-Provence | Des vins qui trouvent leur \u00e9quilibre entre fruit et fra\u00eecheur\" \/>\n<meta name=\"robots\" content=\"index, follow, max-snippet:-1, max-image-preview:large, max-video-preview:-1\" \/>\n<link rel=\"canonical\" href=\"https:\/\/fredavelle.fr\/index.php\/vins\/cuvee-domaine\/\" \/>\n<meta property=\"og:locale\" content=\"fr_FR\" \/>\n<meta property=\"og:type\" content=\"article\" \/>\n<meta property=\"og:title\" content=\"Cuv\u00e9e Domaine | Terroir frais de Provence\" \/>\n<meta property=\"og:description\" content=\"Cuv\u00e9e Domaine | Vin frais de Provence | AOP Coteaux d&#039;Aix-en-Provence | Des vins qui trouvent leur \u00e9quilibre entre fruit et fra\u00eecheur\" \/>\n<meta property=\"og:url\" content=\"https:\/\/fredavelle.fr\/index.php\/vins\/cuvee-domaine\/\" \/>\n<meta property=\"article:publisher\" content=\"https:\/\/www.facebook.com\/domainefredavelle\" \/>\n<meta property=\"article:modified_time\" content=\"2026-03-05T09:34:24+00:00\" \/>\n<meta property=\"og:image\" content=\"https:\/\/fredavelle.fr\/wp-content\/uploads\/2023\/11\/ambiance-domaine-1.png\" \/>\n\t<meta property=\"og:image:width\" content=\"1811\" \/>\n\t<meta property=\"og:image:height\" content=\"747\" \/>\n\t<meta property=\"og:image:type\" content=\"image\/png\" \/>\n<meta name=\"twitter:card\" content=\"summary_large_image\" \/>\n<meta name=\"twitter:label1\" content=\"Dur\u00e9e de lecture estim\u00e9e\" \/>\n\t<meta name=\"twitter:data1\" content=\"2 minutes\" \/>\n<script type=\"application\/ld+json\" class=\"yoast-schema-graph\">{\"@context\":\"https:\\\/\\\/schema.org\",\"@graph\":[{\"@type\":\"WebPage\",\"@id\":\"https:\\\/\\\/fredavelle.fr\\\/index.php\\\/vins\\\/cuvee-domaine\\\/\",\"url\":\"https:\\\/\\\/fredavelle.fr\\\/index.php\\\/vins\\\/cuvee-domaine\\\/\",\"name\":\"Cuv\u00e9e Domaine | Terroir frais de Provence\",\"isPartOf\":{\"@id\":\"https:\\\/\\\/fredavelle.fr\\\/#website\"},\"primaryImageOfPage\":{\"@id\":\"https:\\\/\\\/fredavelle.fr\\\/index.php\\\/vins\\\/cuvee-domaine\\\/#primaryimage\"},\"image\":{\"@id\":\"https:\\\/\\\/fredavelle.fr\\\/index.php\\\/vins\\\/cuvee-domaine\\\/#primaryimage\"},\"thumbnailUrl\":\"https:\\\/\\\/fredavelle.fr\\\/wp-content\\\/uploads\\\/2023\\\/11\\\/ambiance-domaine-1.png\",\"datePublished\":\"2023-11-10T16:35:02+00:00\",\"dateModified\":\"2026-03-05T09:34:24+00:00\",\"description\":\"Cuv\u00e9e Domaine | Vin frais de Provence | AOP Coteaux d'Aix-en-Provence | Des vins qui trouvent leur \u00e9quilibre entre fruit et fra\u00eecheur\",\"breadcrumb\":{\"@id\":\"https:\\\/\\\/fredavelle.fr\\\/index.php\\\/vins\\\/cuvee-domaine\\\/#breadcrumb\"},\"inLanguage\":\"fr-FR\",\"potentialAction\":[{\"@type\":\"ReadAction\",\"target\":[\"https:\\\/\\\/fredavelle.fr\\\/index.php\\\/vins\\\/cuvee-domaine\\\/\"]}]},{\"@type\":\"ImageObject\",\"inLanguage\":\"fr-FR\",\"@id\":\"https:\\\/\\\/fredavelle.fr\\\/index.php\\\/vins\\\/cuvee-domaine\\\/#primaryimage\",\"url\":\"https:\\\/\\\/fredavelle.fr\\\/wp-content\\\/uploads\\\/2023\\\/11\\\/ambiance-domaine-1.png\",\"contentUrl\":\"https:\\\/\\\/fredavelle.fr\\\/wp-content\\\/uploads\\\/2023\\\/11\\\/ambiance-domaine-1.png\",\"width\":1811,\"height\":747},{\"@type\":\"BreadcrumbList\",\"@id\":\"https:\\\/\\\/fredavelle.fr\\\/index.php\\\/vins\\\/cuvee-domaine\\\/#breadcrumb\",\"itemListElement\":[{\"@type\":\"ListItem\",\"position\":1,\"name\":\"Accueil\",\"item\":\"https:\\\/\\\/fredavelle.fr\\\/\"},{\"@type\":\"ListItem\",\"position\":2,\"name\":\"VINS\",\"item\":\"https:\\\/\\\/fredavelle.fr\\\/index.php\\\/vins\\\/\"},{\"@type\":\"ListItem\",\"position\":3,\"name\":\"DOMAINE\"}]},{\"@type\":\"WebSite\",\"@id\":\"https:\\\/\\\/fredavelle.fr\\\/#website\",\"url\":\"https:\\\/\\\/fredavelle.fr\\\/\",\"name\":\"Domaine Fredavelle\",\"description\":\"vignerons en coteaux d&#039;aix-en-provence\",\"publisher\":{\"@id\":\"https:\\\/\\\/fredavelle.fr\\\/#organization\"},\"potentialAction\":[{\"@type\":\"SearchAction\",\"target\":{\"@type\":\"EntryPoint\",\"urlTemplate\":\"https:\\\/\\\/fredavelle.fr\\\/?s={search_term_string}\"},\"query-input\":{\"@type\":\"PropertyValueSpecification\",\"valueRequired\":true,\"valueName\":\"search_term_string\"}}],\"inLanguage\":\"fr-FR\"},{\"@type\":\"Organization\",\"@id\":\"https:\\\/\\\/fredavelle.fr\\\/#organization\",\"name\":\"Domaine Fredavelle\",\"url\":\"https:\\\/\\\/fredavelle.fr\\\/\",\"logo\":{\"@type\":\"ImageObject\",\"inLanguage\":\"fr-FR\",\"@id\":\"https:\\\/\\\/fredavelle.fr\\\/#\\\/schema\\\/logo\\\/image\\\/\",\"url\":\"https:\\\/\\\/fredavelle.fr\\\/wp-content\\\/uploads\\\/2024\\\/08\\\/logo-pied-de-page-313.png\",\"contentUrl\":\"https:\\\/\\\/fredavelle.fr\\\/wp-content\\\/uploads\\\/2024\\\/08\\\/logo-pied-de-page-313.png\",\"width\":313,\"height\":313,\"caption\":\"Domaine Fredavelle\"},\"image\":{\"@id\":\"https:\\\/\\\/fredavelle.fr\\\/#\\\/schema\\\/logo\\\/image\\\/\"},\"sameAs\":[\"https:\\\/\\\/www.facebook.com\\\/domainefredavelle\",\"https:\\\/\\\/www.instagram.com\\\/domainefredavelle\"]}]}<\/script>\n<!-- \/ Yoast SEO plugin. -->","yoast_head_json":{"title":"Cuv\u00e9e Domaine | Terroir frais de Provence","description":"Cuv\u00e9e Domaine | Vin frais de Provence | AOP Coteaux d'Aix-en-Provence | Des vins qui trouvent leur \u00e9quilibre entre fruit et fra\u00eecheur","robots":{"index":"index","follow":"follow","max-snippet":"max-snippet:-1","max-image-preview":"max-image-preview:large","max-video-preview":"max-video-preview:-1"},"canonical":"https:\/\/fredavelle.fr\/index.php\/vins\/cuvee-domaine\/","og_locale":"fr_FR","og_type":"article","og_title":"Cuv\u00e9e Domaine | Terroir frais de Provence","og_description":"Cuv\u00e9e Domaine | Vin frais de Provence | AOP Coteaux d'Aix-en-Provence | Des vins qui trouvent leur \u00e9quilibre entre fruit et fra\u00eecheur","og_url":"https:\/\/fredavelle.fr\/index.php\/vins\/cuvee-domaine\/","article_publisher":"https:\/\/www.facebook.com\/domainefredavelle","article_modified_time":"2026-03-05T09:34:24+00:00","og_image":[{"width":1811,"height":747,"url":"https:\/\/fredavelle.fr\/wp-content\/uploads\/2023\/11\/ambiance-domaine-1.png","type":"image\/png"}],"twitter_card":"summary_large_image","twitter_misc":{"Dur\u00e9e de lecture estim\u00e9e":"2 minutes"},"schema":{"@context":"https:\/\/schema.org","@graph":[{"@type":"WebPage","@id":"https:\/\/fredavelle.fr\/index.php\/vins\/cuvee-domaine\/","url":"https:\/\/fredavelle.fr\/index.php\/vins\/cuvee-domaine\/","name":"Cuv\u00e9e Domaine | Terroir frais de Provence","isPartOf":{"@id":"https:\/\/fredavelle.fr\/#website"},"primaryImageOfPage":{"@id":"https:\/\/fredavelle.fr\/index.php\/vins\/cuvee-domaine\/#primaryimage"},"image":{"@id":"https:\/\/fredavelle.fr\/index.php\/vins\/cuvee-domaine\/#primaryimage"},"thumbnailUrl":"https:\/\/fredavelle.fr\/wp-content\/uploads\/2023\/11\/ambiance-domaine-1.png","datePublished":"2023-11-10T16:35:02+00:00","dateModified":"2026-03-05T09:34:24+00:00","description":"Cuv\u00e9e Domaine | Vin frais de Provence | AOP Coteaux d'Aix-en-Provence | Des vins qui trouvent leur \u00e9quilibre entre fruit et fra\u00eecheur","breadcrumb":{"@id":"https:\/\/fredavelle.fr\/index.php\/vins\/cuvee-domaine\/#breadcrumb"},"inLanguage":"fr-FR","potentialAction":[{"@type":"ReadAction","target":["https:\/\/fredavelle.fr\/index.php\/vins\/cuvee-domaine\/"]}]},{"@type":"ImageObject","inLanguage":"fr-FR","@id":"https:\/\/fredavelle.fr\/index.php\/vins\/cuvee-domaine\/#primaryimage","url":"https:\/\/fredavelle.fr\/wp-content\/uploads\/2023\/11\/ambiance-domaine-1.png","contentUrl":"https:\/\/fredavelle.fr\/wp-content\/uploads\/2023\/11\/ambiance-domaine-1.png","width":1811,"height":747},{"@type":"BreadcrumbList","@id":"https:\/\/fredavelle.fr\/index.php\/vins\/cuvee-domaine\/#breadcrumb","itemListElement":[{"@type":"ListItem","position":1,"name":"Accueil","item":"https:\/\/fredavelle.fr\/"},{"@type":"ListItem","position":2,"name":"VINS","item":"https:\/\/fredavelle.fr\/index.php\/vins\/"},{"@type":"ListItem","position":3,"name":"DOMAINE"}]},{"@type":"WebSite","@id":"https:\/\/fredavelle.fr\/#website","url":"https:\/\/fredavelle.fr\/","name":"Domaine Fredavelle","description":"vignerons en coteaux d&#039;aix-en-provence","publisher":{"@id":"https:\/\/fredavelle.fr\/#organization"},"potentialAction":[{"@type":"SearchAction","target":{"@type":"EntryPoint","urlTemplate":"https:\/\/fredavelle.fr\/?s={search_term_string}"},"query-input":{"@type":"PropertyValueSpecification","valueRequired":true,"valueName":"search_term_string"}}],"inLanguage":"fr-FR"},{"@type":"Organization","@id":"https:\/\/fredavelle.fr\/#organization","name":"Domaine Fredavelle","url":"https:\/\/fredavelle.fr\/","logo":{"@type":"ImageObject","inLanguage":"fr-FR","@id":"https:\/\/fredavelle.fr\/#\/schema\/logo\/image\/","url":"https:\/\/fredavelle.fr\/wp-content\/uploads\/2024\/08\/logo-pied-de-page-313.png","contentUrl":"https:\/\/fredavelle.fr\/wp-content\/uploads\/2024\/08\/logo-pied-de-page-313.png","width":313,"height":313,"caption":"Domaine Fredavelle"},"image":{"@id":"https:\/\/fredavelle.fr\/#\/schema\/logo\/image\/"},"sameAs":["https:\/\/www.facebook.com\/domainefredavelle","https:\/\/www.instagram.com\/domainefredavelle"]}]}},"uagb_featured_image_src":{"full":false,"thumbnail":false,"medium":false,"medium_large":false,"large":false,"1536x1536":false,"2048x2048":false,"inspiro-featured-image":false,"inspiro-loop":false,"inspiro-loop@2x":false,"tlp-portfolio-thumb":false},"uagb_author_info":{"display_name":"Domaine Fredavelle","author_link":"https:\/\/fredavelle.fr\/index.php\/author\/wordpress-owi\/"},"uagb_comment_info":0,"uagb_excerpt":null,"_links":{"self":[{"href":"https:\/\/fredavelle.fr\/index.php\/wp-json\/wp\/v2\/pages\/3094","targetHints":{"allow":["GET"]}}],"collection":[{"href":"https:\/\/fredavelle.fr\/index.php\/wp-json\/wp\/v2\/pages"}],"about":[{"href":"https:\/\/fredavelle.fr\/index.php\/wp-json\/wp\/v2\/types\/page"}],"author":[{"embeddable":true,"href":"https:\/\/fredavelle.fr\/index.php\/wp-json\/wp\/v2\/users\/1"}],"replies":[{"embeddable":true,"href":"https:\/\/fredavelle.fr\/index.php\/wp-json\/wp\/v2\/comments?post=3094"}],"version-history":[{"count":97,"href":"https:\/\/fredavelle.fr\/index.php\/wp-json\/wp\/v2\/pages\/3094\/revisions"}],"predecessor-version":[{"id":5618,"href":"https:\/\/fredavelle.fr\/index.php\/wp-json\/wp\/v2\/pages\/3094\/revisions\/5618"}],"up":[{"embeddable":true,"href":"https:\/\/fredavelle.fr\/index.php\/wp-json\/wp\/v2\/pages\/27"}],"wp:attachment":[{"href":"https:\/\/fredavelle.fr\/index.php\/wp-json\/wp\/v2\/media?parent=3094"}],"curies":[{"name":"wp","href":"https:\/\/api.w.org\/{rel}","templated":true}]}}