{"id":3064,"date":"2023-11-10T17:33:11","date_gmt":"2023-11-10T16:33:11","guid":{"rendered":"https:\/\/fredavelle.fr\/?page_id=3064"},"modified":"2025-11-03T11:56:15","modified_gmt":"2025-11-03T10:56:15","slug":"petnat-petillant-naturel-provence","status":"publish","type":"page","link":"https:\/\/fredavelle.fr\/index.php\/petnat-petillant-naturel-provence\/","title":{"rendered":"PET&#8217;NAT&#8217;"},"content":{"rendered":"\n<figure class=\"wp-block-image alignfull size-full\"><img loading=\"lazy\" decoding=\"async\" width=\"2560\" height=\"1424\" src=\"https:\/\/fredavelle.fr\/wp-content\/uploads\/2023\/12\/SPRAY-NB-tournee-2-scaled.jpg\" alt=\"\" class=\"wp-image-3772\" srcset=\"https:\/\/fredavelle.fr\/wp-content\/uploads\/2023\/12\/SPRAY-NB-tournee-2-scaled.jpg 2560w, https:\/\/fredavelle.fr\/wp-content\/uploads\/2023\/12\/SPRAY-NB-tournee-2-300x167.jpg 300w, https:\/\/fredavelle.fr\/wp-content\/uploads\/2023\/12\/SPRAY-NB-tournee-2-1024x570.jpg 1024w, https:\/\/fredavelle.fr\/wp-content\/uploads\/2023\/12\/SPRAY-NB-tournee-2-768x427.jpg 768w, https:\/\/fredavelle.fr\/wp-content\/uploads\/2023\/12\/SPRAY-NB-tournee-2-1536x854.jpg 1536w, https:\/\/fredavelle.fr\/wp-content\/uploads\/2023\/12\/SPRAY-NB-tournee-2-2048x1139.jpg 2048w, https:\/\/fredavelle.fr\/wp-content\/uploads\/2023\/12\/SPRAY-NB-tournee-2-2000x1113.jpg 2000w\" sizes=\"auto, (max-width: 2560px) 100vw, 2560px\" \/><\/figure>\n\n\n\n<hr class=\"wp-block-separator has-text-color has-white-color has-alpha-channel-opacity has-white-background-color has-background\"\/>\n\n\n\n<div class=\"wp-block-cover alignfull is-light\" style=\"min-height:221px;aspect-ratio:unset;\"><span aria-hidden=\"true\" class=\"wp-block-cover__background has-white-background-color has-background-dim-100 has-background-dim\"><\/span><div class=\"wp-block-cover__inner-container has-global-padding is-layout-constrained wp-block-cover-is-layout-constrained\">\n<p class=\"has-text-align-left has-black-color has-text-color has-larger-font-size\" style=\"text-transform:none\">C&#8217;EST QUOI UN PET&#8217;NAT&#8217; ?<\/p>\n\n\n\n<p class=\"has-black-color has-text-color\" style=\"text-transform:none\">Un vin p\u00e9tillant naturel. Un jus qui \u00e9tait en train de faire tranquillement sa fermentation alcoolique (transformation des sucres en alcool) quand tout \u00e0 coup, il est mis en bouteille.&nbsp;La fermentation s&#8217;est alors termin\u00e9e dans le flacon. Et comme s&#8217;en d\u00e9gage naturellement du CO2 (du gaz, des bulles quoi), cette p\u00e9tillance est rest\u00e9e captur\u00e9e. <\/p>\n\n\n\n<p class=\"has-black-color has-text-color\" style=\"text-transform:uppercase\">c&#8217;est sucr\u00e9 ?<\/p>\n\n\n\n<p class=\"has-black-color has-text-color\" style=\"text-transform:none\">Que nenni. Tous les sucres ont \u00e9t\u00e9 ferment\u00e9s, ce qui en fait un vin frais et l\u00e9ger. Les bulles fines apportent de la tonicit\u00e9 tout en conservant un caract\u00e8re fruit\u00e9 et digeste. Plaisir imm\u00e9diat garanti !<\/p>\n<\/div><\/div>\n\n\n\n<hr class=\"wp-block-separator has-text-color has-white-color has-alpha-channel-opacity has-white-background-color has-background\"\/>\n\n\n\n<div class=\"wp-block-cover alignfull is-light\" style=\"min-height:481px;aspect-ratio:unset;\"><img loading=\"lazy\" decoding=\"async\" width=\"2560\" height=\"1025\" class=\"wp-block-cover__image-background wp-image-3601\" alt=\"\" src=\"https:\/\/fredavelle.fr\/wp-content\/uploads\/2023\/11\/lance-de-raisin-format-site-internet-scaled.jpg\" style=\"object-position:55% 50%\" data-object-fit=\"cover\" data-object-position=\"55% 50%\" srcset=\"https:\/\/fredavelle.fr\/wp-content\/uploads\/2023\/11\/lance-de-raisin-format-site-internet-scaled.jpg 2560w, https:\/\/fredavelle.fr\/wp-content\/uploads\/2023\/11\/lance-de-raisin-format-site-internet-300x120.jpg 300w, https:\/\/fredavelle.fr\/wp-content\/uploads\/2023\/11\/lance-de-raisin-format-site-internet-1024x410.jpg 1024w, https:\/\/fredavelle.fr\/wp-content\/uploads\/2023\/11\/lance-de-raisin-format-site-internet-768x307.jpg 768w, https:\/\/fredavelle.fr\/wp-content\/uploads\/2023\/11\/lance-de-raisin-format-site-internet-1536x615.jpg 1536w, https:\/\/fredavelle.fr\/wp-content\/uploads\/2023\/11\/lance-de-raisin-format-site-internet-2048x820.jpg 2048w, https:\/\/fredavelle.fr\/wp-content\/uploads\/2023\/11\/lance-de-raisin-format-site-internet-2000x801.jpg 2000w\" sizes=\"auto, (max-width: 2560px) 100vw, 2560px\" \/><span aria-hidden=\"true\" class=\"wp-block-cover__background has-white-background-color has-background-dim-0 has-background-dim\"><\/span><div class=\"wp-block-cover__inner-container has-global-padding is-layout-constrained wp-block-cover-is-layout-constrained\">\n<p class=\"has-text-align-center has-large-font-size\"><\/p>\n<\/div><\/div>\n\n\n\n<hr class=\"wp-block-separator has-text-color has-white-color has-alpha-channel-opacity has-white-background-color has-background\"\/>\n\n\n\n<div class=\"wp-block-cover alignfull is-light\" style=\"min-height:221px;aspect-ratio:unset;\"><span aria-hidden=\"true\" class=\"wp-block-cover__background has-white-background-color has-background-dim-100 has-background-dim\"><\/span><div class=\"wp-block-cover__inner-container has-global-padding is-layout-constrained wp-block-cover-is-layout-constrained\">\n<p class=\"has-text-align-left has-black-color has-text-color has-larger-font-size\" style=\"text-transform:uppercase\">on en boit \u00e0 quelle occasion ?<\/p>\n\n\n\n<p class=\"has-black-color has-text-color\" style=\"text-transform:none\">\u00c0 chaque envie de bulles !<br>Ce vin naturellement p\u00e9tillant \u00e0 faible degr\u00e9 s\u2019appr\u00e9cie pour sa fra\u00eecheur et sa l\u00e9g\u00e8ret\u00e9. En bouche, son charme \u00e9l\u00e9gant et festif s\u00e9duira les amateurs de bulles l\u00e9g\u00e8res comme les curieux. Particuli\u00e8rement recommand\u00e9 \u00e0 l&#8217;ap\u00e9ritif, ou pour accompagner un dessert.<\/p>\n<\/div><\/div>\n\n\n\n<hr class=\"wp-block-separator has-text-color has-white-color has-alpha-channel-opacity has-white-background-color has-background\"\/>\n\n\n\n<div class=\"wp-block-media-text alignfull is-stacked-on-mobile is-image-fill-element\"><figure class=\"wp-block-media-text__media\"><img loading=\"lazy\" decoding=\"async\" width=\"682\" height=\"1024\" src=\"https:\/\/fredavelle.fr\/wp-content\/uploads\/2023\/10\/petnat-6-682x1024.jpg\" alt=\"\" class=\"wp-image-3070 size-full\" style=\"object-position:59% 76%\" srcset=\"https:\/\/fredavelle.fr\/wp-content\/uploads\/2023\/10\/petnat-6-682x1024.jpg 682w, https:\/\/fredavelle.fr\/wp-content\/uploads\/2023\/10\/petnat-6-200x300.jpg 200w, https:\/\/fredavelle.fr\/wp-content\/uploads\/2023\/10\/petnat-6-768x1153.jpg 768w, https:\/\/fredavelle.fr\/wp-content\/uploads\/2023\/10\/petnat-6-1023x1536.jpg 1023w, https:\/\/fredavelle.fr\/wp-content\/uploads\/2023\/10\/petnat-6-1364x2048.jpg 1364w, https:\/\/fredavelle.fr\/wp-content\/uploads\/2023\/10\/petnat-6-2000x3003.jpg 2000w, https:\/\/fredavelle.fr\/wp-content\/uploads\/2023\/10\/petnat-6-scaled.jpg 1705w\" sizes=\"auto, (max-width: 682px) 100vw, 682px\" \/><\/figure><div class=\"wp-block-media-text__content\">\n<hr class=\"wp-block-separator has-text-color has-white-color has-alpha-channel-opacity has-white-background-color has-background\"\/>\n\n\n\n<p class=\"has-text-align-left has-black-color has-text-color has-link-color wp-elements-b0d79988f19b9f86cb22fd9d98b54472\" style=\"font-size:clamp(16.293px, 1.018rem + ((1vw - 3.2px) * 0.771), 25px);text-transform:uppercase\">aUthenticit\u00e9<br>originalit\u00e9<br>caract\u00e8re<\/p>\n\n\n\n<div class=\"wp-block-buttons is-content-justification-left is-layout-flex wp-container-core-buttons-is-layout-fc4fd283 wp-block-buttons-is-layout-flex\">\n<div class=\"wp-block-button is-style-outline is-style-outline--1\"><a class=\"wp-block-button__link has-black-color has-text-color has-link-color wp-element-button\" href=\"https:\/\/fredavelle.fr\/wp-content\/uploads\/2025\/01\/PetNat-rose.pdf\" style=\"border-radius:0px\" target=\"_blank\" rel=\"noreferrer noopener\">d\u00e9couvrir le ros\u00e9<\/a><\/div>\n<\/div>\n\n\n\n<hr class=\"wp-block-separator has-text-color has-white-color has-alpha-channel-opacity has-white-background-color has-background\"\/>\n<\/div><\/div>\n\n\n\n<div class=\"wp-block-media-text alignfull has-media-on-the-right is-stacked-on-mobile is-image-fill-element\"><div class=\"wp-block-media-text__content\">\n<hr class=\"wp-block-separator has-text-color has-white-color has-alpha-channel-opacity has-white-background-color has-background\"\/>\n\n\n\n<p class=\"has-text-align-right has-black-color has-text-color has-link-color wp-elements-585b79afc81225937e6fb68aa3908ec2\" style=\"font-size:clamp(16.293px, 1.018rem + ((1vw - 3.2px) * 0.771), 25px);text-transform:uppercase\">\u00e9L\u00e9GANCE<br>FRA\u00eeCHEUR<br>FINESSE<\/p>\n\n\n\n<div class=\"wp-block-buttons is-content-justification-right is-layout-flex wp-container-core-buttons-is-layout-d445cf74 wp-block-buttons-is-layout-flex\">\n<div class=\"wp-block-button is-style-outline is-style-outline--2\"><a class=\"wp-block-button__link has-black-color has-text-color has-link-color has-text-align-right wp-element-button\" href=\"https:\/\/fredavelle.fr\/wp-content\/uploads\/2025\/01\/PetNat-blanc-de-noir.pdf\" style=\"border-radius:0px\" target=\"_blank\" rel=\"noreferrer noopener\">d\u00e9couvrir le blanc de noir<\/a><\/div>\n<\/div>\n\n\n\n<hr class=\"wp-block-separator has-text-color has-white-color has-alpha-channel-opacity has-white-background-color has-background\"\/>\n<\/div><figure class=\"wp-block-media-text__media\"><img loading=\"lazy\" decoding=\"async\" width=\"1024\" height=\"683\" src=\"https:\/\/fredavelle.fr\/wp-content\/uploads\/2025\/01\/CE-BDN-site-web-1024x683.jpg\" alt=\"\" class=\"wp-image-4996 size-full\" style=\"object-position:63% 38%\" srcset=\"https:\/\/fredavelle.fr\/wp-content\/uploads\/2025\/01\/CE-BDN-site-web-1024x683.jpg 1024w, https:\/\/fredavelle.fr\/wp-content\/uploads\/2025\/01\/CE-BDN-site-web-300x200.jpg 300w, https:\/\/fredavelle.fr\/wp-content\/uploads\/2025\/01\/CE-BDN-site-web.jpg 1365w\" sizes=\"auto, (max-width: 1024px) 100vw, 1024px\" \/><\/figure><\/div>\n\n\n\n<hr class=\"wp-block-separator has-text-color has-white-color has-alpha-channel-opacity has-white-background-color has-background\"\/>\n\n\n\n<div class=\"wp-block-cover alignfull is-light\" style=\"min-height:221px;aspect-ratio:unset;\"><span aria-hidden=\"true\" class=\"wp-block-cover__background has-white-background-color has-background-dim-100 has-background-dim\"><\/span><div class=\"wp-block-cover__inner-container has-global-padding is-layout-constrained wp-container-core-cover-is-layout-19e250f3 wp-block-cover-is-layout-constrained\">\n<p class=\"has-text-align-left has-black-color has-text-color has-larger-font-size\" style=\"text-transform:uppercase\">LES CR\u00c9ATIONS x Samuel @<a href=\"https:\/\/www.instagram.com\/esenscp\/?hl=fr\" data-type=\"link\" data-id=\"https:\/\/www.instagram.com\/esenscp\/?hl=fr\" target=\"_blank\" rel=\"noreferrer noopener\">Esenscp<\/a><\/p>\n\n\n\n<p class=\"has-black-color has-text-color\" style=\"text-transform:none\">Notre PET&#8217;NAT&#8217; peut \u00e9galement s&#8217;appr\u00e9cier en cocktails.<\/p>\n\n\n\n<p class=\"has-black-color has-text-color\" style=\"text-transform:none\">Nous en avons fait l&#8217;exp\u00e9rience suite \u00e0 notre rencontre avec Samuel, mixologue et co-g\u00e9rant d&#8217;<a href=\"https:\/\/esens-cp.fr\/boutique\/\" data-type=\"link\" data-id=\"https:\/\/esens-cp.fr\/boutique\/\" target=\"_blank\" rel=\"noreferrer noopener\">Esens<\/a>, soci\u00e9t\u00e9 locale bas\u00e9e \u00e0 Eguilles sp\u00e9cialis\u00e9e dans l&#8217;association de cocktails originaux et de p\u00e2tisseries \u00e9labor\u00e9es.<br>Retrouvez trois id\u00e9es de cocktails faciles \u00e0 r\u00e9aliser et tr\u00e8s appr\u00e9ci\u00e9s !<\/p>\n<\/div><\/div>\n\n\n\n<hr class=\"wp-block-separator has-text-color has-white-color has-alpha-channel-opacity has-white-background-color has-background\"\/>\n\n\n\n<div class=\"wp-block-columns alignwide is-layout-flex wp-container-core-columns-is-layout-d93f6e47 wp-block-columns-is-layout-flex\" style=\"margin-top:0;margin-bottom:0;padding-right:var(--wp--preset--spacing--large);padding-left:var(--wp--preset--spacing--large)\">\n<div class=\"wp-block-column is-layout-flow wp-block-column-is-layout-flow\">\n<figure class=\"wp-block-image size-full is-style-default\" style=\"margin-right:0;margin-left:0\"><img loading=\"lazy\" decoding=\"async\" width=\"590\" height=\"885\" src=\"https:\/\/fredavelle.fr\/wp-content\/uploads\/2023\/12\/carte-PASSION.jpg\" alt=\"\" class=\"wp-image-3728\" srcset=\"https:\/\/fredavelle.fr\/wp-content\/uploads\/2023\/12\/carte-PASSION.jpg 590w, https:\/\/fredavelle.fr\/wp-content\/uploads\/2023\/12\/carte-PASSION-200x300.jpg 200w\" sizes=\"auto, (max-width: 590px) 100vw, 590px\" \/><\/figure>\n<\/div>\n\n\n\n<div class=\"wp-block-column is-layout-flow wp-container-core-column-is-layout-b108c007 wp-block-column-is-layout-flow\" style=\"padding-right:0;padding-left:0\">\n<figure class=\"wp-block-image size-full\"><img loading=\"lazy\" decoding=\"async\" width=\"590\" height=\"885\" src=\"https:\/\/fredavelle.fr\/wp-content\/uploads\/2023\/12\/carte-FEVER.jpg\" alt=\"\" class=\"wp-image-3729\" srcset=\"https:\/\/fredavelle.fr\/wp-content\/uploads\/2023\/12\/carte-FEVER.jpg 590w, https:\/\/fredavelle.fr\/wp-content\/uploads\/2023\/12\/carte-FEVER-200x300.jpg 200w\" sizes=\"auto, (max-width: 590px) 100vw, 590px\" \/><\/figure>\n<\/div>\n\n\n\n<div class=\"wp-block-column is-layout-flow wp-block-column-is-layout-flow\">\n<figure class=\"wp-block-image size-full\"><img loading=\"lazy\" decoding=\"async\" width=\"590\" height=\"885\" src=\"https:\/\/fredavelle.fr\/wp-content\/uploads\/2023\/12\/carte-MIDNIGHT.jpg\" alt=\"\" class=\"wp-image-3730\" srcset=\"https:\/\/fredavelle.fr\/wp-content\/uploads\/2023\/12\/carte-MIDNIGHT.jpg 590w, https:\/\/fredavelle.fr\/wp-content\/uploads\/2023\/12\/carte-MIDNIGHT-200x300.jpg 200w\" sizes=\"auto, (max-width: 590px) 100vw, 590px\" \/><\/figure>\n<\/div>\n<\/div>\n\n\n\n<div class=\"wp-block-cover alignfull is-light\" style=\"min-height:221px;aspect-ratio:unset;\"><span aria-hidden=\"true\" class=\"wp-block-cover__background has-white-background-color has-background-dim-100 has-background-dim\"><\/span><div class=\"wp-block-cover__inner-container has-global-padding is-layout-constrained wp-block-cover-is-layout-constrained\">\n<p class=\"has-text-align-left has-black-color has-text-color\" style=\"font-size:clamp(18.959px, 1.185rem + ((1vw - 3.2px) * 0.977), 30px);text-transform:uppercase\">&#8221; j&#8217;adore les plaisirs simples. ils forment le dernier refuge des \u00e2mes complexes &#8220;<\/p>\n\n\n\n<p class=\"has-text-align-left has-black-color has-text-color\" style=\"font-size:clamp(14px, 0.875rem + ((1vw - 3.2px) * 0.531), 20px);text-transform:capitalize\">Oscar Wilde<\/p>\n<\/div><\/div>\n","protected":false},"excerpt":{"rendered":"","protected":false},"author":1,"featured_media":0,"parent":0,"menu_order":0,"comment_status":"closed","ping_status":"closed","template":"page-templates\/full-width-transparent.php","meta":{"_uag_custom_page_level_css":"","inspiro_hide_title":false,"footnotes":""},"class_list":["post-3064","page","type-page","status-publish","hentry"],"yoast_head":"<!-- This site is optimized with the Yoast SEO plugin v27.4 - https:\/\/yoast.com\/product\/yoast-seo-wordpress\/ -->\n<title>PET&#039;NAT&#039;<\/title>\n<meta name=\"description\" content=\"Pet&#039;Nat&#039;, Un vin p\u00e9tillant naturel. Ce vin naturellement p\u00e9tillant \u00e0 faible degr\u00e9 s\u2019appr\u00e9cie pour sa fra\u00eecheur et sa l\u00e9g\u00e8ret\u00e9.\" \/>\n<meta name=\"robots\" content=\"index, follow, max-snippet:-1, max-image-preview:large, max-video-preview:-1\" \/>\n<link rel=\"canonical\" href=\"https:\/\/fredavelle.fr\/index.php\/petnat-petillant-naturel-provence\/\" \/>\n<meta property=\"og:locale\" content=\"fr_FR\" \/>\n<meta property=\"og:type\" content=\"article\" \/>\n<meta property=\"og:title\" content=\"PET&#039;NAT&#039;\" \/>\n<meta property=\"og:description\" content=\"Pet&#039;Nat&#039;, Un vin p\u00e9tillant naturel. Ce vin naturellement p\u00e9tillant \u00e0 faible degr\u00e9 s\u2019appr\u00e9cie pour sa fra\u00eecheur et sa l\u00e9g\u00e8ret\u00e9.\" \/>\n<meta property=\"og:url\" content=\"https:\/\/fredavelle.fr\/index.php\/petnat-petillant-naturel-provence\/\" \/>\n<meta property=\"article:publisher\" content=\"https:\/\/www.facebook.com\/domainefredavelle\" \/>\n<meta property=\"article:modified_time\" content=\"2025-11-03T10:56:15+00:00\" \/>\n<meta property=\"og:image\" content=\"https:\/\/fredavelle.fr\/wp-content\/uploads\/2023\/12\/SPRAY-NB-tournee-2-scaled.jpg\" \/>\n\t<meta property=\"og:image:width\" content=\"2560\" \/>\n\t<meta property=\"og:image:height\" content=\"1424\" \/>\n\t<meta property=\"og:image:type\" content=\"image\/jpeg\" \/>\n<meta name=\"twitter:card\" content=\"summary_large_image\" \/>\n<meta name=\"twitter:label1\" content=\"Dur\u00e9e de lecture estim\u00e9e\" \/>\n\t<meta name=\"twitter:data1\" content=\"3 minutes\" \/>\n<script type=\"application\/ld+json\" class=\"yoast-schema-graph\">{\"@context\":\"https:\\\/\\\/schema.org\",\"@graph\":[{\"@type\":\"WebPage\",\"@id\":\"https:\\\/\\\/fredavelle.fr\\\/index.php\\\/petnat-petillant-naturel-provence\\\/\",\"url\":\"https:\\\/\\\/fredavelle.fr\\\/index.php\\\/petnat-petillant-naturel-provence\\\/\",\"name\":\"PET'NAT'\",\"isPartOf\":{\"@id\":\"https:\\\/\\\/fredavelle.fr\\\/#website\"},\"primaryImageOfPage\":{\"@id\":\"https:\\\/\\\/fredavelle.fr\\\/index.php\\\/petnat-petillant-naturel-provence\\\/#primaryimage\"},\"image\":{\"@id\":\"https:\\\/\\\/fredavelle.fr\\\/index.php\\\/petnat-petillant-naturel-provence\\\/#primaryimage\"},\"thumbnailUrl\":\"https:\\\/\\\/fredavelle.fr\\\/wp-content\\\/uploads\\\/2023\\\/12\\\/SPRAY-NB-tournee-2-scaled.jpg\",\"datePublished\":\"2023-11-10T16:33:11+00:00\",\"dateModified\":\"2025-11-03T10:56:15+00:00\",\"description\":\"Pet'Nat', Un vin p\u00e9tillant naturel. Ce vin naturellement p\u00e9tillant \u00e0 faible degr\u00e9 s\u2019appr\u00e9cie pour sa fra\u00eecheur et sa l\u00e9g\u00e8ret\u00e9.\",\"breadcrumb\":{\"@id\":\"https:\\\/\\\/fredavelle.fr\\\/index.php\\\/petnat-petillant-naturel-provence\\\/#breadcrumb\"},\"inLanguage\":\"fr-FR\",\"potentialAction\":[{\"@type\":\"ReadAction\",\"target\":[\"https:\\\/\\\/fredavelle.fr\\\/index.php\\\/petnat-petillant-naturel-provence\\\/\"]}]},{\"@type\":\"ImageObject\",\"inLanguage\":\"fr-FR\",\"@id\":\"https:\\\/\\\/fredavelle.fr\\\/index.php\\\/petnat-petillant-naturel-provence\\\/#primaryimage\",\"url\":\"https:\\\/\\\/fredavelle.fr\\\/wp-content\\\/uploads\\\/2023\\\/12\\\/SPRAY-NB-tournee-2-scaled.jpg\",\"contentUrl\":\"https:\\\/\\\/fredavelle.fr\\\/wp-content\\\/uploads\\\/2023\\\/12\\\/SPRAY-NB-tournee-2-scaled.jpg\",\"width\":2560,\"height\":1424},{\"@type\":\"BreadcrumbList\",\"@id\":\"https:\\\/\\\/fredavelle.fr\\\/index.php\\\/petnat-petillant-naturel-provence\\\/#breadcrumb\",\"itemListElement\":[{\"@type\":\"ListItem\",\"position\":1,\"name\":\"Accueil\",\"item\":\"https:\\\/\\\/fredavelle.fr\\\/\"},{\"@type\":\"ListItem\",\"position\":2,\"name\":\"PET&#8217;NAT&#8217;\"}]},{\"@type\":\"WebSite\",\"@id\":\"https:\\\/\\\/fredavelle.fr\\\/#website\",\"url\":\"https:\\\/\\\/fredavelle.fr\\\/\",\"name\":\"Domaine Fredavelle\",\"description\":\"vignerons en coteaux d&#039;aix-en-provence\",\"publisher\":{\"@id\":\"https:\\\/\\\/fredavelle.fr\\\/#organization\"},\"potentialAction\":[{\"@type\":\"SearchAction\",\"target\":{\"@type\":\"EntryPoint\",\"urlTemplate\":\"https:\\\/\\\/fredavelle.fr\\\/?s={search_term_string}\"},\"query-input\":{\"@type\":\"PropertyValueSpecification\",\"valueRequired\":true,\"valueName\":\"search_term_string\"}}],\"inLanguage\":\"fr-FR\"},{\"@type\":\"Organization\",\"@id\":\"https:\\\/\\\/fredavelle.fr\\\/#organization\",\"name\":\"Domaine Fredavelle\",\"url\":\"https:\\\/\\\/fredavelle.fr\\\/\",\"logo\":{\"@type\":\"ImageObject\",\"inLanguage\":\"fr-FR\",\"@id\":\"https:\\\/\\\/fredavelle.fr\\\/#\\\/schema\\\/logo\\\/image\\\/\",\"url\":\"https:\\\/\\\/fredavelle.fr\\\/wp-content\\\/uploads\\\/2024\\\/08\\\/logo-pied-de-page-313.png\",\"contentUrl\":\"https:\\\/\\\/fredavelle.fr\\\/wp-content\\\/uploads\\\/2024\\\/08\\\/logo-pied-de-page-313.png\",\"width\":313,\"height\":313,\"caption\":\"Domaine Fredavelle\"},\"image\":{\"@id\":\"https:\\\/\\\/fredavelle.fr\\\/#\\\/schema\\\/logo\\\/image\\\/\"},\"sameAs\":[\"https:\\\/\\\/www.facebook.com\\\/domainefredavelle\",\"https:\\\/\\\/www.instagram.com\\\/domainefredavelle\"]}]}<\/script>\n<!-- \/ Yoast SEO plugin. -->","yoast_head_json":{"title":"PET'NAT'","description":"Pet'Nat', Un vin p\u00e9tillant naturel. Ce vin naturellement p\u00e9tillant \u00e0 faible degr\u00e9 s\u2019appr\u00e9cie pour sa fra\u00eecheur et sa l\u00e9g\u00e8ret\u00e9.","robots":{"index":"index","follow":"follow","max-snippet":"max-snippet:-1","max-image-preview":"max-image-preview:large","max-video-preview":"max-video-preview:-1"},"canonical":"https:\/\/fredavelle.fr\/index.php\/petnat-petillant-naturel-provence\/","og_locale":"fr_FR","og_type":"article","og_title":"PET'NAT'","og_description":"Pet'Nat', Un vin p\u00e9tillant naturel. Ce vin naturellement p\u00e9tillant \u00e0 faible degr\u00e9 s\u2019appr\u00e9cie pour sa fra\u00eecheur et sa l\u00e9g\u00e8ret\u00e9.","og_url":"https:\/\/fredavelle.fr\/index.php\/petnat-petillant-naturel-provence\/","article_publisher":"https:\/\/www.facebook.com\/domainefredavelle","article_modified_time":"2025-11-03T10:56:15+00:00","og_image":[{"width":2560,"height":1424,"url":"https:\/\/fredavelle.fr\/wp-content\/uploads\/2023\/12\/SPRAY-NB-tournee-2-scaled.jpg","type":"image\/jpeg"}],"twitter_card":"summary_large_image","twitter_misc":{"Dur\u00e9e de lecture estim\u00e9e":"3 minutes"},"schema":{"@context":"https:\/\/schema.org","@graph":[{"@type":"WebPage","@id":"https:\/\/fredavelle.fr\/index.php\/petnat-petillant-naturel-provence\/","url":"https:\/\/fredavelle.fr\/index.php\/petnat-petillant-naturel-provence\/","name":"PET'NAT'","isPartOf":{"@id":"https:\/\/fredavelle.fr\/#website"},"primaryImageOfPage":{"@id":"https:\/\/fredavelle.fr\/index.php\/petnat-petillant-naturel-provence\/#primaryimage"},"image":{"@id":"https:\/\/fredavelle.fr\/index.php\/petnat-petillant-naturel-provence\/#primaryimage"},"thumbnailUrl":"https:\/\/fredavelle.fr\/wp-content\/uploads\/2023\/12\/SPRAY-NB-tournee-2-scaled.jpg","datePublished":"2023-11-10T16:33:11+00:00","dateModified":"2025-11-03T10:56:15+00:00","description":"Pet'Nat', Un vin p\u00e9tillant naturel. Ce vin naturellement p\u00e9tillant \u00e0 faible degr\u00e9 s\u2019appr\u00e9cie pour sa fra\u00eecheur et sa l\u00e9g\u00e8ret\u00e9.","breadcrumb":{"@id":"https:\/\/fredavelle.fr\/index.php\/petnat-petillant-naturel-provence\/#breadcrumb"},"inLanguage":"fr-FR","potentialAction":[{"@type":"ReadAction","target":["https:\/\/fredavelle.fr\/index.php\/petnat-petillant-naturel-provence\/"]}]},{"@type":"ImageObject","inLanguage":"fr-FR","@id":"https:\/\/fredavelle.fr\/index.php\/petnat-petillant-naturel-provence\/#primaryimage","url":"https:\/\/fredavelle.fr\/wp-content\/uploads\/2023\/12\/SPRAY-NB-tournee-2-scaled.jpg","contentUrl":"https:\/\/fredavelle.fr\/wp-content\/uploads\/2023\/12\/SPRAY-NB-tournee-2-scaled.jpg","width":2560,"height":1424},{"@type":"BreadcrumbList","@id":"https:\/\/fredavelle.fr\/index.php\/petnat-petillant-naturel-provence\/#breadcrumb","itemListElement":[{"@type":"ListItem","position":1,"name":"Accueil","item":"https:\/\/fredavelle.fr\/"},{"@type":"ListItem","position":2,"name":"PET&#8217;NAT&#8217;"}]},{"@type":"WebSite","@id":"https:\/\/fredavelle.fr\/#website","url":"https:\/\/fredavelle.fr\/","name":"Domaine Fredavelle","description":"vignerons en coteaux d&#039;aix-en-provence","publisher":{"@id":"https:\/\/fredavelle.fr\/#organization"},"potentialAction":[{"@type":"SearchAction","target":{"@type":"EntryPoint","urlTemplate":"https:\/\/fredavelle.fr\/?s={search_term_string}"},"query-input":{"@type":"PropertyValueSpecification","valueRequired":true,"valueName":"search_term_string"}}],"inLanguage":"fr-FR"},{"@type":"Organization","@id":"https:\/\/fredavelle.fr\/#organization","name":"Domaine Fredavelle","url":"https:\/\/fredavelle.fr\/","logo":{"@type":"ImageObject","inLanguage":"fr-FR","@id":"https:\/\/fredavelle.fr\/#\/schema\/logo\/image\/","url":"https:\/\/fredavelle.fr\/wp-content\/uploads\/2024\/08\/logo-pied-de-page-313.png","contentUrl":"https:\/\/fredavelle.fr\/wp-content\/uploads\/2024\/08\/logo-pied-de-page-313.png","width":313,"height":313,"caption":"Domaine Fredavelle"},"image":{"@id":"https:\/\/fredavelle.fr\/#\/schema\/logo\/image\/"},"sameAs":["https:\/\/www.facebook.com\/domainefredavelle","https:\/\/www.instagram.com\/domainefredavelle"]}]}},"uagb_featured_image_src":{"full":false,"thumbnail":false,"medium":false,"medium_large":false,"large":false,"1536x1536":false,"2048x2048":false,"inspiro-featured-image":false,"inspiro-loop":false,"inspiro-loop@2x":false,"tlp-portfolio-thumb":false},"uagb_author_info":{"display_name":"Domaine Fredavelle","author_link":"https:\/\/fredavelle.fr\/index.php\/author\/wordpress-owi\/"},"uagb_comment_info":0,"uagb_excerpt":null,"_links":{"self":[{"href":"https:\/\/fredavelle.fr\/index.php\/wp-json\/wp\/v2\/pages\/3064","targetHints":{"allow":["GET"]}}],"collection":[{"href":"https:\/\/fredavelle.fr\/index.php\/wp-json\/wp\/v2\/pages"}],"about":[{"href":"https:\/\/fredavelle.fr\/index.php\/wp-json\/wp\/v2\/types\/page"}],"author":[{"embeddable":true,"href":"https:\/\/fredavelle.fr\/index.php\/wp-json\/wp\/v2\/users\/1"}],"replies":[{"embeddable":true,"href":"https:\/\/fredavelle.fr\/index.php\/wp-json\/wp\/v2\/comments?post=3064"}],"version-history":[{"count":31,"href":"https:\/\/fredavelle.fr\/index.php\/wp-json\/wp\/v2\/pages\/3064\/revisions"}],"predecessor-version":[{"id":5308,"href":"https:\/\/fredavelle.fr\/index.php\/wp-json\/wp\/v2\/pages\/3064\/revisions\/5308"}],"wp:attachment":[{"href":"https:\/\/fredavelle.fr\/index.php\/wp-json\/wp\/v2\/media?parent=3064"}],"curies":[{"name":"wp","href":"https:\/\/api.w.org\/{rel}","templated":true}]}}