{"id":2971,"date":"2023-11-10T17:35:50","date_gmt":"2023-11-10T16:35:50","guid":{"rendered":"https:\/\/fredavelle.fr\/?page_id=2971"},"modified":"2024-05-21T15:59:59","modified_gmt":"2024-05-21T13:59:59","slug":"espace-degustation","status":"publish","type":"page","link":"https:\/\/fredavelle.fr\/index.php\/espace-degustation\/","title":{"rendered":"ESPACE DEGUSTATION"},"content":{"rendered":"\n<div class=\"wp-block-cover alignfull has-custom-content-position is-position-bottom-center\" style=\"min-height:654px;aspect-ratio:unset;\"><span aria-hidden=\"true\" class=\"wp-block-cover__background has-background-dim-0 has-background-dim\"><\/span><img loading=\"lazy\" decoding=\"async\" width=\"1348\" height=\"898\" class=\"wp-block-cover__image-background wp-image-3411\" alt=\"\" src=\"https:\/\/fredavelle.fr\/wp-content\/uploads\/2023\/11\/20190823_FREDAVELLE_RenaudAlouche_05680-edited-1.jpg\" style=\"object-position:0% 100%\" data-object-fit=\"cover\" data-object-position=\"0% 100%\" srcset=\"https:\/\/fredavelle.fr\/wp-content\/uploads\/2023\/11\/20190823_FREDAVELLE_RenaudAlouche_05680-edited-1.jpg 1348w, https:\/\/fredavelle.fr\/wp-content\/uploads\/2023\/11\/20190823_FREDAVELLE_RenaudAlouche_05680-edited-1-300x200.jpg 300w, https:\/\/fredavelle.fr\/wp-content\/uploads\/2023\/11\/20190823_FREDAVELLE_RenaudAlouche_05680-edited-1-1024x682.jpg 1024w, https:\/\/fredavelle.fr\/wp-content\/uploads\/2023\/11\/20190823_FREDAVELLE_RenaudAlouche_05680-edited-1-768x512.jpg 768w\" sizes=\"auto, (max-width: 1348px) 100vw, 1348px\" \/><div class=\"wp-block-cover__inner-container has-global-padding is-layout-constrained wp-block-cover-is-layout-constrained\">\n<p class=\"has-text-align-left\" style=\"font-size:clamp(14px, 0.875rem + ((1vw - 3.2px) * 0.088), 15px);\">Espace de d\u00e9gustation moderne offrant une vue imprenable&nbsp;sur les vignes du domaine. Le lieu b\u00e9n\u00e9ficie d\u2019une climatisation, de tables et de chaises qui permettent aux visiteurs de profiter des produits propos\u00e9s.<\/p>\n<\/div><\/div>\n\n\n\n<div class=\"wp-block-cover alignfull is-light has-custom-content-position is-position-top-center\" style=\"min-height:214px;aspect-ratio:unset;\"><span aria-hidden=\"true\" class=\"wp-block-cover__background has-white-background-color has-background-dim-100 has-background-dim\"><\/span><div class=\"wp-block-cover__inner-container has-global-padding is-layout-constrained wp-block-cover-is-layout-constrained\">\n<p>UNE BOUTIQUE POUR VOS ACHATS<\/p>\n\n\n\n<p>En compl\u00e9ment de nos vins, nous proposons des produits rigoureusement s\u00e9lectionn\u00e9s pour leur qualit\u00e9. A la carte, champagnes, rhums ou encore bi\u00e8res artisanales ; et pour accompagner nos boissons, piochez dans une large gamme des sp\u00e9cialit\u00e9s sal\u00e9es et sucr\u00e9es issues de maisons familiales.<br><\/p>\n\n\n\n<p>Vente \u00e0 emporter et possibilit\u00e9 de consommer sur place | R\u00e9alisation de coffrets cadeaux personnalis\u00e9s<\/p>\n<\/div><\/div>\n","protected":false},"excerpt":{"rendered":"","protected":false},"author":1,"featured_media":0,"parent":0,"menu_order":0,"comment_status":"closed","ping_status":"closed","template":"page-templates\/full-width-transparent.php","meta":{"_uag_custom_page_level_css":"","inspiro_hide_title":false,"footnotes":""},"class_list":["post-2971","page","type-page","status-publish","hentry"],"yoast_head":"<!-- This site is optimized with the Yoast SEO plugin v27.4 - https:\/\/yoast.com\/product\/yoast-seo-wordpress\/ -->\n<title>ESPACE DEGUSTATION<\/title>\n<meta name=\"robots\" content=\"index, follow, max-snippet:-1, max-image-preview:large, max-video-preview:-1\" \/>\n<link rel=\"canonical\" href=\"https:\/\/fredavelle.fr\/index.php\/espace-degustation\/\" \/>\n<meta property=\"og:locale\" content=\"fr_FR\" \/>\n<meta property=\"og:type\" content=\"article\" \/>\n<meta property=\"og:title\" content=\"ESPACE DEGUSTATION\" \/>\n<meta property=\"og:url\" content=\"https:\/\/fredavelle.fr\/index.php\/espace-degustation\/\" \/>\n<meta property=\"article:publisher\" content=\"https:\/\/www.facebook.com\/domainefredavelle\" \/>\n<meta property=\"article:modified_time\" content=\"2024-05-21T13:59:59+00:00\" \/>\n<meta property=\"og:image\" content=\"https:\/\/fredavelle.fr\/wp-content\/uploads\/2023\/11\/20190823_FREDAVELLE_RenaudAlouche_05680-edited-1.jpg\" \/>\n\t<meta property=\"og:image:width\" content=\"1348\" \/>\n\t<meta property=\"og:image:height\" content=\"898\" \/>\n\t<meta property=\"og:image:type\" content=\"image\/jpeg\" \/>\n<meta name=\"twitter:card\" content=\"summary_large_image\" \/>\n<meta name=\"twitter:label1\" content=\"Dur\u00e9e de lecture estim\u00e9e\" \/>\n\t<meta name=\"twitter:data1\" content=\"1 minute\" \/>\n<script type=\"application\/ld+json\" class=\"yoast-schema-graph\">{\"@context\":\"https:\\\/\\\/schema.org\",\"@graph\":[{\"@type\":\"WebPage\",\"@id\":\"https:\\\/\\\/fredavelle.fr\\\/index.php\\\/espace-degustation\\\/\",\"url\":\"https:\\\/\\\/fredavelle.fr\\\/index.php\\\/espace-degustation\\\/\",\"name\":\"ESPACE DEGUSTATION\",\"isPartOf\":{\"@id\":\"https:\\\/\\\/fredavelle.fr\\\/#website\"},\"primaryImageOfPage\":{\"@id\":\"https:\\\/\\\/fredavelle.fr\\\/index.php\\\/espace-degustation\\\/#primaryimage\"},\"image\":{\"@id\":\"https:\\\/\\\/fredavelle.fr\\\/index.php\\\/espace-degustation\\\/#primaryimage\"},\"thumbnailUrl\":\"https:\\\/\\\/fredavelle.fr\\\/wp-content\\\/uploads\\\/2023\\\/11\\\/20190823_FREDAVELLE_RenaudAlouche_05680-edited-1.jpg\",\"datePublished\":\"2023-11-10T16:35:50+00:00\",\"dateModified\":\"2024-05-21T13:59:59+00:00\",\"breadcrumb\":{\"@id\":\"https:\\\/\\\/fredavelle.fr\\\/index.php\\\/espace-degustation\\\/#breadcrumb\"},\"inLanguage\":\"fr-FR\",\"potentialAction\":[{\"@type\":\"ReadAction\",\"target\":[\"https:\\\/\\\/fredavelle.fr\\\/index.php\\\/espace-degustation\\\/\"]}]},{\"@type\":\"ImageObject\",\"inLanguage\":\"fr-FR\",\"@id\":\"https:\\\/\\\/fredavelle.fr\\\/index.php\\\/espace-degustation\\\/#primaryimage\",\"url\":\"https:\\\/\\\/fredavelle.fr\\\/wp-content\\\/uploads\\\/2023\\\/11\\\/20190823_FREDAVELLE_RenaudAlouche_05680-edited-1.jpg\",\"contentUrl\":\"https:\\\/\\\/fredavelle.fr\\\/wp-content\\\/uploads\\\/2023\\\/11\\\/20190823_FREDAVELLE_RenaudAlouche_05680-edited-1.jpg\",\"width\":1348,\"height\":898},{\"@type\":\"BreadcrumbList\",\"@id\":\"https:\\\/\\\/fredavelle.fr\\\/index.php\\\/espace-degustation\\\/#breadcrumb\",\"itemListElement\":[{\"@type\":\"ListItem\",\"position\":1,\"name\":\"Accueil\",\"item\":\"https:\\\/\\\/fredavelle.fr\\\/\"},{\"@type\":\"ListItem\",\"position\":2,\"name\":\"ESPACE DEGUSTATION\"}]},{\"@type\":\"WebSite\",\"@id\":\"https:\\\/\\\/fredavelle.fr\\\/#website\",\"url\":\"https:\\\/\\\/fredavelle.fr\\\/\",\"name\":\"Domaine Fredavelle\",\"description\":\"vignerons en coteaux d&#039;aix-en-provence\",\"publisher\":{\"@id\":\"https:\\\/\\\/fredavelle.fr\\\/#organization\"},\"potentialAction\":[{\"@type\":\"SearchAction\",\"target\":{\"@type\":\"EntryPoint\",\"urlTemplate\":\"https:\\\/\\\/fredavelle.fr\\\/?s={search_term_string}\"},\"query-input\":{\"@type\":\"PropertyValueSpecification\",\"valueRequired\":true,\"valueName\":\"search_term_string\"}}],\"inLanguage\":\"fr-FR\"},{\"@type\":\"Organization\",\"@id\":\"https:\\\/\\\/fredavelle.fr\\\/#organization\",\"name\":\"Domaine Fredavelle\",\"url\":\"https:\\\/\\\/fredavelle.fr\\\/\",\"logo\":{\"@type\":\"ImageObject\",\"inLanguage\":\"fr-FR\",\"@id\":\"https:\\\/\\\/fredavelle.fr\\\/#\\\/schema\\\/logo\\\/image\\\/\",\"url\":\"https:\\\/\\\/fredavelle.fr\\\/wp-content\\\/uploads\\\/2024\\\/08\\\/logo-pied-de-page-313.png\",\"contentUrl\":\"https:\\\/\\\/fredavelle.fr\\\/wp-content\\\/uploads\\\/2024\\\/08\\\/logo-pied-de-page-313.png\",\"width\":313,\"height\":313,\"caption\":\"Domaine Fredavelle\"},\"image\":{\"@id\":\"https:\\\/\\\/fredavelle.fr\\\/#\\\/schema\\\/logo\\\/image\\\/\"},\"sameAs\":[\"https:\\\/\\\/www.facebook.com\\\/domainefredavelle\",\"https:\\\/\\\/www.instagram.com\\\/domainefredavelle\"]}]}<\/script>\n<!-- \/ Yoast SEO plugin. -->","yoast_head_json":{"title":"ESPACE DEGUSTATION","robots":{"index":"index","follow":"follow","max-snippet":"max-snippet:-1","max-image-preview":"max-image-preview:large","max-video-preview":"max-video-preview:-1"},"canonical":"https:\/\/fredavelle.fr\/index.php\/espace-degustation\/","og_locale":"fr_FR","og_type":"article","og_title":"ESPACE DEGUSTATION","og_url":"https:\/\/fredavelle.fr\/index.php\/espace-degustation\/","article_publisher":"https:\/\/www.facebook.com\/domainefredavelle","article_modified_time":"2024-05-21T13:59:59+00:00","og_image":[{"width":1348,"height":898,"url":"https:\/\/fredavelle.fr\/wp-content\/uploads\/2023\/11\/20190823_FREDAVELLE_RenaudAlouche_05680-edited-1.jpg","type":"image\/jpeg"}],"twitter_card":"summary_large_image","twitter_misc":{"Dur\u00e9e de lecture estim\u00e9e":"1 minute"},"schema":{"@context":"https:\/\/schema.org","@graph":[{"@type":"WebPage","@id":"https:\/\/fredavelle.fr\/index.php\/espace-degustation\/","url":"https:\/\/fredavelle.fr\/index.php\/espace-degustation\/","name":"ESPACE DEGUSTATION","isPartOf":{"@id":"https:\/\/fredavelle.fr\/#website"},"primaryImageOfPage":{"@id":"https:\/\/fredavelle.fr\/index.php\/espace-degustation\/#primaryimage"},"image":{"@id":"https:\/\/fredavelle.fr\/index.php\/espace-degustation\/#primaryimage"},"thumbnailUrl":"https:\/\/fredavelle.fr\/wp-content\/uploads\/2023\/11\/20190823_FREDAVELLE_RenaudAlouche_05680-edited-1.jpg","datePublished":"2023-11-10T16:35:50+00:00","dateModified":"2024-05-21T13:59:59+00:00","breadcrumb":{"@id":"https:\/\/fredavelle.fr\/index.php\/espace-degustation\/#breadcrumb"},"inLanguage":"fr-FR","potentialAction":[{"@type":"ReadAction","target":["https:\/\/fredavelle.fr\/index.php\/espace-degustation\/"]}]},{"@type":"ImageObject","inLanguage":"fr-FR","@id":"https:\/\/fredavelle.fr\/index.php\/espace-degustation\/#primaryimage","url":"https:\/\/fredavelle.fr\/wp-content\/uploads\/2023\/11\/20190823_FREDAVELLE_RenaudAlouche_05680-edited-1.jpg","contentUrl":"https:\/\/fredavelle.fr\/wp-content\/uploads\/2023\/11\/20190823_FREDAVELLE_RenaudAlouche_05680-edited-1.jpg","width":1348,"height":898},{"@type":"BreadcrumbList","@id":"https:\/\/fredavelle.fr\/index.php\/espace-degustation\/#breadcrumb","itemListElement":[{"@type":"ListItem","position":1,"name":"Accueil","item":"https:\/\/fredavelle.fr\/"},{"@type":"ListItem","position":2,"name":"ESPACE DEGUSTATION"}]},{"@type":"WebSite","@id":"https:\/\/fredavelle.fr\/#website","url":"https:\/\/fredavelle.fr\/","name":"Domaine Fredavelle","description":"vignerons en coteaux d&#039;aix-en-provence","publisher":{"@id":"https:\/\/fredavelle.fr\/#organization"},"potentialAction":[{"@type":"SearchAction","target":{"@type":"EntryPoint","urlTemplate":"https:\/\/fredavelle.fr\/?s={search_term_string}"},"query-input":{"@type":"PropertyValueSpecification","valueRequired":true,"valueName":"search_term_string"}}],"inLanguage":"fr-FR"},{"@type":"Organization","@id":"https:\/\/fredavelle.fr\/#organization","name":"Domaine Fredavelle","url":"https:\/\/fredavelle.fr\/","logo":{"@type":"ImageObject","inLanguage":"fr-FR","@id":"https:\/\/fredavelle.fr\/#\/schema\/logo\/image\/","url":"https:\/\/fredavelle.fr\/wp-content\/uploads\/2024\/08\/logo-pied-de-page-313.png","contentUrl":"https:\/\/fredavelle.fr\/wp-content\/uploads\/2024\/08\/logo-pied-de-page-313.png","width":313,"height":313,"caption":"Domaine Fredavelle"},"image":{"@id":"https:\/\/fredavelle.fr\/#\/schema\/logo\/image\/"},"sameAs":["https:\/\/www.facebook.com\/domainefredavelle","https:\/\/www.instagram.com\/domainefredavelle"]}]}},"uagb_featured_image_src":{"full":false,"thumbnail":false,"medium":false,"medium_large":false,"large":false,"1536x1536":false,"2048x2048":false,"inspiro-featured-image":false,"inspiro-loop":false,"inspiro-loop@2x":false,"tlp-portfolio-thumb":false},"uagb_author_info":{"display_name":"Domaine Fredavelle","author_link":"https:\/\/fredavelle.fr\/index.php\/author\/wordpress-owi\/"},"uagb_comment_info":0,"uagb_excerpt":null,"_links":{"self":[{"href":"https:\/\/fredavelle.fr\/index.php\/wp-json\/wp\/v2\/pages\/2971","targetHints":{"allow":["GET"]}}],"collection":[{"href":"https:\/\/fredavelle.fr\/index.php\/wp-json\/wp\/v2\/pages"}],"about":[{"href":"https:\/\/fredavelle.fr\/index.php\/wp-json\/wp\/v2\/types\/page"}],"author":[{"embeddable":true,"href":"https:\/\/fredavelle.fr\/index.php\/wp-json\/wp\/v2\/users\/1"}],"replies":[{"embeddable":true,"href":"https:\/\/fredavelle.fr\/index.php\/wp-json\/wp\/v2\/comments?post=2971"}],"version-history":[{"count":36,"href":"https:\/\/fredavelle.fr\/index.php\/wp-json\/wp\/v2\/pages\/2971\/revisions"}],"predecessor-version":[{"id":3452,"href":"https:\/\/fredavelle.fr\/index.php\/wp-json\/wp\/v2\/pages\/2971\/revisions\/3452"}],"wp:attachment":[{"href":"https:\/\/fredavelle.fr\/index.php\/wp-json\/wp\/v2\/media?parent=2971"}],"curies":[{"name":"wp","href":"https:\/\/api.w.org\/{rel}","templated":true}]}}