{"id":2948,"date":"2023-11-10T17:38:39","date_gmt":"2023-11-10T16:38:39","guid":{"rendered":"https:\/\/fredavelle.fr\/?page_id=2948"},"modified":"2025-04-12T15:59:47","modified_gmt":"2025-04-12T13:59:47","slug":"terroir-philosophie","status":"publish","type":"page","link":"https:\/\/fredavelle.fr\/index.php\/terroir-philosophie\/","title":{"rendered":"TERROIR &#038; PHILOSOPHIE"},"content":{"rendered":"\n<figure class=\"wp-block-image alignfull size-large\"><img loading=\"lazy\" decoding=\"async\" width=\"2560\" height=\"1705\" src=\"https:\/\/fredavelle.fr\/wp-content\/uploads\/2023\/11\/Sortie-Clement-Noir-et-blanc-edited-scaled.jpg\" alt=\"\" class=\"wp-image-3401\" srcset=\"https:\/\/fredavelle.fr\/wp-content\/uploads\/2023\/11\/Sortie-Clement-Noir-et-blanc-edited-scaled.jpg 2560w, https:\/\/fredavelle.fr\/wp-content\/uploads\/2023\/11\/Sortie-Clement-Noir-et-blanc-edited-300x200.jpg 300w, https:\/\/fredavelle.fr\/wp-content\/uploads\/2023\/11\/Sortie-Clement-Noir-et-blanc-edited-1024x682.jpg 1024w, https:\/\/fredavelle.fr\/wp-content\/uploads\/2023\/11\/Sortie-Clement-Noir-et-blanc-edited-768x511.jpg 768w, https:\/\/fredavelle.fr\/wp-content\/uploads\/2023\/11\/Sortie-Clement-Noir-et-blanc-edited-1536x1023.jpg 1536w, https:\/\/fredavelle.fr\/wp-content\/uploads\/2023\/11\/Sortie-Clement-Noir-et-blanc-edited-2048x1364.jpg 2048w, https:\/\/fredavelle.fr\/wp-content\/uploads\/2023\/11\/Sortie-Clement-Noir-et-blanc-edited-2000x1332.jpg 2000w\" sizes=\"auto, (max-width: 2560px) 100vw, 2560px\" \/><\/figure>\n\n\n\n<div class=\"wp-block-cover alignfull is-light has-custom-content-position is-position-top-center\" style=\"min-height:327px;aspect-ratio:unset;\"><span aria-hidden=\"true\" class=\"wp-block-cover__background has-white-background-color has-background-dim-100 has-background-dim\"><\/span><div class=\"wp-block-cover__inner-container has-global-padding is-layout-constrained wp-block-cover-is-layout-constrained\">\n<blockquote class=\"wp-block-quote is-style-plain is-layout-flow wp-block-quote-is-layout-flow\">\n<p class=\"has-black-color has-white-background-color has-text-color has-background\" style=\"font-size:clamp(14px, 0.875rem + ((1vw - 3.2px) * 0.354), 18px);\">&#8221; Nous prenons toujours les d\u00e9cisions ensemble, qu\u2019il s\u2019agisse de la vigne ou des vins. Ce qui nous diff\u00e9rencie, c\u2019est la force de notre duo. Nous avons 16 ans d\u2019\u00e9cart, avec des parcours professionnels diff\u00e9rents, ce qui conduit \u00e0 une rencontre entre savoir-faire&nbsp;et modernit\u00e9 technique &#8220;<\/p>\n<\/blockquote>\n\n\n\n<p>L\u2019association de David Ravel et Olivia Menigoz a conduit \u00e0 un tournant pris il y a quelques ann\u00e9es dans l\u2019histoire de Fredavelle : celui d\u2019un travail de pr\u00e9cision pour une agriculture durable et une approche plus libre des vins qu\u2019ils produisent.<\/p>\n\n\n\n<p>Situ\u00e9 \u00e0 300 m d\u2019altitude, le vignoble b\u00e9n\u00e9ficie d\u2019une situation g\u00e9ographique optimale car ouverte au Mistral et \u00e0 l\u2019ensoleillement. Le climat sec et chaud typiquement M\u00e9diterran\u00e9en est particuli\u00e8rement favorable \u00e0 la production de raisin de grande qualit\u00e9. A cela s\u2019ajoute un sol majoritairement argilo-calcaire limono-caillouteux, et une altitude propice aux nuits fraiches, autant de facteurs permettant d\u2019obtenir des vins rouges \u00e0 la fois souples, ronds et puissants, des ros\u00e9s et blancs plut\u00f4t vifs, gourmands, l\u00e9gers sur la min\u00e9ralit\u00e9. <\/p>\n\n\n\n<p>La majorit\u00e9 des parcelles sont bord\u00e9es de haies ou situ\u00e9es \u00e0 flan de colline, entour\u00e9es par un \u00e9cosyst\u00e8me pr\u00e9serv\u00e9. Les for\u00eats limitent l\u2019\u00e9rosion hydrique et \u00e9olienne, permettant une meilleure infiltration de l\u2019eau et une mise \u00e0 disposition de mati\u00e8re organique. Cette v\u00e9g\u00e9tation naturelle retient \u00e9galement les nutriments et apporte de la fra\u00eecheur.<\/p>\n<\/div><\/div>\n\n\n\n<hr class=\"wp-block-separator has-text-color has-white-color has-alpha-channel-opacity has-white-background-color has-background\"\/>\n\n\n\n<figure class=\"wp-block-image alignfull size-full\"><img loading=\"lazy\" decoding=\"async\" width=\"2560\" height=\"1440\" src=\"https:\/\/fredavelle.fr\/wp-content\/uploads\/2023\/10\/David-remorque-edited-scaled.jpg\" alt=\"\" class=\"wp-image-2966\" srcset=\"https:\/\/fredavelle.fr\/wp-content\/uploads\/2023\/10\/David-remorque-edited-scaled.jpg 2560w, https:\/\/fredavelle.fr\/wp-content\/uploads\/2023\/10\/David-remorque-edited-300x169.jpg 300w, https:\/\/fredavelle.fr\/wp-content\/uploads\/2023\/10\/David-remorque-edited-1024x576.jpg 1024w, https:\/\/fredavelle.fr\/wp-content\/uploads\/2023\/10\/David-remorque-edited-768x432.jpg 768w, https:\/\/fredavelle.fr\/wp-content\/uploads\/2023\/10\/David-remorque-edited-1536x864.jpg 1536w, https:\/\/fredavelle.fr\/wp-content\/uploads\/2023\/10\/David-remorque-edited-2048x1152.jpg 2048w, https:\/\/fredavelle.fr\/wp-content\/uploads\/2023\/10\/David-remorque-edited-2000x1125.jpg 2000w\" sizes=\"auto, (max-width: 2560px) 100vw, 2560px\" \/><\/figure>\n\n\n\n<hr class=\"wp-block-separator has-text-color has-white-color has-alpha-channel-opacity has-white-background-color has-background\"\/>\n\n\n\n<div class=\"wp-block-cover alignfull is-light has-custom-content-position is-position-top-center\" style=\"min-height:195px;aspect-ratio:unset;\"><span aria-hidden=\"true\" class=\"wp-block-cover__background has-white-background-color has-background-dim-100 has-background-dim\"><\/span><div class=\"wp-block-cover__inner-container has-global-padding is-layout-constrained wp-block-cover-is-layout-constrained\">\n<p>Les deux dirigeants s\u2019emploient \u00e0 favoriser l\u2019autor\u00e9gulation des vignes et n\u2019intervenir que lorsque cela est n\u00e9cessaire. Des pratiques toujours plus respectueuses de l\u2019environnement qui visent \u00e0 produire des raisins de meilleure qualit\u00e9 par des rendements faibles.<\/p>\n\n\n\n<p>La multitude de c\u00e9pages cultiv\u00e9s permet d\u2019offrir une large richesse aromatique : Grenache, Syrah, Cabernet-Sauvignon, Carignan,&nbsp;Caladoc, ou encore Merlot pour l\u2019\u00e9laboration des vins rouges et ros\u00e9s, Vermentino, Sauvignon blanc, Ugni blanc, S\u00e9millon et Viognier pour les vins blancs.<\/p>\n<\/div><\/div>\n\n\n\n<div class=\"wp-block-cover alignfull is-light has-custom-content-position is-position-top-center\" style=\"min-height:327px;aspect-ratio:unset;\"><span aria-hidden=\"true\" class=\"wp-block-cover__background has-white-background-color has-background-dim-100 has-background-dim\"><\/span><div class=\"wp-block-cover__inner-container has-global-padding is-layout-constrained wp-block-cover-is-layout-constrained\">\n<blockquote class=\"wp-block-quote is-style-plain is-layout-flow wp-block-quote-is-layout-flow\">\n<p class=\"has-black-color has-white-background-color has-text-color has-background\" style=\"font-size:clamp(14px, 0.875rem + ((1vw - 3.2px) * 0.354), 18px);\">&#8221; L&#8217;assemblage harmonieux de ces diff\u00e9rentes vari\u00e9t\u00e9s de raisin ainsi que le travail en cave alliant savoir-faire et modernit\u00e9 technique nous permettent de proposer plusieurs types de vins selon les envies &#8220;<\/p>\n<\/blockquote>\n\n\n\n<p><\/p>\n<\/div><\/div>\n","protected":false},"excerpt":{"rendered":"","protected":false},"author":1,"featured_media":0,"parent":0,"menu_order":0,"comment_status":"closed","ping_status":"closed","template":"page-templates\/full-width-transparent.php","meta":{"_uag_custom_page_level_css":"","inspiro_hide_title":false,"footnotes":""},"class_list":["post-2948","page","type-page","status-publish","hentry"],"yoast_head":"<!-- This site is optimized with the Yoast SEO plugin v27.4 - https:\/\/yoast.com\/product\/yoast-seo-wordpress\/ -->\n<title>Terroir &amp; Philosophie | Domaine Fredavelle<\/title>\n<meta name=\"description\" content=\"Situ\u00e9 \u00e0 300 m d\u2019altitude, le vignoble b\u00e9n\u00e9ficie d\u2019une situation g\u00e9ographique optimale car ouverte au Mistral et \u00e0 l\u2019ensoleillement.\" \/>\n<meta name=\"robots\" content=\"index, follow, max-snippet:-1, max-image-preview:large, max-video-preview:-1\" \/>\n<link rel=\"canonical\" href=\"https:\/\/fredavelle.fr\/index.php\/terroir-philosophie\/\" \/>\n<meta property=\"og:locale\" content=\"fr_FR\" \/>\n<meta property=\"og:type\" content=\"article\" \/>\n<meta property=\"og:title\" content=\"Terroir &amp; Philosophie | Domaine Fredavelle\" \/>\n<meta property=\"og:description\" content=\"Situ\u00e9 \u00e0 300 m d\u2019altitude, le vignoble b\u00e9n\u00e9ficie d\u2019une situation g\u00e9ographique optimale car ouverte au Mistral et \u00e0 l\u2019ensoleillement.\" \/>\n<meta property=\"og:url\" content=\"https:\/\/fredavelle.fr\/index.php\/terroir-philosophie\/\" \/>\n<meta property=\"article:publisher\" content=\"https:\/\/www.facebook.com\/domainefredavelle\" \/>\n<meta property=\"article:modified_time\" content=\"2025-04-12T13:59:47+00:00\" \/>\n<meta property=\"og:image\" content=\"https:\/\/fredavelle.fr\/wp-content\/uploads\/2023\/11\/Sortie-Clement-Noir-et-blanc-edited-scaled.jpg\" \/>\n\t<meta property=\"og:image:width\" content=\"2560\" \/>\n\t<meta property=\"og:image:height\" content=\"1705\" \/>\n\t<meta property=\"og:image:type\" content=\"image\/jpeg\" \/>\n<meta name=\"twitter:card\" content=\"summary_large_image\" \/>\n<meta name=\"twitter:label1\" content=\"Dur\u00e9e de lecture estim\u00e9e\" \/>\n\t<meta name=\"twitter:data1\" content=\"2 minutes\" \/>\n<script type=\"application\/ld+json\" class=\"yoast-schema-graph\">{\"@context\":\"https:\\\/\\\/schema.org\",\"@graph\":[{\"@type\":\"WebPage\",\"@id\":\"https:\\\/\\\/fredavelle.fr\\\/index.php\\\/terroir-philosophie\\\/\",\"url\":\"https:\\\/\\\/fredavelle.fr\\\/index.php\\\/terroir-philosophie\\\/\",\"name\":\"Terroir & Philosophie | Domaine Fredavelle\",\"isPartOf\":{\"@id\":\"https:\\\/\\\/fredavelle.fr\\\/#website\"},\"primaryImageOfPage\":{\"@id\":\"https:\\\/\\\/fredavelle.fr\\\/index.php\\\/terroir-philosophie\\\/#primaryimage\"},\"image\":{\"@id\":\"https:\\\/\\\/fredavelle.fr\\\/index.php\\\/terroir-philosophie\\\/#primaryimage\"},\"thumbnailUrl\":\"https:\\\/\\\/fredavelle.fr\\\/wp-content\\\/uploads\\\/2023\\\/11\\\/Sortie-Clement-Noir-et-blanc-edited-scaled.jpg\",\"datePublished\":\"2023-11-10T16:38:39+00:00\",\"dateModified\":\"2025-04-12T13:59:47+00:00\",\"description\":\"Situ\u00e9 \u00e0 300 m d\u2019altitude, le vignoble b\u00e9n\u00e9ficie d\u2019une situation g\u00e9ographique optimale car ouverte au Mistral et \u00e0 l\u2019ensoleillement.\",\"breadcrumb\":{\"@id\":\"https:\\\/\\\/fredavelle.fr\\\/index.php\\\/terroir-philosophie\\\/#breadcrumb\"},\"inLanguage\":\"fr-FR\",\"potentialAction\":[{\"@type\":\"ReadAction\",\"target\":[\"https:\\\/\\\/fredavelle.fr\\\/index.php\\\/terroir-philosophie\\\/\"]}]},{\"@type\":\"ImageObject\",\"inLanguage\":\"fr-FR\",\"@id\":\"https:\\\/\\\/fredavelle.fr\\\/index.php\\\/terroir-philosophie\\\/#primaryimage\",\"url\":\"https:\\\/\\\/fredavelle.fr\\\/wp-content\\\/uploads\\\/2023\\\/11\\\/Sortie-Clement-Noir-et-blanc-edited-scaled.jpg\",\"contentUrl\":\"https:\\\/\\\/fredavelle.fr\\\/wp-content\\\/uploads\\\/2023\\\/11\\\/Sortie-Clement-Noir-et-blanc-edited-scaled.jpg\",\"width\":2560,\"height\":1705},{\"@type\":\"BreadcrumbList\",\"@id\":\"https:\\\/\\\/fredavelle.fr\\\/index.php\\\/terroir-philosophie\\\/#breadcrumb\",\"itemListElement\":[{\"@type\":\"ListItem\",\"position\":1,\"name\":\"Accueil\",\"item\":\"https:\\\/\\\/fredavelle.fr\\\/\"},{\"@type\":\"ListItem\",\"position\":2,\"name\":\"TERROIR &#038; PHILOSOPHIE\"}]},{\"@type\":\"WebSite\",\"@id\":\"https:\\\/\\\/fredavelle.fr\\\/#website\",\"url\":\"https:\\\/\\\/fredavelle.fr\\\/\",\"name\":\"Domaine Fredavelle\",\"description\":\"vignerons en coteaux d&#039;aix-en-provence\",\"publisher\":{\"@id\":\"https:\\\/\\\/fredavelle.fr\\\/#organization\"},\"potentialAction\":[{\"@type\":\"SearchAction\",\"target\":{\"@type\":\"EntryPoint\",\"urlTemplate\":\"https:\\\/\\\/fredavelle.fr\\\/?s={search_term_string}\"},\"query-input\":{\"@type\":\"PropertyValueSpecification\",\"valueRequired\":true,\"valueName\":\"search_term_string\"}}],\"inLanguage\":\"fr-FR\"},{\"@type\":\"Organization\",\"@id\":\"https:\\\/\\\/fredavelle.fr\\\/#organization\",\"name\":\"Domaine Fredavelle\",\"url\":\"https:\\\/\\\/fredavelle.fr\\\/\",\"logo\":{\"@type\":\"ImageObject\",\"inLanguage\":\"fr-FR\",\"@id\":\"https:\\\/\\\/fredavelle.fr\\\/#\\\/schema\\\/logo\\\/image\\\/\",\"url\":\"https:\\\/\\\/fredavelle.fr\\\/wp-content\\\/uploads\\\/2024\\\/08\\\/logo-pied-de-page-313.png\",\"contentUrl\":\"https:\\\/\\\/fredavelle.fr\\\/wp-content\\\/uploads\\\/2024\\\/08\\\/logo-pied-de-page-313.png\",\"width\":313,\"height\":313,\"caption\":\"Domaine Fredavelle\"},\"image\":{\"@id\":\"https:\\\/\\\/fredavelle.fr\\\/#\\\/schema\\\/logo\\\/image\\\/\"},\"sameAs\":[\"https:\\\/\\\/www.facebook.com\\\/domainefredavelle\",\"https:\\\/\\\/www.instagram.com\\\/domainefredavelle\"]}]}<\/script>\n<!-- \/ Yoast SEO plugin. -->","yoast_head_json":{"title":"Terroir & Philosophie | Domaine Fredavelle","description":"Situ\u00e9 \u00e0 300 m d\u2019altitude, le vignoble b\u00e9n\u00e9ficie d\u2019une situation g\u00e9ographique optimale car ouverte au Mistral et \u00e0 l\u2019ensoleillement.","robots":{"index":"index","follow":"follow","max-snippet":"max-snippet:-1","max-image-preview":"max-image-preview:large","max-video-preview":"max-video-preview:-1"},"canonical":"https:\/\/fredavelle.fr\/index.php\/terroir-philosophie\/","og_locale":"fr_FR","og_type":"article","og_title":"Terroir & Philosophie | Domaine Fredavelle","og_description":"Situ\u00e9 \u00e0 300 m d\u2019altitude, le vignoble b\u00e9n\u00e9ficie d\u2019une situation g\u00e9ographique optimale car ouverte au Mistral et \u00e0 l\u2019ensoleillement.","og_url":"https:\/\/fredavelle.fr\/index.php\/terroir-philosophie\/","article_publisher":"https:\/\/www.facebook.com\/domainefredavelle","article_modified_time":"2025-04-12T13:59:47+00:00","og_image":[{"width":2560,"height":1705,"url":"https:\/\/fredavelle.fr\/wp-content\/uploads\/2023\/11\/Sortie-Clement-Noir-et-blanc-edited-scaled.jpg","type":"image\/jpeg"}],"twitter_card":"summary_large_image","twitter_misc":{"Dur\u00e9e de lecture estim\u00e9e":"2 minutes"},"schema":{"@context":"https:\/\/schema.org","@graph":[{"@type":"WebPage","@id":"https:\/\/fredavelle.fr\/index.php\/terroir-philosophie\/","url":"https:\/\/fredavelle.fr\/index.php\/terroir-philosophie\/","name":"Terroir & Philosophie | Domaine Fredavelle","isPartOf":{"@id":"https:\/\/fredavelle.fr\/#website"},"primaryImageOfPage":{"@id":"https:\/\/fredavelle.fr\/index.php\/terroir-philosophie\/#primaryimage"},"image":{"@id":"https:\/\/fredavelle.fr\/index.php\/terroir-philosophie\/#primaryimage"},"thumbnailUrl":"https:\/\/fredavelle.fr\/wp-content\/uploads\/2023\/11\/Sortie-Clement-Noir-et-blanc-edited-scaled.jpg","datePublished":"2023-11-10T16:38:39+00:00","dateModified":"2025-04-12T13:59:47+00:00","description":"Situ\u00e9 \u00e0 300 m d\u2019altitude, le vignoble b\u00e9n\u00e9ficie d\u2019une situation g\u00e9ographique optimale car ouverte au Mistral et \u00e0 l\u2019ensoleillement.","breadcrumb":{"@id":"https:\/\/fredavelle.fr\/index.php\/terroir-philosophie\/#breadcrumb"},"inLanguage":"fr-FR","potentialAction":[{"@type":"ReadAction","target":["https:\/\/fredavelle.fr\/index.php\/terroir-philosophie\/"]}]},{"@type":"ImageObject","inLanguage":"fr-FR","@id":"https:\/\/fredavelle.fr\/index.php\/terroir-philosophie\/#primaryimage","url":"https:\/\/fredavelle.fr\/wp-content\/uploads\/2023\/11\/Sortie-Clement-Noir-et-blanc-edited-scaled.jpg","contentUrl":"https:\/\/fredavelle.fr\/wp-content\/uploads\/2023\/11\/Sortie-Clement-Noir-et-blanc-edited-scaled.jpg","width":2560,"height":1705},{"@type":"BreadcrumbList","@id":"https:\/\/fredavelle.fr\/index.php\/terroir-philosophie\/#breadcrumb","itemListElement":[{"@type":"ListItem","position":1,"name":"Accueil","item":"https:\/\/fredavelle.fr\/"},{"@type":"ListItem","position":2,"name":"TERROIR &#038; PHILOSOPHIE"}]},{"@type":"WebSite","@id":"https:\/\/fredavelle.fr\/#website","url":"https:\/\/fredavelle.fr\/","name":"Domaine Fredavelle","description":"vignerons en coteaux d&#039;aix-en-provence","publisher":{"@id":"https:\/\/fredavelle.fr\/#organization"},"potentialAction":[{"@type":"SearchAction","target":{"@type":"EntryPoint","urlTemplate":"https:\/\/fredavelle.fr\/?s={search_term_string}"},"query-input":{"@type":"PropertyValueSpecification","valueRequired":true,"valueName":"search_term_string"}}],"inLanguage":"fr-FR"},{"@type":"Organization","@id":"https:\/\/fredavelle.fr\/#organization","name":"Domaine Fredavelle","url":"https:\/\/fredavelle.fr\/","logo":{"@type":"ImageObject","inLanguage":"fr-FR","@id":"https:\/\/fredavelle.fr\/#\/schema\/logo\/image\/","url":"https:\/\/fredavelle.fr\/wp-content\/uploads\/2024\/08\/logo-pied-de-page-313.png","contentUrl":"https:\/\/fredavelle.fr\/wp-content\/uploads\/2024\/08\/logo-pied-de-page-313.png","width":313,"height":313,"caption":"Domaine Fredavelle"},"image":{"@id":"https:\/\/fredavelle.fr\/#\/schema\/logo\/image\/"},"sameAs":["https:\/\/www.facebook.com\/domainefredavelle","https:\/\/www.instagram.com\/domainefredavelle"]}]}},"uagb_featured_image_src":{"full":false,"thumbnail":false,"medium":false,"medium_large":false,"large":false,"1536x1536":false,"2048x2048":false,"inspiro-featured-image":false,"inspiro-loop":false,"inspiro-loop@2x":false,"tlp-portfolio-thumb":false},"uagb_author_info":{"display_name":"Domaine Fredavelle","author_link":"https:\/\/fredavelle.fr\/index.php\/author\/wordpress-owi\/"},"uagb_comment_info":0,"uagb_excerpt":null,"_links":{"self":[{"href":"https:\/\/fredavelle.fr\/index.php\/wp-json\/wp\/v2\/pages\/2948","targetHints":{"allow":["GET"]}}],"collection":[{"href":"https:\/\/fredavelle.fr\/index.php\/wp-json\/wp\/v2\/pages"}],"about":[{"href":"https:\/\/fredavelle.fr\/index.php\/wp-json\/wp\/v2\/types\/page"}],"author":[{"embeddable":true,"href":"https:\/\/fredavelle.fr\/index.php\/wp-json\/wp\/v2\/users\/1"}],"replies":[{"embeddable":true,"href":"https:\/\/fredavelle.fr\/index.php\/wp-json\/wp\/v2\/comments?post=2948"}],"version-history":[{"count":38,"href":"https:\/\/fredavelle.fr\/index.php\/wp-json\/wp\/v2\/pages\/2948\/revisions"}],"predecessor-version":[{"id":3794,"href":"https:\/\/fredavelle.fr\/index.php\/wp-json\/wp\/v2\/pages\/2948\/revisions\/3794"}],"wp:attachment":[{"href":"https:\/\/fredavelle.fr\/index.php\/wp-json\/wp\/v2\/media?parent=2948"}],"curies":[{"name":"wp","href":"https:\/\/api.w.org\/{rel}","templated":true}]}}