{"id":2918,"date":"2023-11-10T17:39:44","date_gmt":"2023-11-10T16:39:44","guid":{"rendered":"https:\/\/fredavelle.fr\/?page_id=2918"},"modified":"2024-02-21T10:58:00","modified_gmt":"2024-02-21T09:58:00","slug":"histoire","status":"publish","type":"page","link":"https:\/\/fredavelle.fr\/index.php\/histoire\/","title":{"rendered":"HISTOIRE"},"content":{"rendered":"\n<div class=\"wp-block-cover alignfull is-light has-custom-content-position is-position-bottom-center has-small-font-size\" style=\"min-height:532px;aspect-ratio:unset;\"><span aria-hidden=\"true\" class=\"wp-block-cover__background has-background-dim-20 has-background-dim\"><\/span><img loading=\"lazy\" decoding=\"async\" width=\"1705\" height=\"2560\" class=\"wp-block-cover__image-background wp-image-2019\" alt=\"\" src=\"https:\/\/fredavelle.fr\/wp-content\/uploads\/2022\/10\/David-remorque-Noir-et-blanc-1-scaled.jpg\" style=\"object-position:83% 55%\" data-object-fit=\"cover\" data-object-position=\"83% 55%\" srcset=\"https:\/\/fredavelle.fr\/wp-content\/uploads\/2022\/10\/David-remorque-Noir-et-blanc-1-scaled.jpg 1705w, https:\/\/fredavelle.fr\/wp-content\/uploads\/2022\/10\/David-remorque-Noir-et-blanc-1-200x300.jpg 200w, https:\/\/fredavelle.fr\/wp-content\/uploads\/2022\/10\/David-remorque-Noir-et-blanc-1-682x1024.jpg 682w, https:\/\/fredavelle.fr\/wp-content\/uploads\/2022\/10\/David-remorque-Noir-et-blanc-1-768x1153.jpg 768w, https:\/\/fredavelle.fr\/wp-content\/uploads\/2022\/10\/David-remorque-Noir-et-blanc-1-1023x1536.jpg 1023w, https:\/\/fredavelle.fr\/wp-content\/uploads\/2022\/10\/David-remorque-Noir-et-blanc-1-1364x2048.jpg 1364w, https:\/\/fredavelle.fr\/wp-content\/uploads\/2022\/10\/David-remorque-Noir-et-blanc-1-900x1351.jpg 900w, https:\/\/fredavelle.fr\/wp-content\/uploads\/2022\/10\/David-remorque-Noir-et-blanc-1-1280x1922.jpg 1280w\" sizes=\"auto, (max-width: 1705px) 100vw, 1705px\" \/><div class=\"wp-block-cover__inner-container has-global-padding is-layout-constrained wp-block-cover-is-layout-constrained\">\n<p class=\"has-text-align-left has-white-color has-text-color\" style=\"font-size:clamp(14px, 0.875rem + ((1vw - 3.2px) * 0.088), 15px);\">David Ravel est le propri\u00e9taire du vignoble. Troisi\u00e8me g\u00e9n\u00e9ration de viticulteur \u00e0 Eguilles (13510), il commence sa carri\u00e8re de vigneron en 1999 apr\u00e8s des \u00e9tudes en agronomie lorsqu\u2019il d\u00e9cide de vinifier lui-m\u00eame les raisins de ses grands-parents qui \u00e9taient vendus jusqu\u2019alors \u00e0 la coop\u00e9rative. Il commence avec 15 hectares, et donne le nom de Fredavelle en hommage \u00e0 la campagne o\u00f9 il construit la structure de vinification.<\/p>\n<\/div><\/div>\n\n\n\n<hr class=\"wp-block-separator has-text-color has-white-color has-alpha-channel-opacity has-white-background-color has-background\"\/>\n\n\n\n<div class=\"wp-block-cover alignfull has-custom-content-position is-position-bottom-left\" style=\"min-height:636px;aspect-ratio:unset;\"><span aria-hidden=\"true\" class=\"wp-block-cover__background has-background-dim-20 has-background-dim\"><\/span><img loading=\"lazy\" decoding=\"async\" width=\"1705\" height=\"2560\" class=\"wp-block-cover__image-background wp-image-2926\" alt=\"\" src=\"https:\/\/fredavelle.fr\/wp-content\/uploads\/2023\/10\/Olivia-NB-scaled.jpg\" style=\"object-position:30% 42%\" data-object-fit=\"cover\" data-object-position=\"30% 42%\" srcset=\"https:\/\/fredavelle.fr\/wp-content\/uploads\/2023\/10\/Olivia-NB-scaled.jpg 1705w, https:\/\/fredavelle.fr\/wp-content\/uploads\/2023\/10\/Olivia-NB-200x300.jpg 200w, https:\/\/fredavelle.fr\/wp-content\/uploads\/2023\/10\/Olivia-NB-682x1024.jpg 682w, https:\/\/fredavelle.fr\/wp-content\/uploads\/2023\/10\/Olivia-NB-768x1153.jpg 768w, https:\/\/fredavelle.fr\/wp-content\/uploads\/2023\/10\/Olivia-NB-1023x1536.jpg 1023w, https:\/\/fredavelle.fr\/wp-content\/uploads\/2023\/10\/Olivia-NB-1364x2048.jpg 1364w, https:\/\/fredavelle.fr\/wp-content\/uploads\/2023\/10\/Olivia-NB-2000x3003.jpg 2000w\" sizes=\"auto, (max-width: 1705px) 100vw, 1705px\" \/><div class=\"wp-block-cover__inner-container has-global-padding is-layout-constrained wp-block-cover-is-layout-constrained\">\n<p class=\"has-text-align-left\" style=\"font-size:clamp(14px, 0.875rem + ((1vw - 3.2px) * 0.088), 15px);\">Olivia Menigoz rencontre David en 2014 apr\u00e8s un dipl\u00f4me de viticulture et \u0153nologie. Ils s\u2019associent en 2015 pour restructurer le vignoble, remplacer les tr\u00e8s vieilles vignes, planter de nouveaux c\u00e9pages et augmenter la surface de production. Ils investissent en parall\u00e8le dans la modernisation des \u00e9quipements de production, avec pour objectif d\u2019orienter le vignoble vers une transition agro\u00e9cologique.<\/p>\n<\/div><\/div>\n\n\n\n<hr class=\"wp-block-separator has-text-color has-white-color has-alpha-channel-opacity has-white-background-color has-background\"\/>\n\n\n\n<figure class=\"wp-block-image alignfull size-full\"><img loading=\"lazy\" decoding=\"async\" width=\"1456\" height=\"819\" src=\"https:\/\/fredavelle.fr\/wp-content\/uploads\/2023\/10\/DSC_0363-internet-edited.jpg\" alt=\"\" class=\"wp-image-2933\" srcset=\"https:\/\/fredavelle.fr\/wp-content\/uploads\/2023\/10\/DSC_0363-internet-edited.jpg 1456w, https:\/\/fredavelle.fr\/wp-content\/uploads\/2023\/10\/DSC_0363-internet-edited-300x169.jpg 300w, https:\/\/fredavelle.fr\/wp-content\/uploads\/2023\/10\/DSC_0363-internet-edited-1024x576.jpg 1024w, https:\/\/fredavelle.fr\/wp-content\/uploads\/2023\/10\/DSC_0363-internet-edited-768x432.jpg 768w\" sizes=\"auto, (max-width: 1456px) 100vw, 1456px\" \/><\/figure>\n\n\n\n<div class=\"wp-block-cover alignfull is-light has-custom-content-position is-position-top-center\" style=\"min-height:330px;aspect-ratio:unset;\"><span aria-hidden=\"true\" class=\"wp-block-cover__background has-white-background-color has-background-dim-100 has-background-dim\"><\/span><div class=\"wp-block-cover__inner-container has-global-padding is-layout-constrained wp-block-cover-is-layout-constrained\">\n<p>Aujourd\u2019hui, le Domaine Fredavelle s\u2019\u00e9tend sur 25 ha en agriculture biologique sur l&#8217;aire d&#8217;appellation des Coteaux d\u2019Aix-en-Provence. Une grande vari\u00e9t\u00e9 de c\u00e9pages est cultiv\u00e9e afin de d\u00e9gager une large richesse aromatique. Les ros\u00e9s et blancs jouent leur \u00e9quilibre entre tension et rondeur, avec une expression de fruit juteuse en bouche sous-tendue par une pointe min\u00e9rale. Les rouges allient fraicheur et souplesse. Le domaine produit environ 150000 bouteilles par an, d\u00e9clin\u00e9es en plusieurs gammes pour satisfaire toutes les occasions, pour tous les jours ou pour les grands jours. Les vins sont uniquement vendus en restauration ou chez les cavistes ainsi qu\u2019\u00e0 la propri\u00e9t\u00e9. Une extension moderne compl\u00e8tement ouverte sur les vignes permet d\u2019accueillir les visiteurs pour la d\u00e9gustation des vins.<\/p>\n<\/div><\/div>\n","protected":false},"excerpt":{"rendered":"","protected":false},"author":1,"featured_media":0,"parent":0,"menu_order":0,"comment_status":"closed","ping_status":"closed","template":"page-templates\/full-width-transparent.php","meta":{"_uag_custom_page_level_css":"","inspiro_hide_title":false,"footnotes":""},"class_list":["post-2918","page","type-page","status-publish","hentry"],"yoast_head":"<!-- This site is optimized with the Yoast SEO plugin v27.4 - https:\/\/yoast.com\/product\/yoast-seo-wordpress\/ -->\n<title>HISTOIRE<\/title>\n<meta name=\"robots\" content=\"index, follow, max-snippet:-1, max-image-preview:large, max-video-preview:-1\" \/>\n<link rel=\"canonical\" href=\"https:\/\/fredavelle.fr\/index.php\/histoire\/\" \/>\n<meta property=\"og:locale\" content=\"fr_FR\" \/>\n<meta property=\"og:type\" content=\"article\" \/>\n<meta property=\"og:title\" content=\"HISTOIRE\" \/>\n<meta property=\"og:url\" content=\"https:\/\/fredavelle.fr\/index.php\/histoire\/\" \/>\n<meta property=\"article:publisher\" content=\"https:\/\/www.facebook.com\/domainefredavelle\" \/>\n<meta property=\"article:modified_time\" content=\"2024-02-21T09:58:00+00:00\" \/>\n<meta property=\"og:image\" content=\"https:\/\/fredavelle.fr\/wp-content\/uploads\/2022\/10\/David-remorque-Noir-et-blanc-1-scaled.jpg\" \/>\n\t<meta property=\"og:image:width\" content=\"1705\" \/>\n\t<meta property=\"og:image:height\" content=\"2560\" \/>\n\t<meta property=\"og:image:type\" content=\"image\/jpeg\" \/>\n<meta name=\"twitter:card\" content=\"summary_large_image\" \/>\n<meta name=\"twitter:label1\" content=\"Dur\u00e9e de lecture estim\u00e9e\" \/>\n\t<meta name=\"twitter:data1\" content=\"1 minute\" \/>\n<script type=\"application\/ld+json\" class=\"yoast-schema-graph\">{\"@context\":\"https:\\\/\\\/schema.org\",\"@graph\":[{\"@type\":\"WebPage\",\"@id\":\"https:\\\/\\\/fredavelle.fr\\\/index.php\\\/histoire\\\/\",\"url\":\"https:\\\/\\\/fredavelle.fr\\\/index.php\\\/histoire\\\/\",\"name\":\"HISTOIRE\",\"isPartOf\":{\"@id\":\"https:\\\/\\\/fredavelle.fr\\\/#website\"},\"primaryImageOfPage\":{\"@id\":\"https:\\\/\\\/fredavelle.fr\\\/index.php\\\/histoire\\\/#primaryimage\"},\"image\":{\"@id\":\"https:\\\/\\\/fredavelle.fr\\\/index.php\\\/histoire\\\/#primaryimage\"},\"thumbnailUrl\":\"https:\\\/\\\/fredavelle.fr\\\/wp-content\\\/uploads\\\/2022\\\/10\\\/David-remorque-Noir-et-blanc-1-scaled.jpg\",\"datePublished\":\"2023-11-10T16:39:44+00:00\",\"dateModified\":\"2024-02-21T09:58:00+00:00\",\"breadcrumb\":{\"@id\":\"https:\\\/\\\/fredavelle.fr\\\/index.php\\\/histoire\\\/#breadcrumb\"},\"inLanguage\":\"fr-FR\",\"potentialAction\":[{\"@type\":\"ReadAction\",\"target\":[\"https:\\\/\\\/fredavelle.fr\\\/index.php\\\/histoire\\\/\"]}]},{\"@type\":\"ImageObject\",\"inLanguage\":\"fr-FR\",\"@id\":\"https:\\\/\\\/fredavelle.fr\\\/index.php\\\/histoire\\\/#primaryimage\",\"url\":\"https:\\\/\\\/fredavelle.fr\\\/wp-content\\\/uploads\\\/2022\\\/10\\\/David-remorque-Noir-et-blanc-1-scaled.jpg\",\"contentUrl\":\"https:\\\/\\\/fredavelle.fr\\\/wp-content\\\/uploads\\\/2022\\\/10\\\/David-remorque-Noir-et-blanc-1-scaled.jpg\",\"width\":1705,\"height\":2560},{\"@type\":\"BreadcrumbList\",\"@id\":\"https:\\\/\\\/fredavelle.fr\\\/index.php\\\/histoire\\\/#breadcrumb\",\"itemListElement\":[{\"@type\":\"ListItem\",\"position\":1,\"name\":\"Accueil\",\"item\":\"https:\\\/\\\/fredavelle.fr\\\/\"},{\"@type\":\"ListItem\",\"position\":2,\"name\":\"HISTOIRE\"}]},{\"@type\":\"WebSite\",\"@id\":\"https:\\\/\\\/fredavelle.fr\\\/#website\",\"url\":\"https:\\\/\\\/fredavelle.fr\\\/\",\"name\":\"Domaine Fredavelle\",\"description\":\"vignerons en coteaux d&#039;aix-en-provence\",\"publisher\":{\"@id\":\"https:\\\/\\\/fredavelle.fr\\\/#organization\"},\"potentialAction\":[{\"@type\":\"SearchAction\",\"target\":{\"@type\":\"EntryPoint\",\"urlTemplate\":\"https:\\\/\\\/fredavelle.fr\\\/?s={search_term_string}\"},\"query-input\":{\"@type\":\"PropertyValueSpecification\",\"valueRequired\":true,\"valueName\":\"search_term_string\"}}],\"inLanguage\":\"fr-FR\"},{\"@type\":\"Organization\",\"@id\":\"https:\\\/\\\/fredavelle.fr\\\/#organization\",\"name\":\"Domaine Fredavelle\",\"url\":\"https:\\\/\\\/fredavelle.fr\\\/\",\"logo\":{\"@type\":\"ImageObject\",\"inLanguage\":\"fr-FR\",\"@id\":\"https:\\\/\\\/fredavelle.fr\\\/#\\\/schema\\\/logo\\\/image\\\/\",\"url\":\"https:\\\/\\\/fredavelle.fr\\\/wp-content\\\/uploads\\\/2024\\\/08\\\/logo-pied-de-page-313.png\",\"contentUrl\":\"https:\\\/\\\/fredavelle.fr\\\/wp-content\\\/uploads\\\/2024\\\/08\\\/logo-pied-de-page-313.png\",\"width\":313,\"height\":313,\"caption\":\"Domaine Fredavelle\"},\"image\":{\"@id\":\"https:\\\/\\\/fredavelle.fr\\\/#\\\/schema\\\/logo\\\/image\\\/\"},\"sameAs\":[\"https:\\\/\\\/www.facebook.com\\\/domainefredavelle\",\"https:\\\/\\\/www.instagram.com\\\/domainefredavelle\"]}]}<\/script>\n<!-- \/ Yoast SEO plugin. -->","yoast_head_json":{"title":"HISTOIRE","robots":{"index":"index","follow":"follow","max-snippet":"max-snippet:-1","max-image-preview":"max-image-preview:large","max-video-preview":"max-video-preview:-1"},"canonical":"https:\/\/fredavelle.fr\/index.php\/histoire\/","og_locale":"fr_FR","og_type":"article","og_title":"HISTOIRE","og_url":"https:\/\/fredavelle.fr\/index.php\/histoire\/","article_publisher":"https:\/\/www.facebook.com\/domainefredavelle","article_modified_time":"2024-02-21T09:58:00+00:00","og_image":[{"width":1705,"height":2560,"url":"https:\/\/fredavelle.fr\/wp-content\/uploads\/2022\/10\/David-remorque-Noir-et-blanc-1-scaled.jpg","type":"image\/jpeg"}],"twitter_card":"summary_large_image","twitter_misc":{"Dur\u00e9e de lecture estim\u00e9e":"1 minute"},"schema":{"@context":"https:\/\/schema.org","@graph":[{"@type":"WebPage","@id":"https:\/\/fredavelle.fr\/index.php\/histoire\/","url":"https:\/\/fredavelle.fr\/index.php\/histoire\/","name":"HISTOIRE","isPartOf":{"@id":"https:\/\/fredavelle.fr\/#website"},"primaryImageOfPage":{"@id":"https:\/\/fredavelle.fr\/index.php\/histoire\/#primaryimage"},"image":{"@id":"https:\/\/fredavelle.fr\/index.php\/histoire\/#primaryimage"},"thumbnailUrl":"https:\/\/fredavelle.fr\/wp-content\/uploads\/2022\/10\/David-remorque-Noir-et-blanc-1-scaled.jpg","datePublished":"2023-11-10T16:39:44+00:00","dateModified":"2024-02-21T09:58:00+00:00","breadcrumb":{"@id":"https:\/\/fredavelle.fr\/index.php\/histoire\/#breadcrumb"},"inLanguage":"fr-FR","potentialAction":[{"@type":"ReadAction","target":["https:\/\/fredavelle.fr\/index.php\/histoire\/"]}]},{"@type":"ImageObject","inLanguage":"fr-FR","@id":"https:\/\/fredavelle.fr\/index.php\/histoire\/#primaryimage","url":"https:\/\/fredavelle.fr\/wp-content\/uploads\/2022\/10\/David-remorque-Noir-et-blanc-1-scaled.jpg","contentUrl":"https:\/\/fredavelle.fr\/wp-content\/uploads\/2022\/10\/David-remorque-Noir-et-blanc-1-scaled.jpg","width":1705,"height":2560},{"@type":"BreadcrumbList","@id":"https:\/\/fredavelle.fr\/index.php\/histoire\/#breadcrumb","itemListElement":[{"@type":"ListItem","position":1,"name":"Accueil","item":"https:\/\/fredavelle.fr\/"},{"@type":"ListItem","position":2,"name":"HISTOIRE"}]},{"@type":"WebSite","@id":"https:\/\/fredavelle.fr\/#website","url":"https:\/\/fredavelle.fr\/","name":"Domaine Fredavelle","description":"vignerons en coteaux d&#039;aix-en-provence","publisher":{"@id":"https:\/\/fredavelle.fr\/#organization"},"potentialAction":[{"@type":"SearchAction","target":{"@type":"EntryPoint","urlTemplate":"https:\/\/fredavelle.fr\/?s={search_term_string}"},"query-input":{"@type":"PropertyValueSpecification","valueRequired":true,"valueName":"search_term_string"}}],"inLanguage":"fr-FR"},{"@type":"Organization","@id":"https:\/\/fredavelle.fr\/#organization","name":"Domaine Fredavelle","url":"https:\/\/fredavelle.fr\/","logo":{"@type":"ImageObject","inLanguage":"fr-FR","@id":"https:\/\/fredavelle.fr\/#\/schema\/logo\/image\/","url":"https:\/\/fredavelle.fr\/wp-content\/uploads\/2024\/08\/logo-pied-de-page-313.png","contentUrl":"https:\/\/fredavelle.fr\/wp-content\/uploads\/2024\/08\/logo-pied-de-page-313.png","width":313,"height":313,"caption":"Domaine Fredavelle"},"image":{"@id":"https:\/\/fredavelle.fr\/#\/schema\/logo\/image\/"},"sameAs":["https:\/\/www.facebook.com\/domainefredavelle","https:\/\/www.instagram.com\/domainefredavelle"]}]}},"uagb_featured_image_src":{"full":false,"thumbnail":false,"medium":false,"medium_large":false,"large":false,"1536x1536":false,"2048x2048":false,"inspiro-featured-image":false,"inspiro-loop":false,"inspiro-loop@2x":false,"tlp-portfolio-thumb":false},"uagb_author_info":{"display_name":"Domaine Fredavelle","author_link":"https:\/\/fredavelle.fr\/index.php\/author\/wordpress-owi\/"},"uagb_comment_info":0,"uagb_excerpt":null,"_links":{"self":[{"href":"https:\/\/fredavelle.fr\/index.php\/wp-json\/wp\/v2\/pages\/2918","targetHints":{"allow":["GET"]}}],"collection":[{"href":"https:\/\/fredavelle.fr\/index.php\/wp-json\/wp\/v2\/pages"}],"about":[{"href":"https:\/\/fredavelle.fr\/index.php\/wp-json\/wp\/v2\/types\/page"}],"author":[{"embeddable":true,"href":"https:\/\/fredavelle.fr\/index.php\/wp-json\/wp\/v2\/users\/1"}],"replies":[{"embeddable":true,"href":"https:\/\/fredavelle.fr\/index.php\/wp-json\/wp\/v2\/comments?post=2918"}],"version-history":[{"count":33,"href":"https:\/\/fredavelle.fr\/index.php\/wp-json\/wp\/v2\/pages\/2918\/revisions"}],"predecessor-version":[{"id":3558,"href":"https:\/\/fredavelle.fr\/index.php\/wp-json\/wp\/v2\/pages\/2918\/revisions\/3558"}],"wp:attachment":[{"href":"https:\/\/fredavelle.fr\/index.php\/wp-json\/wp\/v2\/media?parent=2918"}],"curies":[{"name":"wp","href":"https:\/\/api.w.org\/{rel}","templated":true}]}}