{"id":1921,"date":"2023-11-10T17:34:07","date_gmt":"2023-11-10T16:34:07","guid":{"rendered":"https:\/\/fredavelle.fr\/?page_id=1921"},"modified":"2026-04-01T12:10:03","modified_gmt":"2026-04-01T10:10:03","slug":"inspirations","status":"publish","type":"page","link":"https:\/\/fredavelle.fr\/index.php\/inspirations\/","title":{"rendered":"INSPIRATION|S"},"content":{"rendered":"\n<figure class=\"wp-block-video alignfull\"><video height=\"1280\" style=\"aspect-ratio: 720 \/ 1280;\" width=\"720\" autoplay loop muted preload=\"auto\" src=\"https:\/\/fredavelle.fr\/wp-content\/uploads\/2023\/10\/pressoir-rouge-2.mov\" playsinline><\/video><\/figure>\n\n\n\n<div class=\"wp-block-cover alignfull is-light\" style=\"min-height:221px;aspect-ratio:unset;\"><span aria-hidden=\"true\" class=\"wp-block-cover__background has-white-background-color has-background-dim-100 has-background-dim\"><\/span><div class=\"wp-block-cover__inner-container has-global-padding is-layout-constrained wp-block-cover-is-layout-constrained\">\n<p class=\"has-text-align-left has-black-color has-text-color has-larger-font-size\" style=\"text-transform:uppercase\">INSPIR\u00e9 PAR LA NATURE<\/p>\n\n\n\n<p class=\"has-black-color has-text-color\" style=\"text-transform:none\">Une cuv\u00e9e in\u00e9dite inspir\u00e9e par la r\u00e9colte, produite en quantit\u00e9 limit\u00e9e et num\u00e9rot\u00e9e. <br>Parfois ros\u00e9, souvent rouge et d\u00e9finitivement blanc. <br>Exclusivement gastronomique.<\/p>\n<\/div><\/div>\n\n\n\n<h2 class=\"wp-block-heading has-white-color has-text-color\"><\/h2>\n\n\n\n<h3 class=\"wp-block-heading has-white-color has-text-color has-link-color wp-elements-c3aa67b62068619e94b3c73127521e33\" style=\"font-size:1px\">Vins Exclusivement Gastronomique<\/h3>\n\n\n\n<h2 class=\"wp-block-heading has-white-color has-text-color has-link-color wp-elements-19f01577ac414f84be7249baac39c225\" style=\"font-size:1px\">Vins Exclusivement Gastronomique<\/h2>\n\n\n\n<figure class=\"wp-block-image alignfull size-full\"><img loading=\"lazy\" decoding=\"async\" width=\"2560\" height=\"1705\" src=\"https:\/\/fredavelle.fr\/wp-content\/uploads\/2023\/10\/bene-rouge-2-scaled.jpg\" alt=\"\" class=\"wp-image-2731\" srcset=\"https:\/\/fredavelle.fr\/wp-content\/uploads\/2023\/10\/bene-rouge-2-scaled.jpg 2560w, https:\/\/fredavelle.fr\/wp-content\/uploads\/2023\/10\/bene-rouge-2-300x200.jpg 300w, https:\/\/fredavelle.fr\/wp-content\/uploads\/2023\/10\/bene-rouge-2-1024x682.jpg 1024w, https:\/\/fredavelle.fr\/wp-content\/uploads\/2023\/10\/bene-rouge-2-768x511.jpg 768w, https:\/\/fredavelle.fr\/wp-content\/uploads\/2023\/10\/bene-rouge-2-1536x1023.jpg 1536w, https:\/\/fredavelle.fr\/wp-content\/uploads\/2023\/10\/bene-rouge-2-2048x1364.jpg 2048w, https:\/\/fredavelle.fr\/wp-content\/uploads\/2023\/10\/bene-rouge-2-900x599.jpg 900w, https:\/\/fredavelle.fr\/wp-content\/uploads\/2023\/10\/bene-rouge-2-1280x852.jpg 1280w\" sizes=\"auto, (max-width: 2560px) 100vw, 2560px\" \/><\/figure>\n\n\n\n<h2 class=\"wp-block-heading\"><\/h2>\n\n\n\n<div class=\"wp-block-cover alignfull is-light\" style=\"min-height:314px;aspect-ratio:unset;\"><span aria-hidden=\"true\" class=\"wp-block-cover__background has-white-background-color has-background-dim-100 has-background-dim\"><\/span><div class=\"wp-block-cover__inner-container has-global-padding is-layout-constrained wp-block-cover-is-layout-constrained\">\n<p class=\"has-text-align-left has-black-color has-text-color has-larger-font-size\" style=\"text-transform:uppercase\">Inspiration|s<\/p>\n\n\n\n<p class=\"has-black-color has-text-color\">DAVID : &#8221; avant m\u00eame la r\u00e9colte, je sais quels ceps vont faire l&#8217;Inspiration. Il ne s&#8217;agit plus seulement d&#8217;une histoire de maturit\u00e9 des raisins. Je connais mes vignes par c\u0153ur, et selon l&#8217;ann\u00e9e, la pression m\u00e9t\u00e9o qu&#8217;elles ont subi, je sais si elles vont tenir jusqu&#8217;au bout ou si \u00e7a va d\u00e9crocher. Ca arrive parfois que l&#8217;on saute un mill\u00e9sime sur cette cuv\u00e9e, ou que l&#8217;on ne fasse pas les trois couleurs &#8220;<br><br>OLIVIA : &#8221; le principe de cette cuv\u00e9e est de produire des vins originaux et audacieux. On sort des sentiers battus, on pousse l&#8217;extraction aromatique jusqu&#8217;\u00e0 s&#8217;affranchir parfois des accents proven\u00e7aux, c&#8217;est tr\u00e8s int\u00e9ressant &#8221; <\/p>\n<\/div><\/div>\n\n\n\n<h2 class=\"wp-block-heading has-black-color has-text-color\"><\/h2>\n\n\n\n<figure class=\"wp-block-image alignfull size-large\"><img loading=\"lazy\" decoding=\"async\" width=\"1024\" height=\"694\" src=\"https:\/\/fredavelle.fr\/wp-content\/uploads\/2023\/12\/lies-scaled-e1701791956951-1024x694.jpg\" alt=\"\" class=\"wp-image-3652\" srcset=\"https:\/\/fredavelle.fr\/wp-content\/uploads\/2023\/12\/lies-scaled-e1701791956951-1024x694.jpg 1024w, https:\/\/fredavelle.fr\/wp-content\/uploads\/2023\/12\/lies-scaled-e1701791956951-300x203.jpg 300w, https:\/\/fredavelle.fr\/wp-content\/uploads\/2023\/12\/lies-scaled-e1701791956951-768x520.jpg 768w, https:\/\/fredavelle.fr\/wp-content\/uploads\/2023\/12\/lies-scaled-e1701791956951-1536x1041.jpg 1536w, https:\/\/fredavelle.fr\/wp-content\/uploads\/2023\/12\/lies-scaled-e1701791956951.jpg 1920w\" sizes=\"auto, (max-width: 1024px) 100vw, 1024px\" \/><\/figure>\n\n\n\n<figure class=\"wp-block-image alignfull size-large\"><img loading=\"lazy\" decoding=\"async\" width=\"1024\" height=\"682\" src=\"https:\/\/fredavelle.fr\/wp-content\/uploads\/2023\/12\/image-1024x682.jpeg\" alt=\"L\u2019attribut alt de cette image est vide, son nom de fichier est inspi-et-gant-vert-4-1-scaled.jpg.\" class=\"wp-image-3643\" srcset=\"https:\/\/fredavelle.fr\/wp-content\/uploads\/2023\/12\/image-1024x682.jpeg 1024w, https:\/\/fredavelle.fr\/wp-content\/uploads\/2023\/12\/image-300x200.jpeg 300w, https:\/\/fredavelle.fr\/wp-content\/uploads\/2023\/12\/image-768x512.jpeg 768w, https:\/\/fredavelle.fr\/wp-content\/uploads\/2023\/12\/image-1536x1023.jpeg 1536w, https:\/\/fredavelle.fr\/wp-content\/uploads\/2023\/12\/image-2048x1364.jpeg 2048w, https:\/\/fredavelle.fr\/wp-content\/uploads\/2023\/12\/image-2000x1332.jpeg 2000w\" sizes=\"auto, (max-width: 1024px) 100vw, 1024px\" \/><\/figure>\n\n\n\n<h2 class=\"wp-block-heading\"><\/h2>\n\n\n\n<div class=\"wp-block-cover alignfull is-light\" style=\"min-height:221px;aspect-ratio:unset;\"><span aria-hidden=\"true\" class=\"wp-block-cover__background has-white-background-color has-background-dim-100 has-background-dim\"><\/span><div class=\"wp-block-cover__inner-container has-global-padding is-layout-constrained wp-block-cover-is-layout-constrained\">\n<p class=\"has-text-align-left has-black-color has-text-color has-larger-font-size\" style=\"text-transform:uppercase\">une approche plus libre des vins<\/p>\n\n\n\n<p class=\"has-black-color has-text-color\" style=\"text-transform:none\">Production limit\u00e9e.<br>Aromatique d\u00e9complex\u00e9e.<br>Vins vivants, vins diff\u00e9rents.<\/p>\n\n\n\n<p class=\"has-black-color has-text-color\" style=\"text-transform:none\"><\/p>\n<\/div><\/div>\n\n\n\n<h2 class=\"wp-block-heading\"><\/h2>\n\n\n\n<div class=\"wp-block-media-text alignfull is-stacked-on-mobile is-image-fill-element\"><figure class=\"wp-block-media-text__media\"><img loading=\"lazy\" decoding=\"async\" width=\"1024\" height=\"879\" src=\"https:\/\/fredavelle.fr\/wp-content\/uploads\/2023\/10\/bouteille-sol-3-scaled-e1699458943730-1024x879.jpg\" alt=\"\" class=\"wp-image-2743 size-full\" style=\"object-position:54% 67%\" srcset=\"https:\/\/fredavelle.fr\/wp-content\/uploads\/2023\/10\/bouteille-sol-3-scaled-e1699458943730-1024x879.jpg 1024w, https:\/\/fredavelle.fr\/wp-content\/uploads\/2023\/10\/bouteille-sol-3-scaled-e1699458943730-300x257.jpg 300w, https:\/\/fredavelle.fr\/wp-content\/uploads\/2023\/10\/bouteille-sol-3-scaled-e1699458943730-768x659.jpg 768w, https:\/\/fredavelle.fr\/wp-content\/uploads\/2023\/10\/bouteille-sol-3-scaled-e1699458943730-1536x1318.jpg 1536w, https:\/\/fredavelle.fr\/wp-content\/uploads\/2023\/10\/bouteille-sol-3-scaled-e1699458943730.jpg 1705w\" sizes=\"auto, (max-width: 1024px) 100vw, 1024px\" \/><\/figure><div class=\"wp-block-media-text__content\">\n<hr class=\"wp-block-separator has-text-color has-white-color has-alpha-channel-opacity has-white-background-color has-background\"\/>\n\n\n\n<h2 class=\"wp-block-heading\"><\/h2>\n\n\n\n<p class=\"has-text-align-left has-black-color has-text-color has-larger-font-size\" style=\"text-transform:uppercase\">pr\u00e9texte d&#8217;ouverture<\/p>\n\n\n\n<p class=\"has-black-color has-text-color\" style=\"text-transform:uppercase\">briller avec une d\u00e9gustation \u00e0 l&#8217;aveugle<br>promesse de d\u00e9bats passionn\u00e9s<\/p>\n\n\n\n<h2 class=\"wp-block-heading\"><\/h2>\n\n\n\n<hr class=\"wp-block-separator has-text-color has-white-color has-alpha-channel-opacity has-white-background-color has-background\"\/>\n\n\n\n<hr class=\"wp-block-separator has-text-color has-white-color has-alpha-channel-opacity has-white-background-color has-background\"\/>\n<\/div><\/div>\n\n\n\n<hr class=\"wp-block-separator has-text-color has-white-color has-alpha-channel-opacity has-white-background-color has-background\"\/>\n\n\n\n<div class=\"wp-block-columns alignfull is-layout-flex wp-container-core-columns-is-layout-28f84493 wp-block-columns-is-layout-flex\">\n<div class=\"wp-block-column is-layout-flow wp-block-column-is-layout-flow\">\n<div class=\"wp-block-cover is-light has-custom-content-position is-position-top-center\" style=\"min-height:325px;aspect-ratio:unset;\"><span aria-hidden=\"true\" class=\"wp-block-cover__background has-white-background-color has-background-dim-100 has-background-dim\"><\/span><div class=\"wp-block-cover__inner-container has-global-padding is-layout-constrained wp-block-cover-is-layout-constrained\">\n<p class=\"has-text-align-center has-large-font-size\" style=\"text-transform:uppercase\">Un ros\u00e9<br>\u00e9pic\u00e9<\/p>\n\n\n\n<div class=\"wp-block-buttons alignfull is-horizontal is-content-justification-center is-layout-flex wp-container-core-buttons-is-layout-03627597 wp-block-buttons-is-layout-flex\">\n<div class=\"wp-block-button is-style-outline is-style-outline--1\"><a class=\"wp-block-button__link has-text-align-center wp-element-button\" href=\"https:\/\/fredavelle.fr\/wp-content\/uploads\/2026\/04\/FREDAVELLE-_-FT-INSPIRATIONS-ROSE-2024.pdf\" target=\"_blank\" rel=\"noreferrer noopener\">d\u00e9couvrez<\/a><\/div>\n<\/div>\n<\/div><\/div>\n<\/div>\n\n\n\n<div class=\"wp-block-column is-layout-flow wp-block-column-is-layout-flow\">\n<div class=\"wp-block-cover is-light has-custom-content-position is-position-top-center\" style=\"min-height:302px;aspect-ratio:unset;\"><span aria-hidden=\"true\" class=\"wp-block-cover__background has-white-background-color has-background-dim-100 has-background-dim\"><\/span><div class=\"wp-block-cover__inner-container has-global-padding is-layout-constrained wp-block-cover-is-layout-constrained\">\n<p class=\"has-text-align-center has-large-font-size\" style=\"text-transform:uppercase\">un blanc<br>fum\u00e9<\/p>\n\n\n\n<div class=\"wp-block-buttons is-content-justification-center is-layout-flex wp-container-core-buttons-is-layout-a89b3969 wp-block-buttons-is-layout-flex\">\n<div class=\"wp-block-button is-style-outline is-style-outline--2\"><a class=\"wp-block-button__link wp-element-button\" href=\"https:\/\/fredavelle.fr\/wp-content\/uploads\/2025\/07\/Inspiration-blanc-2024.pdf\" target=\"_blank\" rel=\"noreferrer noopener\">d\u00e9couvrez<\/a><\/div>\n<\/div>\n<\/div><\/div>\n<\/div>\n\n\n\n<div class=\"wp-block-column is-layout-flow wp-block-column-is-layout-flow\">\n<div class=\"wp-block-cover is-light has-custom-content-position is-position-top-center\" style=\"min-height:322px;aspect-ratio:unset;\"><span aria-hidden=\"true\" class=\"wp-block-cover__background has-white-background-color has-background-dim-100 has-background-dim\"><\/span><div class=\"wp-block-cover__inner-container has-global-padding is-layout-constrained wp-block-cover-is-layout-constrained\">\n<p class=\"has-text-align-center has-large-font-size\" style=\"text-transform:uppercase\">un rouge<br>sculpt\u00e9<\/p>\n\n\n\n<div class=\"wp-block-buttons is-content-justification-center is-layout-flex wp-container-core-buttons-is-layout-a89b3969 wp-block-buttons-is-layout-flex\">\n<div class=\"wp-block-button is-style-outline is-style-outline--3\"><a class=\"wp-block-button__link wp-element-button\" href=\"https:\/\/fredavelle.fr\/wp-content\/uploads\/2026\/04\/FREDAVELLE-_-FT-INSPIRATIONS-ROUGE-2024.pdf\" target=\"_blank\" rel=\"noreferrer noopener\">d\u00e9couvrez<\/a><\/div>\n<\/div>\n<\/div><\/div>\n<\/div>\n<\/div>\n\n\n\n<p><\/p>\n","protected":false},"excerpt":{"rendered":"<p>Vins Exclusivement Gastronomique Vins Exclusivement Gastronomique<\/p>\n","protected":false},"author":1,"featured_media":0,"parent":0,"menu_order":0,"comment_status":"closed","ping_status":"closed","template":"page-templates\/full-width-transparent.php","meta":{"_uag_custom_page_level_css":"","inspiro_hide_title":false,"footnotes":""},"class_list":["post-1921","page","type-page","status-publish","hentry"],"yoast_head":"<!-- This site is optimized with the Yoast SEO plugin v27.4 - https:\/\/yoast.com\/product\/yoast-seo-wordpress\/ -->\n<title>Cuv\u00e9e Inspiration|s | Domaine Fredavelle<\/title>\n<meta name=\"description\" content=\"Une cuv\u00e9e in\u00e9dite inspir\u00e9e par la r\u00e9colte | Produite en quantit\u00e9 limit\u00e9e | Exclusivement gastronomique | Une approche plus libre des vins\" \/>\n<meta name=\"robots\" content=\"index, follow, max-snippet:-1, max-image-preview:large, max-video-preview:-1\" \/>\n<link rel=\"canonical\" href=\"https:\/\/fredavelle.fr\/index.php\/inspirations\/\" \/>\n<meta property=\"og:locale\" content=\"fr_FR\" \/>\n<meta property=\"og:type\" content=\"article\" \/>\n<meta property=\"og:title\" content=\"Cuv\u00e9e Inspiration|s | Domaine Fredavelle\" \/>\n<meta property=\"og:description\" content=\"Une cuv\u00e9e in\u00e9dite inspir\u00e9e par la r\u00e9colte | Produite en quantit\u00e9 limit\u00e9e | Exclusivement gastronomique | Une approche plus libre des vins\" \/>\n<meta property=\"og:url\" content=\"https:\/\/fredavelle.fr\/index.php\/inspirations\/\" \/>\n<meta property=\"article:publisher\" content=\"https:\/\/www.facebook.com\/domainefredavelle\" \/>\n<meta property=\"article:modified_time\" content=\"2026-04-01T10:10:03+00:00\" \/>\n<meta property=\"og:image\" content=\"https:\/\/fredavelle.fr\/wp-content\/uploads\/2023\/10\/bene-rouge-2-scaled.jpg\" \/>\n\t<meta property=\"og:image:width\" content=\"2560\" \/>\n\t<meta property=\"og:image:height\" content=\"1705\" \/>\n\t<meta property=\"og:image:type\" content=\"image\/jpeg\" \/>\n<meta name=\"twitter:card\" content=\"summary_large_image\" \/>\n<meta name=\"twitter:label1\" content=\"Dur\u00e9e de lecture estim\u00e9e\" \/>\n\t<meta name=\"twitter:data1\" content=\"2 minutes\" \/>\n<script type=\"application\/ld+json\" class=\"yoast-schema-graph\">{\"@context\":\"https:\\\/\\\/schema.org\",\"@graph\":[{\"@type\":\"WebPage\",\"@id\":\"https:\\\/\\\/fredavelle.fr\\\/index.php\\\/inspirations\\\/\",\"url\":\"https:\\\/\\\/fredavelle.fr\\\/index.php\\\/inspirations\\\/\",\"name\":\"Cuv\u00e9e Inspiration|s | Domaine Fredavelle\",\"isPartOf\":{\"@id\":\"https:\\\/\\\/fredavelle.fr\\\/#website\"},\"primaryImageOfPage\":{\"@id\":\"https:\\\/\\\/fredavelle.fr\\\/index.php\\\/inspirations\\\/#primaryimage\"},\"image\":{\"@id\":\"https:\\\/\\\/fredavelle.fr\\\/index.php\\\/inspirations\\\/#primaryimage\"},\"thumbnailUrl\":\"https:\\\/\\\/fredavelle.fr\\\/wp-content\\\/uploads\\\/2023\\\/10\\\/bene-rouge-2-scaled.jpg\",\"datePublished\":\"2023-11-10T16:34:07+00:00\",\"dateModified\":\"2026-04-01T10:10:03+00:00\",\"description\":\"Une cuv\u00e9e in\u00e9dite inspir\u00e9e par la r\u00e9colte | Produite en quantit\u00e9 limit\u00e9e | Exclusivement gastronomique | Une approche plus libre des vins\",\"breadcrumb\":{\"@id\":\"https:\\\/\\\/fredavelle.fr\\\/index.php\\\/inspirations\\\/#breadcrumb\"},\"inLanguage\":\"fr-FR\",\"potentialAction\":[{\"@type\":\"ReadAction\",\"target\":[\"https:\\\/\\\/fredavelle.fr\\\/index.php\\\/inspirations\\\/\"]}]},{\"@type\":\"ImageObject\",\"inLanguage\":\"fr-FR\",\"@id\":\"https:\\\/\\\/fredavelle.fr\\\/index.php\\\/inspirations\\\/#primaryimage\",\"url\":\"https:\\\/\\\/fredavelle.fr\\\/wp-content\\\/uploads\\\/2023\\\/10\\\/bene-rouge-2-scaled.jpg\",\"contentUrl\":\"https:\\\/\\\/fredavelle.fr\\\/wp-content\\\/uploads\\\/2023\\\/10\\\/bene-rouge-2-scaled.jpg\",\"width\":2560,\"height\":1705},{\"@type\":\"BreadcrumbList\",\"@id\":\"https:\\\/\\\/fredavelle.fr\\\/index.php\\\/inspirations\\\/#breadcrumb\",\"itemListElement\":[{\"@type\":\"ListItem\",\"position\":1,\"name\":\"Accueil\",\"item\":\"https:\\\/\\\/fredavelle.fr\\\/\"},{\"@type\":\"ListItem\",\"position\":2,\"name\":\"INSPIRATION|S\"}]},{\"@type\":\"WebSite\",\"@id\":\"https:\\\/\\\/fredavelle.fr\\\/#website\",\"url\":\"https:\\\/\\\/fredavelle.fr\\\/\",\"name\":\"Domaine Fredavelle\",\"description\":\"vignerons en coteaux d&#039;aix-en-provence\",\"publisher\":{\"@id\":\"https:\\\/\\\/fredavelle.fr\\\/#organization\"},\"potentialAction\":[{\"@type\":\"SearchAction\",\"target\":{\"@type\":\"EntryPoint\",\"urlTemplate\":\"https:\\\/\\\/fredavelle.fr\\\/?s={search_term_string}\"},\"query-input\":{\"@type\":\"PropertyValueSpecification\",\"valueRequired\":true,\"valueName\":\"search_term_string\"}}],\"inLanguage\":\"fr-FR\"},{\"@type\":\"Organization\",\"@id\":\"https:\\\/\\\/fredavelle.fr\\\/#organization\",\"name\":\"Domaine Fredavelle\",\"url\":\"https:\\\/\\\/fredavelle.fr\\\/\",\"logo\":{\"@type\":\"ImageObject\",\"inLanguage\":\"fr-FR\",\"@id\":\"https:\\\/\\\/fredavelle.fr\\\/#\\\/schema\\\/logo\\\/image\\\/\",\"url\":\"https:\\\/\\\/fredavelle.fr\\\/wp-content\\\/uploads\\\/2024\\\/08\\\/logo-pied-de-page-313.png\",\"contentUrl\":\"https:\\\/\\\/fredavelle.fr\\\/wp-content\\\/uploads\\\/2024\\\/08\\\/logo-pied-de-page-313.png\",\"width\":313,\"height\":313,\"caption\":\"Domaine Fredavelle\"},\"image\":{\"@id\":\"https:\\\/\\\/fredavelle.fr\\\/#\\\/schema\\\/logo\\\/image\\\/\"},\"sameAs\":[\"https:\\\/\\\/www.facebook.com\\\/domainefredavelle\",\"https:\\\/\\\/www.instagram.com\\\/domainefredavelle\"]}]}<\/script>\n<!-- \/ Yoast SEO plugin. -->","yoast_head_json":{"title":"Cuv\u00e9e Inspiration|s | Domaine Fredavelle","description":"Une cuv\u00e9e in\u00e9dite inspir\u00e9e par la r\u00e9colte | Produite en quantit\u00e9 limit\u00e9e | Exclusivement gastronomique | Une approche plus libre des vins","robots":{"index":"index","follow":"follow","max-snippet":"max-snippet:-1","max-image-preview":"max-image-preview:large","max-video-preview":"max-video-preview:-1"},"canonical":"https:\/\/fredavelle.fr\/index.php\/inspirations\/","og_locale":"fr_FR","og_type":"article","og_title":"Cuv\u00e9e Inspiration|s | Domaine Fredavelle","og_description":"Une cuv\u00e9e in\u00e9dite inspir\u00e9e par la r\u00e9colte | Produite en quantit\u00e9 limit\u00e9e | Exclusivement gastronomique | Une approche plus libre des vins","og_url":"https:\/\/fredavelle.fr\/index.php\/inspirations\/","article_publisher":"https:\/\/www.facebook.com\/domainefredavelle","article_modified_time":"2026-04-01T10:10:03+00:00","og_image":[{"width":2560,"height":1705,"url":"https:\/\/fredavelle.fr\/wp-content\/uploads\/2023\/10\/bene-rouge-2-scaled.jpg","type":"image\/jpeg"}],"twitter_card":"summary_large_image","twitter_misc":{"Dur\u00e9e de lecture estim\u00e9e":"2 minutes"},"schema":{"@context":"https:\/\/schema.org","@graph":[{"@type":"WebPage","@id":"https:\/\/fredavelle.fr\/index.php\/inspirations\/","url":"https:\/\/fredavelle.fr\/index.php\/inspirations\/","name":"Cuv\u00e9e Inspiration|s | Domaine Fredavelle","isPartOf":{"@id":"https:\/\/fredavelle.fr\/#website"},"primaryImageOfPage":{"@id":"https:\/\/fredavelle.fr\/index.php\/inspirations\/#primaryimage"},"image":{"@id":"https:\/\/fredavelle.fr\/index.php\/inspirations\/#primaryimage"},"thumbnailUrl":"https:\/\/fredavelle.fr\/wp-content\/uploads\/2023\/10\/bene-rouge-2-scaled.jpg","datePublished":"2023-11-10T16:34:07+00:00","dateModified":"2026-04-01T10:10:03+00:00","description":"Une cuv\u00e9e in\u00e9dite inspir\u00e9e par la r\u00e9colte | Produite en quantit\u00e9 limit\u00e9e | Exclusivement gastronomique | Une approche plus libre des vins","breadcrumb":{"@id":"https:\/\/fredavelle.fr\/index.php\/inspirations\/#breadcrumb"},"inLanguage":"fr-FR","potentialAction":[{"@type":"ReadAction","target":["https:\/\/fredavelle.fr\/index.php\/inspirations\/"]}]},{"@type":"ImageObject","inLanguage":"fr-FR","@id":"https:\/\/fredavelle.fr\/index.php\/inspirations\/#primaryimage","url":"https:\/\/fredavelle.fr\/wp-content\/uploads\/2023\/10\/bene-rouge-2-scaled.jpg","contentUrl":"https:\/\/fredavelle.fr\/wp-content\/uploads\/2023\/10\/bene-rouge-2-scaled.jpg","width":2560,"height":1705},{"@type":"BreadcrumbList","@id":"https:\/\/fredavelle.fr\/index.php\/inspirations\/#breadcrumb","itemListElement":[{"@type":"ListItem","position":1,"name":"Accueil","item":"https:\/\/fredavelle.fr\/"},{"@type":"ListItem","position":2,"name":"INSPIRATION|S"}]},{"@type":"WebSite","@id":"https:\/\/fredavelle.fr\/#website","url":"https:\/\/fredavelle.fr\/","name":"Domaine Fredavelle","description":"vignerons en coteaux d&#039;aix-en-provence","publisher":{"@id":"https:\/\/fredavelle.fr\/#organization"},"potentialAction":[{"@type":"SearchAction","target":{"@type":"EntryPoint","urlTemplate":"https:\/\/fredavelle.fr\/?s={search_term_string}"},"query-input":{"@type":"PropertyValueSpecification","valueRequired":true,"valueName":"search_term_string"}}],"inLanguage":"fr-FR"},{"@type":"Organization","@id":"https:\/\/fredavelle.fr\/#organization","name":"Domaine Fredavelle","url":"https:\/\/fredavelle.fr\/","logo":{"@type":"ImageObject","inLanguage":"fr-FR","@id":"https:\/\/fredavelle.fr\/#\/schema\/logo\/image\/","url":"https:\/\/fredavelle.fr\/wp-content\/uploads\/2024\/08\/logo-pied-de-page-313.png","contentUrl":"https:\/\/fredavelle.fr\/wp-content\/uploads\/2024\/08\/logo-pied-de-page-313.png","width":313,"height":313,"caption":"Domaine Fredavelle"},"image":{"@id":"https:\/\/fredavelle.fr\/#\/schema\/logo\/image\/"},"sameAs":["https:\/\/www.facebook.com\/domainefredavelle","https:\/\/www.instagram.com\/domainefredavelle"]}]}},"uagb_featured_image_src":{"full":false,"thumbnail":false,"medium":false,"medium_large":false,"large":false,"1536x1536":false,"2048x2048":false,"inspiro-featured-image":false,"inspiro-loop":false,"inspiro-loop@2x":false,"tlp-portfolio-thumb":false},"uagb_author_info":{"display_name":"Domaine Fredavelle","author_link":"https:\/\/fredavelle.fr\/index.php\/author\/wordpress-owi\/"},"uagb_comment_info":0,"uagb_excerpt":"Vins Exclusivement Gastronomique Vins Exclusivement Gastronomique","_links":{"self":[{"href":"https:\/\/fredavelle.fr\/index.php\/wp-json\/wp\/v2\/pages\/1921","targetHints":{"allow":["GET"]}}],"collection":[{"href":"https:\/\/fredavelle.fr\/index.php\/wp-json\/wp\/v2\/pages"}],"about":[{"href":"https:\/\/fredavelle.fr\/index.php\/wp-json\/wp\/v2\/types\/page"}],"author":[{"embeddable":true,"href":"https:\/\/fredavelle.fr\/index.php\/wp-json\/wp\/v2\/users\/1"}],"replies":[{"embeddable":true,"href":"https:\/\/fredavelle.fr\/index.php\/wp-json\/wp\/v2\/comments?post=1921"}],"version-history":[{"count":184,"href":"https:\/\/fredavelle.fr\/index.php\/wp-json\/wp\/v2\/pages\/1921\/revisions"}],"predecessor-version":[{"id":5636,"href":"https:\/\/fredavelle.fr\/index.php\/wp-json\/wp\/v2\/pages\/1921\/revisions\/5636"}],"wp:attachment":[{"href":"https:\/\/fredavelle.fr\/index.php\/wp-json\/wp\/v2\/media?parent=1921"}],"curies":[{"name":"wp","href":"https:\/\/api.w.org\/{rel}","templated":true}]}}