{"id":1823,"date":"2023-11-10T17:30:30","date_gmt":"2023-11-10T16:30:30","guid":{"rendered":"https:\/\/fredavelle.fr\/?page_id=1823"},"modified":"2025-04-12T16:30:19","modified_gmt":"2025-04-12T14:30:19","slug":"actualites","status":"publish","type":"page","link":"https:\/\/fredavelle.fr\/index.php\/actualites\/","title":{"rendered":"ACTUALITES"},"content":{"rendered":"<div class=\"rt-container-fluid tlp-portfolio tlp-portfolio-container\" id=\"tlp-portfolio-container-1884\" data-layout=\"layout3\"><div class=\"rt-row layout3 \" data-title='Loading ...'><div class=\"tlp-col-md-3 tlp-col-sm-4 tlp-col-xs-12 tlp-single-item tlp-grid-item tlp-equal-height\">\r\n\t<div class=\"tlp-portfolio-item\">\r\n\t\t\t\t\t\t\t\t\t\t\t\t<div class=\"tlp-portfolio-thum tlp-item\">\r\n\t\t\t<img loading=\"lazy\" decoding=\"async\" width=\"1080\" height=\"1080\" src=\"https:\/\/fredavelle.fr\/wp-content\/uploads\/2025\/12\/guide-hachette-26-carre.jpg\" class=\"img-responsive\" alt=\"\" \/>\r\n\t\t\t<div class=\"tlp-overlay\">\r\n\t\t\t\t<p class=\"link-icon\">\r\n\t\t\t\t\t\r\n\t\t\t\t\t<a href=\"https:\/\/fredavelle.fr\/index.php\/portfolio\/guide-hachette-des-vins-2026\/\" aria-label=\"Guide Hachette des vins 2026\"><i class=\"demo-icon icon-link-ext\"><\/i><\/a>\r\n\t\t\t\t<\/p>\r\n\t\t\t<\/div>\r\n\t\t<\/div><div class=\"tlp-content\">\r\n\t\t\t\t\t\t<div class=\"tlp-content-holder\">\r\n\t\t\t\t\t\t\t<h3><a href=\"https:\/\/fredavelle.fr\/index.php\/portfolio\/guide-hachette-des-vins-2026\/\" aria-label=\"Guide Hachette des vins 2026\">Guide Hachette des vins 2026<\/a><\/h3>\r\n\t\t\t\t\t\t\t\r\n\t\t\t\t\t\t<\/div>\r\n\t\t\t\t\t<\/div>\t<\/div>\r\n<\/div>\r\n<div class=\"tlp-col-md-3 tlp-col-sm-4 tlp-col-xs-12 tlp-single-item tlp-grid-item tlp-equal-height\">\r\n\t<div class=\"tlp-portfolio-item\">\r\n\t\t\t\t\t\t\t\t\t\t\t\t<div class=\"tlp-portfolio-thum tlp-item\">\r\n\t\t\t<img loading=\"lazy\" decoding=\"async\" width=\"1535\" height=\"1535\" src=\"https:\/\/fredavelle.fr\/wp-content\/uploads\/2025\/06\/eleonores-actualite.jpg\" class=\"img-responsive\" alt=\"\" \/>\r\n\t\t\t<div class=\"tlp-overlay\">\r\n\t\t\t\t<p class=\"link-icon\">\r\n\t\t\t\t\t\r\n\t\t\t\t\t<a href=\"https:\/\/fredavelle.fr\/index.php\/portfolio\/les-eleonores-de-provences\/\" aria-label=\"Les \u00c9l\u00e9onores de Provences\"><i class=\"demo-icon icon-link-ext\"><\/i><\/a>\r\n\t\t\t\t<\/p>\r\n\t\t\t<\/div>\r\n\t\t<\/div><div class=\"tlp-content\">\r\n\t\t\t\t\t\t<div class=\"tlp-content-holder\">\r\n\t\t\t\t\t\t\t<h3><a href=\"https:\/\/fredavelle.fr\/index.php\/portfolio\/les-eleonores-de-provences\/\" aria-label=\"Les \u00c9l\u00e9onores de Provences\">Les \u00c9l\u00e9onores de Provences<\/a><\/h3>\r\n\t\t\t\t\t\t\t\r\n\t\t\t\t\t\t<\/div>\r\n\t\t\t\t\t<\/div>\t<\/div>\r\n<\/div>\r\n<div class=\"tlp-col-md-3 tlp-col-sm-4 tlp-col-xs-12 tlp-single-item tlp-grid-item tlp-equal-height\">\r\n\t<div class=\"tlp-portfolio-item\">\r\n\t\t\t\t\t\t\t\t\t\t\t\t<div class=\"tlp-portfolio-thum tlp-item\">\r\n\t\t\t<img loading=\"lazy\" decoding=\"async\" width=\"1080\" height=\"1080\" src=\"https:\/\/fredavelle.fr\/wp-content\/uploads\/2025\/03\/grappe-dor-carre-actualite.jpg\" class=\"img-responsive\" alt=\"\" \/>\r\n\t\t\t<div class=\"tlp-overlay\">\r\n\t\t\t\t<p class=\"link-icon\">\r\n\t\t\t\t\t\r\n\t\t\t\t\t<a href=\"https:\/\/fredavelle.fr\/index.php\/portfolio\/grappe-dor-2025\/\" aria-label=\"Grappe d&#8217;or 2025\"><i class=\"demo-icon icon-link-ext\"><\/i><\/a>\r\n\t\t\t\t<\/p>\r\n\t\t\t<\/div>\r\n\t\t<\/div><div class=\"tlp-content\">\r\n\t\t\t\t\t\t<div class=\"tlp-content-holder\">\r\n\t\t\t\t\t\t\t<h3><a href=\"https:\/\/fredavelle.fr\/index.php\/portfolio\/grappe-dor-2025\/\" aria-label=\"Grappe d&#8217;or 2025\">Grappe d&#8217;or 2025<\/a><\/h3>\r\n\t\t\t\t\t\t\t\r\n\t\t\t\t\t\t<\/div>\r\n\t\t\t\t\t<\/div>\t<\/div>\r\n<\/div>\r\n<div class=\"tlp-col-md-3 tlp-col-sm-4 tlp-col-xs-12 tlp-single-item tlp-grid-item tlp-equal-height\">\r\n\t<div class=\"tlp-portfolio-item\">\r\n\t\t\t\t\t\t\t\t\t\t\t\t<div class=\"tlp-portfolio-thum tlp-item\">\r\n\t\t\t<img loading=\"lazy\" decoding=\"async\" width=\"1536\" height=\"1536\" src=\"https:\/\/fredavelle.fr\/wp-content\/uploads\/2025\/02\/FullSizeRender_VSCO-5-1-scaled-e1740156272900-1536x1536.jpg\" class=\"img-responsive\" alt=\"\" \/>\r\n\t\t\t<div class=\"tlp-overlay\">\r\n\t\t\t\t<p class=\"link-icon\">\r\n\t\t\t\t\t\r\n\t\t\t\t\t<a href=\"https:\/\/fredavelle.fr\/index.php\/portfolio\/regards-croises-sur-le-vin\/\" aria-label=\"Fredavelle x Louis Jadot : regards crois\u00e9s sur le vin\"><i class=\"demo-icon icon-link-ext\"><\/i><\/a>\r\n\t\t\t\t<\/p>\r\n\t\t\t<\/div>\r\n\t\t<\/div><div class=\"tlp-content\">\r\n\t\t\t\t\t\t<div class=\"tlp-content-holder\">\r\n\t\t\t\t\t\t\t<h3><a href=\"https:\/\/fredavelle.fr\/index.php\/portfolio\/regards-croises-sur-le-vin\/\" aria-label=\"Fredavelle x Louis Jadot : regards crois\u00e9s sur le vin\">Fredavelle x Louis Jadot : regards crois\u00e9s sur le vin<\/a><\/h3>\r\n\t\t\t\t\t\t\t\r\n\t\t\t\t\t\t<\/div>\r\n\t\t\t\t\t<\/div>\t<\/div>\r\n<\/div>\r\n<div class=\"tlp-col-md-3 tlp-col-sm-4 tlp-col-xs-12 tlp-single-item tlp-grid-item tlp-equal-height\">\r\n\t<div class=\"tlp-portfolio-item\">\r\n\t\t\t\t\t\t\t\t\t\t\t\t<div class=\"tlp-portfolio-thum tlp-item\">\r\n\t\t\t<img loading=\"lazy\" decoding=\"async\" width=\"1080\" height=\"1080\" src=\"https:\/\/fredavelle.fr\/wp-content\/uploads\/2024\/12\/format-carre-palmares-2024-rvf-bronze-2.jpg\" class=\"img-responsive\" alt=\"\" \/>\r\n\t\t\t<div class=\"tlp-overlay\">\r\n\t\t\t\t<p class=\"link-icon\">\r\n\t\t\t\t\t\r\n\t\t\t\t\t<a href=\"https:\/\/fredavelle.fr\/index.php\/portfolio\/prix-des-lecteurs-de-la-rvf\/\" aria-label=\"Prix des lecteurs de la RVF\"><i class=\"demo-icon icon-link-ext\"><\/i><\/a>\r\n\t\t\t\t<\/p>\r\n\t\t\t<\/div>\r\n\t\t<\/div><div class=\"tlp-content\">\r\n\t\t\t\t\t\t<div class=\"tlp-content-holder\">\r\n\t\t\t\t\t\t\t<h3><a href=\"https:\/\/fredavelle.fr\/index.php\/portfolio\/prix-des-lecteurs-de-la-rvf\/\" aria-label=\"Prix des lecteurs de la RVF\">Prix des lecteurs de la RVF<\/a><\/h3>\r\n\t\t\t\t\t\t\t\r\n\t\t\t\t\t\t<\/div>\r\n\t\t\t\t\t<\/div>\t<\/div>\r\n<\/div>\r\n<div class=\"tlp-col-md-3 tlp-col-sm-4 tlp-col-xs-12 tlp-single-item tlp-grid-item tlp-equal-height\">\r\n\t<div class=\"tlp-portfolio-item\">\r\n\t\t\t\t\t\t\t\t\t\t\t\t<div class=\"tlp-portfolio-thum tlp-item\">\r\n\t\t\t<img loading=\"lazy\" decoding=\"async\" width=\"1080\" height=\"1080\" src=\"https:\/\/fredavelle.fr\/wp-content\/uploads\/2024\/11\/image-noel-pour-actualite-site-internet.jpg\" class=\"img-responsive\" alt=\"\" \/>\r\n\t\t\t<div class=\"tlp-overlay\">\r\n\t\t\t\t<p class=\"link-icon\">\r\n\t\t\t\t\t\r\n\t\t\t\t\t<a href=\"https:\/\/fredavelle.fr\/index.php\/portfolio\/marche-gourmand-des-vignerons\/\" aria-label=\"March\u00e9 gourmand des vignerons\"><i class=\"demo-icon icon-link-ext\"><\/i><\/a>\r\n\t\t\t\t<\/p>\r\n\t\t\t<\/div>\r\n\t\t<\/div><div class=\"tlp-content\">\r\n\t\t\t\t\t\t<div class=\"tlp-content-holder\">\r\n\t\t\t\t\t\t\t<h3><a href=\"https:\/\/fredavelle.fr\/index.php\/portfolio\/marche-gourmand-des-vignerons\/\" aria-label=\"March\u00e9 gourmand des vignerons\">March\u00e9 gourmand des vignerons<\/a><\/h3>\r\n\t\t\t\t\t\t\t\r\n\t\t\t\t\t\t<\/div>\r\n\t\t\t\t\t<\/div>\t<\/div>\r\n<\/div>\r\n<div class=\"tlp-col-md-3 tlp-col-sm-4 tlp-col-xs-12 tlp-single-item tlp-grid-item tlp-equal-height\">\r\n\t<div class=\"tlp-portfolio-item\">\r\n\t\t\t\t\t\t\t\t\t\t\t\t<div class=\"tlp-portfolio-thum tlp-item\">\r\n\t\t\t<img loading=\"lazy\" decoding=\"async\" width=\"571\" height=\"566\" src=\"https:\/\/fredavelle.fr\/wp-content\/uploads\/2024\/09\/BD-couverture-1-e1726748470817.jpg\" class=\"img-responsive\" alt=\"\" \/>\r\n\t\t\t<div class=\"tlp-overlay\">\r\n\t\t\t\t<p class=\"link-icon\">\r\n\t\t\t\t\t\r\n\t\t\t\t\t<a href=\"https:\/\/fredavelle.fr\/index.php\/portfolio\/bettane-et-desseauve-2025\/\" aria-label=\"Bettane &amp; Desseauve 2025\"><i class=\"demo-icon icon-link-ext\"><\/i><\/a>\r\n\t\t\t\t<\/p>\r\n\t\t\t<\/div>\r\n\t\t<\/div><div class=\"tlp-content\">\r\n\t\t\t\t\t\t<div class=\"tlp-content-holder\">\r\n\t\t\t\t\t\t\t<h3><a href=\"https:\/\/fredavelle.fr\/index.php\/portfolio\/bettane-et-desseauve-2025\/\" aria-label=\"Bettane &amp; Desseauve 2025\">Bettane &amp; Desseauve 2025<\/a><\/h3>\r\n\t\t\t\t\t\t\t\r\n\t\t\t\t\t\t<\/div>\r\n\t\t\t\t\t<\/div>\t<\/div>\r\n<\/div>\r\n<div class=\"tlp-col-md-3 tlp-col-sm-4 tlp-col-xs-12 tlp-single-item tlp-grid-item tlp-equal-height\">\r\n\t<div class=\"tlp-portfolio-item\">\r\n\t\t\t\t\t\t\t\t\t\t\t\t<div class=\"tlp-portfolio-thum tlp-item\">\r\n\t\t\t<img loading=\"lazy\" decoding=\"async\" width=\"1536\" height=\"1536\" src=\"https:\/\/fredavelle.fr\/wp-content\/uploads\/2024\/09\/GH25-png7-1-e1726736516919-1536x1536.png\" class=\"img-responsive\" alt=\"\" \/>\r\n\t\t\t<div class=\"tlp-overlay\">\r\n\t\t\t\t<p class=\"link-icon\">\r\n\t\t\t\t\t\r\n\t\t\t\t\t<a href=\"https:\/\/fredavelle.fr\/index.php\/portfolio\/guide-hachette-des-vins-2025\/\" aria-label=\"Guide Hachette des vins 2025\"><i class=\"demo-icon icon-link-ext\"><\/i><\/a>\r\n\t\t\t\t<\/p>\r\n\t\t\t<\/div>\r\n\t\t<\/div><div class=\"tlp-content\">\r\n\t\t\t\t\t\t<div class=\"tlp-content-holder\">\r\n\t\t\t\t\t\t\t<h3><a href=\"https:\/\/fredavelle.fr\/index.php\/portfolio\/guide-hachette-des-vins-2025\/\" aria-label=\"Guide Hachette des vins 2025\">Guide Hachette des vins 2025<\/a><\/h3>\r\n\t\t\t\t\t\t\t\r\n\t\t\t\t\t\t<\/div>\r\n\t\t\t\t\t<\/div>\t<\/div>\r\n<\/div>\r\n<div class=\"tlp-col-md-3 tlp-col-sm-4 tlp-col-xs-12 tlp-single-item tlp-grid-item tlp-equal-height\">\r\n\t<div class=\"tlp-portfolio-item\">\r\n\t\t\t\t\t\t\t\t\t\t\t\t<div class=\"tlp-portfolio-thum tlp-item\">\r\n\t\t\t<img loading=\"lazy\" decoding=\"async\" width=\"590\" height=\"590\" src=\"https:\/\/fredavelle.fr\/wp-content\/uploads\/2023\/12\/carte-FEVER-1-e1702117811426.jpg\" class=\"img-responsive\" alt=\"\" \/>\r\n\t\t\t<div class=\"tlp-overlay\">\r\n\t\t\t\t<p class=\"link-icon\">\r\n\t\t\t\t\t\r\n\t\t\t\t\t<a href=\"https:\/\/fredavelle.fr\/index.php\/2023\/12\/09\/cocktails\/\" aria-label=\"Cocktails\"><i class=\"demo-icon icon-link-ext\"><\/i><\/a>\r\n\t\t\t\t<\/p>\r\n\t\t\t<\/div>\r\n\t\t<\/div><div class=\"tlp-content\">\r\n\t\t\t\t\t\t<div class=\"tlp-content-holder\">\r\n\t\t\t\t\t\t\t<h3><a href=\"https:\/\/fredavelle.fr\/index.php\/2023\/12\/09\/cocktails\/\" aria-label=\"Cocktails\">Cocktails<\/a><\/h3>\r\n\t\t\t\t\t\t\t\r\n\t\t\t\t\t\t<\/div>\r\n\t\t\t\t\t<\/div>\t<\/div>\r\n<\/div>\r\n<div class=\"tlp-col-md-3 tlp-col-sm-4 tlp-col-xs-12 tlp-single-item tlp-grid-item tlp-equal-height\">\r\n\t<div class=\"tlp-portfolio-item\">\r\n\t\t\t\t\t\t\t\t\t\t\t\t<div class=\"tlp-portfolio-thum tlp-item\">\r\n\t\t\t<img loading=\"lazy\" decoding=\"async\" width=\"1536\" height=\"1536\" src=\"https:\/\/fredavelle.fr\/wp-content\/uploads\/2023\/08\/Domaine-Fredavelle-18.09.2018-Renaud-Alouche-0-scaled-e1693400693534-1536x1536.jpg\" class=\"img-responsive\" alt=\"\" \/>\r\n\t\t\t<div class=\"tlp-overlay\">\r\n\t\t\t\t<p class=\"link-icon\">\r\n\t\t\t\t\t\r\n\t\t\t\t\t<a href=\"https:\/\/fredavelle.fr\/index.php\/2023\/08\/30\/une-journee-decouverte-des-vendanges\/\" aria-label=\"Journ\u00e9e d\u00e9couverte des vendanges\"><i class=\"demo-icon icon-link-ext\"><\/i><\/a>\r\n\t\t\t\t<\/p>\r\n\t\t\t<\/div>\r\n\t\t<\/div><div class=\"tlp-content\">\r\n\t\t\t\t\t\t<div class=\"tlp-content-holder\">\r\n\t\t\t\t\t\t\t<h3><a href=\"https:\/\/fredavelle.fr\/index.php\/2023\/08\/30\/une-journee-decouverte-des-vendanges\/\" aria-label=\"Journ\u00e9e d\u00e9couverte des vendanges\">Journ\u00e9e d\u00e9couverte des vendanges<\/a><\/h3>\r\n\t\t\t\t\t\t\t\r\n\t\t\t\t\t\t<\/div>\r\n\t\t\t\t\t<\/div>\t<\/div>\r\n<\/div>\r\n<div class=\"tlp-col-md-3 tlp-col-sm-4 tlp-col-xs-12 tlp-single-item tlp-grid-item tlp-equal-height\">\r\n\t<div class=\"tlp-portfolio-item\">\r\n\t\t\t\t\t\t\t\t\t\t\t\t<div class=\"tlp-portfolio-thum tlp-item\">\r\n\t\t\t<img loading=\"lazy\" decoding=\"async\" width=\"474\" height=\"474\" src=\"https:\/\/fredavelle.fr\/wp-content\/uploads\/2023\/03\/Verres-e1679389553997.jpg\" class=\"img-responsive\" alt=\"\" \/>\r\n\t\t\t<div class=\"tlp-overlay\">\r\n\t\t\t\t<p class=\"link-icon\">\r\n\t\t\t\t\t\r\n\t\t\t\t\t<a href=\"https:\/\/fredavelle.fr\/index.php\/2023\/03\/21\/reouverture-du-domaine-les-samedis-mise-en-place-des-ateliers\/\" aria-label=\"R\u00e9ouverture du domaine les samedis &#038; mise en place des ateliers\u00a0\"><i class=\"demo-icon icon-link-ext\"><\/i><\/a>\r\n\t\t\t\t<\/p>\r\n\t\t\t<\/div>\r\n\t\t<\/div><div class=\"tlp-content\">\r\n\t\t\t\t\t\t<div class=\"tlp-content-holder\">\r\n\t\t\t\t\t\t\t<h3><a href=\"https:\/\/fredavelle.fr\/index.php\/2023\/03\/21\/reouverture-du-domaine-les-samedis-mise-en-place-des-ateliers\/\" aria-label=\"R\u00e9ouverture du domaine les samedis &#038; mise en place des ateliers\u00a0\">R\u00e9ouverture du domaine les samedis &#038; mise en place des ateliers\u00a0<\/a><\/h3>\r\n\t\t\t\t\t\t\t\r\n\t\t\t\t\t\t<\/div>\r\n\t\t\t\t\t<\/div>\t<\/div>\r\n<\/div>\r\n<div class=\"tlp-col-md-3 tlp-col-sm-4 tlp-col-xs-12 tlp-single-item tlp-grid-item tlp-equal-height\">\r\n\t<div class=\"tlp-portfolio-item\">\r\n\t\t\t\t\t\t\t\t\t\t\t\t<div class=\"tlp-portfolio-thum tlp-item\">\r\n\t\t\t<img loading=\"lazy\" decoding=\"async\" width=\"710\" height=\"710\" src=\"https:\/\/fredavelle.fr\/wp-content\/uploads\/2023\/01\/01_Medailles-0R_23-1.jpg\" class=\"img-responsive\" alt=\"\" \/>\r\n\t\t\t<div class=\"tlp-overlay\">\r\n\t\t\t\t<p class=\"link-icon\">\r\n\t\t\t\t\t\r\n\t\t\t\t\t<a href=\"https:\/\/fredavelle.fr\/index.php\/2023\/01\/20\/medaille-dor-pour-la-cuvee-domaine-rose-2022\/\" aria-label=\"M\u00e9daille d&#8217;Or Challenge Mill\u00e9sime Bio 2023\"><i class=\"demo-icon icon-link-ext\"><\/i><\/a>\r\n\t\t\t\t<\/p>\r\n\t\t\t<\/div>\r\n\t\t<\/div><div class=\"tlp-content\">\r\n\t\t\t\t\t\t<div class=\"tlp-content-holder\">\r\n\t\t\t\t\t\t\t<h3><a href=\"https:\/\/fredavelle.fr\/index.php\/2023\/01\/20\/medaille-dor-pour-la-cuvee-domaine-rose-2022\/\" aria-label=\"M\u00e9daille d&#8217;Or Challenge Mill\u00e9sime Bio 2023\">M\u00e9daille d&#8217;Or Challenge Mill\u00e9sime Bio 2023<\/a><\/h3>\r\n\t\t\t\t\t\t\t\r\n\t\t\t\t\t\t<\/div>\r\n\t\t\t\t\t<\/div>\t<\/div>\r\n<\/div>\r\n<\/div><div class=\"tlp-pagination-wrap\" data-total-pages=\"3\" data-posts-per-page=\"12\"><ul class=\"tlp-pagination\"><li class=\"disabled hidden-xs\"><span><span aria-hidden=\"true\">Page 1 of 3<\/span><\/span><\/li><li class=\"active\"><span>1<\/span><\/li><li><a href=\"https:\/\/fredavelle.fr\/index.php\/wp-json\/wp\/v2\/pages\/1823\/page\/2\/\">2<\/a><\/li><li><a href=\"https:\/\/fredavelle.fr\/index.php\/wp-json\/wp\/v2\/pages\/1823\/page\/3\/\">3<\/a><\/li><\/ul><\/div><\/div>","protected":false},"excerpt":{"rendered":"","protected":false},"author":1,"featured_media":0,"parent":0,"menu_order":0,"comment_status":"closed","ping_status":"closed","template":"page-templates\/full-width-builder-bb.php","meta":{"_uag_custom_page_level_css":"","inspiro_hide_title":false,"footnotes":""},"class_list":["post-1823","page","type-page","status-publish","hentry"],"yoast_head":"<!-- This site is optimized with the Yoast SEO plugin v27.4 - https:\/\/yoast.com\/product\/yoast-seo-wordpress\/ -->\n<title>Actualit\u00e9s du Domaine<\/title>\n<meta name=\"description\" content=\"D\u00e9couvrez l&#039;actualit\u00e9 du Domaine en image | Nouveaut\u00e9s, troph\u00e9s, m\u00e9dailles, innovations ...\" \/>\n<meta name=\"robots\" content=\"index, follow, max-snippet:-1, max-image-preview:large, max-video-preview:-1\" \/>\n<link rel=\"canonical\" href=\"https:\/\/fredavelle.fr\/index.php\/actualites\/\" \/>\n<meta property=\"og:locale\" content=\"fr_FR\" \/>\n<meta property=\"og:type\" content=\"article\" \/>\n<meta property=\"og:title\" content=\"Actualit\u00e9s du Domaine\" \/>\n<meta property=\"og:description\" content=\"D\u00e9couvrez l&#039;actualit\u00e9 du Domaine en image | Nouveaut\u00e9s, troph\u00e9s, m\u00e9dailles, innovations ...\" \/>\n<meta property=\"og:url\" content=\"https:\/\/fredavelle.fr\/index.php\/actualites\/\" \/>\n<meta property=\"article:publisher\" content=\"https:\/\/www.facebook.com\/domainefredavelle\" \/>\n<meta property=\"article:modified_time\" content=\"2025-04-12T14:30:19+00:00\" \/>\n<meta name=\"twitter:card\" content=\"summary_large_image\" \/>\n<script type=\"application\/ld+json\" class=\"yoast-schema-graph\">{\"@context\":\"https:\\\/\\\/schema.org\",\"@graph\":[{\"@type\":\"WebPage\",\"@id\":\"https:\\\/\\\/fredavelle.fr\\\/index.php\\\/actualites\\\/\",\"url\":\"https:\\\/\\\/fredavelle.fr\\\/index.php\\\/actualites\\\/\",\"name\":\"Actualit\u00e9s du Domaine\",\"isPartOf\":{\"@id\":\"https:\\\/\\\/fredavelle.fr\\\/#website\"},\"datePublished\":\"2023-11-10T16:30:30+00:00\",\"dateModified\":\"2025-04-12T14:30:19+00:00\",\"description\":\"D\u00e9couvrez l'actualit\u00e9 du Domaine en image | Nouveaut\u00e9s, troph\u00e9s, m\u00e9dailles, innovations ...\",\"breadcrumb\":{\"@id\":\"https:\\\/\\\/fredavelle.fr\\\/index.php\\\/actualites\\\/#breadcrumb\"},\"inLanguage\":\"fr-FR\",\"potentialAction\":[{\"@type\":\"ReadAction\",\"target\":[\"https:\\\/\\\/fredavelle.fr\\\/index.php\\\/actualites\\\/\"]}]},{\"@type\":\"BreadcrumbList\",\"@id\":\"https:\\\/\\\/fredavelle.fr\\\/index.php\\\/actualites\\\/#breadcrumb\",\"itemListElement\":[{\"@type\":\"ListItem\",\"position\":1,\"name\":\"Accueil\",\"item\":\"https:\\\/\\\/fredavelle.fr\\\/\"},{\"@type\":\"ListItem\",\"position\":2,\"name\":\"ACTUALITES\"}]},{\"@type\":\"WebSite\",\"@id\":\"https:\\\/\\\/fredavelle.fr\\\/#website\",\"url\":\"https:\\\/\\\/fredavelle.fr\\\/\",\"name\":\"Domaine Fredavelle\",\"description\":\"vignerons en coteaux d&#039;aix-en-provence\",\"publisher\":{\"@id\":\"https:\\\/\\\/fredavelle.fr\\\/#organization\"},\"potentialAction\":[{\"@type\":\"SearchAction\",\"target\":{\"@type\":\"EntryPoint\",\"urlTemplate\":\"https:\\\/\\\/fredavelle.fr\\\/?s={search_term_string}\"},\"query-input\":{\"@type\":\"PropertyValueSpecification\",\"valueRequired\":true,\"valueName\":\"search_term_string\"}}],\"inLanguage\":\"fr-FR\"},{\"@type\":\"Organization\",\"@id\":\"https:\\\/\\\/fredavelle.fr\\\/#organization\",\"name\":\"Domaine Fredavelle\",\"url\":\"https:\\\/\\\/fredavelle.fr\\\/\",\"logo\":{\"@type\":\"ImageObject\",\"inLanguage\":\"fr-FR\",\"@id\":\"https:\\\/\\\/fredavelle.fr\\\/#\\\/schema\\\/logo\\\/image\\\/\",\"url\":\"https:\\\/\\\/fredavelle.fr\\\/wp-content\\\/uploads\\\/2024\\\/08\\\/logo-pied-de-page-313.png\",\"contentUrl\":\"https:\\\/\\\/fredavelle.fr\\\/wp-content\\\/uploads\\\/2024\\\/08\\\/logo-pied-de-page-313.png\",\"width\":313,\"height\":313,\"caption\":\"Domaine Fredavelle\"},\"image\":{\"@id\":\"https:\\\/\\\/fredavelle.fr\\\/#\\\/schema\\\/logo\\\/image\\\/\"},\"sameAs\":[\"https:\\\/\\\/www.facebook.com\\\/domainefredavelle\",\"https:\\\/\\\/www.instagram.com\\\/domainefredavelle\"]}]}<\/script>\n<!-- \/ Yoast SEO plugin. -->","yoast_head_json":{"title":"Actualit\u00e9s du Domaine","description":"D\u00e9couvrez l'actualit\u00e9 du Domaine en image | Nouveaut\u00e9s, troph\u00e9s, m\u00e9dailles, innovations ...","robots":{"index":"index","follow":"follow","max-snippet":"max-snippet:-1","max-image-preview":"max-image-preview:large","max-video-preview":"max-video-preview:-1"},"canonical":"https:\/\/fredavelle.fr\/index.php\/actualites\/","og_locale":"fr_FR","og_type":"article","og_title":"Actualit\u00e9s du Domaine","og_description":"D\u00e9couvrez l'actualit\u00e9 du Domaine en image | Nouveaut\u00e9s, troph\u00e9s, m\u00e9dailles, innovations ...","og_url":"https:\/\/fredavelle.fr\/index.php\/actualites\/","article_publisher":"https:\/\/www.facebook.com\/domainefredavelle","article_modified_time":"2025-04-12T14:30:19+00:00","twitter_card":"summary_large_image","schema":{"@context":"https:\/\/schema.org","@graph":[{"@type":"WebPage","@id":"https:\/\/fredavelle.fr\/index.php\/actualites\/","url":"https:\/\/fredavelle.fr\/index.php\/actualites\/","name":"Actualit\u00e9s du Domaine","isPartOf":{"@id":"https:\/\/fredavelle.fr\/#website"},"datePublished":"2023-11-10T16:30:30+00:00","dateModified":"2025-04-12T14:30:19+00:00","description":"D\u00e9couvrez l'actualit\u00e9 du Domaine en image | Nouveaut\u00e9s, troph\u00e9s, m\u00e9dailles, innovations ...","breadcrumb":{"@id":"https:\/\/fredavelle.fr\/index.php\/actualites\/#breadcrumb"},"inLanguage":"fr-FR","potentialAction":[{"@type":"ReadAction","target":["https:\/\/fredavelle.fr\/index.php\/actualites\/"]}]},{"@type":"BreadcrumbList","@id":"https:\/\/fredavelle.fr\/index.php\/actualites\/#breadcrumb","itemListElement":[{"@type":"ListItem","position":1,"name":"Accueil","item":"https:\/\/fredavelle.fr\/"},{"@type":"ListItem","position":2,"name":"ACTUALITES"}]},{"@type":"WebSite","@id":"https:\/\/fredavelle.fr\/#website","url":"https:\/\/fredavelle.fr\/","name":"Domaine Fredavelle","description":"vignerons en coteaux d&#039;aix-en-provence","publisher":{"@id":"https:\/\/fredavelle.fr\/#organization"},"potentialAction":[{"@type":"SearchAction","target":{"@type":"EntryPoint","urlTemplate":"https:\/\/fredavelle.fr\/?s={search_term_string}"},"query-input":{"@type":"PropertyValueSpecification","valueRequired":true,"valueName":"search_term_string"}}],"inLanguage":"fr-FR"},{"@type":"Organization","@id":"https:\/\/fredavelle.fr\/#organization","name":"Domaine Fredavelle","url":"https:\/\/fredavelle.fr\/","logo":{"@type":"ImageObject","inLanguage":"fr-FR","@id":"https:\/\/fredavelle.fr\/#\/schema\/logo\/image\/","url":"https:\/\/fredavelle.fr\/wp-content\/uploads\/2024\/08\/logo-pied-de-page-313.png","contentUrl":"https:\/\/fredavelle.fr\/wp-content\/uploads\/2024\/08\/logo-pied-de-page-313.png","width":313,"height":313,"caption":"Domaine Fredavelle"},"image":{"@id":"https:\/\/fredavelle.fr\/#\/schema\/logo\/image\/"},"sameAs":["https:\/\/www.facebook.com\/domainefredavelle","https:\/\/www.instagram.com\/domainefredavelle"]}]}},"uagb_featured_image_src":{"full":false,"thumbnail":false,"medium":false,"medium_large":false,"large":false,"1536x1536":false,"2048x2048":false,"inspiro-featured-image":false,"inspiro-loop":false,"inspiro-loop@2x":false,"tlp-portfolio-thumb":false},"uagb_author_info":{"display_name":"Domaine Fredavelle","author_link":"https:\/\/fredavelle.fr\/index.php\/author\/wordpress-owi\/"},"uagb_comment_info":0,"uagb_excerpt":null,"_links":{"self":[{"href":"https:\/\/fredavelle.fr\/index.php\/wp-json\/wp\/v2\/pages\/1823","targetHints":{"allow":["GET"]}}],"collection":[{"href":"https:\/\/fredavelle.fr\/index.php\/wp-json\/wp\/v2\/pages"}],"about":[{"href":"https:\/\/fredavelle.fr\/index.php\/wp-json\/wp\/v2\/types\/page"}],"author":[{"embeddable":true,"href":"https:\/\/fredavelle.fr\/index.php\/wp-json\/wp\/v2\/users\/1"}],"replies":[{"embeddable":true,"href":"https:\/\/fredavelle.fr\/index.php\/wp-json\/wp\/v2\/comments?post=1823"}],"version-history":[{"count":27,"href":"https:\/\/fredavelle.fr\/index.php\/wp-json\/wp\/v2\/pages\/1823\/revisions"}],"predecessor-version":[{"id":3456,"href":"https:\/\/fredavelle.fr\/index.php\/wp-json\/wp\/v2\/pages\/1823\/revisions\/3456"}],"wp:attachment":[{"href":"https:\/\/fredavelle.fr\/index.php\/wp-json\/wp\/v2\/media?parent=1823"}],"curies":[{"name":"wp","href":"https:\/\/api.w.org\/{rel}","templated":true}]}}